{"id":18436,"date":"2022-06-03T07:39:29","date_gmt":"2022-06-03T07:39:29","guid":{"rendered":"https:\/\/team.wellvivo.at\/onboarding-inglese\/"},"modified":"2024-04-08T06:16:02","modified_gmt":"2024-04-08T06:16:02","slug":"onboarding-inglese","status":"publish","type":"page","link":"https:\/\/team.wellvivo.at\/it\/onboarding-inglese\/","title":{"rendered":"Onboarding &#8211; Inglese"},"content":{"rendered":"\n<p>Benvenuti nel \u201cTeam WellVivo\u201d che fa parte del team \u201cGame Changer Nation\u201d e che a sua volta fa parte del team \u201c1mondo Global\u201d. \u201c1mondo Global\u201d \u00e8 uno dei pi\u00f9 grandi team internazionali di Zinzino e Marco Passanante \u00e8 il nostro leader. Al momento non siamo ancora in grado di fornire una versione completa in inglese del nostro sito di squadra, quindi vi invitiamo a trovare i passi pi\u00f9 importanti per iniziare in questa pagina:<\/p>\n\n<h2 class=\"wp-block-heading\">1\u00b0 giorno:<\/h2>\n\n<p>Ordinare un pacchetto iniziale e configurare Z4F AutoOrder<\/p>\n\n<h2 class=\"wp-block-heading\">1\u00b0 \u2013 3\u00b0 giorno:<\/h2>\n\n<p><strong>Formazione iniziale:<\/strong><\/p>\n\n<ol class=\"wp-block-list\"><li>Definite il vostro obiettivo e il vostro \u201cperch\u00e9\u201d<\/li><li>Stabilire la data di cessazione del lavoro (se l\u2019obiettivo \u00e8 quello di avere un impiego a tempo pieno con Zinzino)<\/li><li>Creare un elenco di 100 potenziali clienti<br\/>a. Segnate i 10 punti pi\u00f9 facili e  <br\/>b. 10 persone migliori<\/li><li>Creare un programma settimanale:<br\/>a. Inserite IPA \u2013 Attivit\u00e0 di produzione del reddito (LG \u2013 Lead Generation, I \u2013 Invitation, BP \u2013 Business Presentation, 2on1, Coaching) e create il calcolo della quota per l\u2019obiettivo di 30 e 60 giorni (30 giorni: 4 punti cliente\/30 giorni: 375 crediti (2-4 partner a destra e a sinistra)\/60 giorni: 10 punti cliente).<br\/>b. Inserire le date dei prossimi eventi (BP, convocazione del team, kick-off).<\/li><li>Invito ai gruppi Facebook \u201cGame Changer Nation\u201d e \u201c1Mondo Global\u201d, gruppo Telegram \u201cZinzino-Team\u201d.<\/li><li>Info su zinzino.tv, zinzinohub, go core app<\/li><li>Attivazione<br\/>a. Organizzare i primi 10 appuntamenti con lo sponsor (offline, zoomate, conferenze telefoniche).<br\/>b. Fissare 6 appuntamenti di coaching per le prossime 6 settimane con lo sponsor.<\/li><li>Acquistare un biglietto per il prossimo evento (Leaderschool, evento annuale, evento 1MondoGlobal, ecc.)<br\/><br\/><strong>Obiettivi da 30 a 60 giorni: (Bonus di avvio rapido)<\/strong><br\/><br\/>Bronzo intelligente:  <br\/><br\/>Argento veloce:  <br\/><br\/>X Team Express:<\/li><\/ol>\n\n<h2 class=\"wp-block-heading\">Primo mese:<\/h2>\n\n<ol class=\"wp-block-list\" id=\"block-f60e8ebf-13af-46cc-87e1-03821bac19bd\"><li>Fissare ogni giorno almeno un appuntamento con il cliente con lo sponsor<\/li><li>Visualizza tutti i video (video di prodotto e di presentazione, nonch\u00e9 spiegazioni di back office) sulla pagina \u201cteam.wellvivo.at<\/li><li>Nomine di coach:<br\/>a. Selezionate un libro dalla lista dei libri consigliati sul tema della vendita diretta e uno dei libri del Dr. Paul Clayton.<br\/>b. Coaching sui temi: LG, I, BP, formazione di nuovi partner<\/li><\/ol>\n\n<h2 class=\"wp-block-heading\">Ecco alcuni video di formazione per iniziare:<\/h2>\n\n<figure class=\"wp-block-embed is-type-video is-provider-vimeo wp-block-embed-vimeo wp-embed-aspect-16-9 wp-has-aspect-ratio\"><div class=\"wp-block-embed__wrapper\">\n<iframe loading=\"lazy\" title=\"Get started\" src=\"https:\/\/player.vimeo.com\/video\/644287420?dnt=1&app_id=122963\" width=\"720\" height=\"405\" frameborder=\"0\" allow=\"autoplay; fullscreen; picture-in-picture; clipboard-write\"><\/iframe>\n<\/div><\/figure>\n\n<figure class=\"wp-block-embed aligncenter is-type-video is-provider-youtube wp-block-embed-youtube wp-embed-aspect-4-3 wp-has-aspect-ratio\"><div class=\"wp-block-embed__wrapper\">\n<iframe loading=\"lazy\" title=\"NEW GST with Crown Dave Ives\" width=\"720\" height=\"540\" src=\"https:\/\/www.youtube.com\/embed\/5DFWorOCS8s?feature=oembed\" frameborder=\"0\" allow=\"accelerometer; autoplay; clipboard-write; encrypted-media; gyroscope; picture-in-picture; web-share\" referrerpolicy=\"strict-origin-when-cross-origin\" allowfullscreen><\/iframe>\n<\/div><\/figure>\n\n<figure class=\"wp-block-embed aligncenter is-type-video is-provider-youtube wp-block-embed-youtube wp-embed-aspect-4-3 wp-has-aspect-ratio\"><div class=\"wp-block-embed__wrapper\">\n<iframe loading=\"lazy\" title=\"Smart Bronze & Auto Order Z4F\" width=\"720\" height=\"540\" src=\"https:\/\/www.youtube.com\/embed\/6sMROArQBcs?feature=oembed\" frameborder=\"0\" allow=\"accelerometer; autoplay; clipboard-write; encrypted-media; gyroscope; picture-in-picture; web-share\" referrerpolicy=\"strict-origin-when-cross-origin\" allowfullscreen><\/iframe>\n<\/div><\/figure>\n\n<figure class=\"wp-block-embed is-type-video is-provider-youtube wp-block-embed-youtube wp-embed-aspect-16-9 wp-has-aspect-ratio\"><div class=\"wp-block-embed__wrapper\">\n<iframe loading=\"lazy\" title=\"HOW TO Register Customers (Two Ways)\" width=\"720\" height=\"405\" src=\"https:\/\/www.youtube.com\/embed\/zSrd_9YHnXA?feature=oembed\" frameborder=\"0\" allow=\"accelerometer; autoplay; clipboard-write; encrypted-media; gyroscope; picture-in-picture; web-share\" referrerpolicy=\"strict-origin-when-cross-origin\" allowfullscreen><\/iframe>\n<\/div><\/figure>\n\n<figure class=\"wp-block-embed aligncenter is-type-video is-provider-youtube wp-block-embed-youtube wp-embed-aspect-16-9 wp-has-aspect-ratio\"><div class=\"wp-block-embed__wrapper\">\n<iframe loading=\"lazy\" title=\"Weekly Team Commissions and CAB\" width=\"720\" height=\"405\" src=\"https:\/\/www.youtube.com\/embed\/8Fzaup2uQ5k?feature=oembed\" frameborder=\"0\" allow=\"accelerometer; autoplay; clipboard-write; encrypted-media; gyroscope; picture-in-picture; web-share\" referrerpolicy=\"strict-origin-when-cross-origin\" allowfullscreen><\/iframe>\n<\/div><\/figure>\n\n<figure class=\"wp-block-embed is-type-video is-provider-youtube wp-block-embed-youtube wp-embed-aspect-16-9 wp-has-aspect-ratio\"><div class=\"wp-block-embed__wrapper\">\n<iframe loading=\"lazy\" title=\"Compensation plan by Hilde Saele\" width=\"720\" height=\"405\" src=\"https:\/\/www.youtube.com\/embed\/_VaQ20n0kWc?feature=oembed\" frameborder=\"0\" allow=\"accelerometer; autoplay; clipboard-write; encrypted-media; gyroscope; picture-in-picture; web-share\" referrerpolicy=\"strict-origin-when-cross-origin\" allowfullscreen><\/iframe>\n<\/div><\/figure>\n\n<h2 class=\"wp-block-heading\">E ora i prodotti:<\/h2>\n\n<figure class=\"wp-block-embed aligncenter is-type-video is-provider-youtube wp-block-embed-youtube wp-embed-aspect-16-9 wp-has-aspect-ratio\"><div class=\"wp-block-embed__wrapper\">\n<iframe loading=\"lazy\" title=\"health begins on the inside - Hilde Saele\" width=\"720\" height=\"405\" src=\"https:\/\/www.youtube.com\/embed\/CwIHYLhj1iA?feature=oembed\" frameborder=\"0\" allow=\"accelerometer; autoplay; clipboard-write; encrypted-media; gyroscope; picture-in-picture; web-share\" referrerpolicy=\"strict-origin-when-cross-origin\" allowfullscreen><\/iframe>\n<\/div><\/figure>\n\n<figure class=\"wp-block-embed is-type-video is-provider-youtube wp-block-embed-youtube wp-embed-aspect-16-9 wp-has-aspect-ratio\"><div class=\"wp-block-embed__wrapper\">\n<iframe loading=\"lazy\" title=\"How to take the BalanceTest?\" width=\"720\" height=\"405\" src=\"https:\/\/www.youtube.com\/embed\/J-RDiTFDte8?feature=oembed\" frameborder=\"0\" allow=\"accelerometer; autoplay; clipboard-write; encrypted-media; gyroscope; picture-in-picture; web-share\" referrerpolicy=\"strict-origin-when-cross-origin\" allowfullscreen><\/iframe>\n<\/div><figcaption>Questo \u00e8 un video di istruzioni da condividere con i clienti:<br><a href=\"https:\/\/youtu.be\/J-RDiTFDte8\" target=\"_blank\" rel=\"noreferrer noopener\">https:\/\/youtu.be\/J-RDiTFDte8<\/a><\/figcaption><\/figure>\n\n<figure class=\"wp-block-embed aligncenter is-type-video is-provider-youtube wp-block-embed-youtube wp-embed-aspect-16-9 wp-has-aspect-ratio\"><div class=\"wp-block-embed__wrapper\">\n<iframe loading=\"lazy\" title=\"Dr Paul Clayton  - The benefits of the zinzino products\" width=\"720\" height=\"405\" src=\"https:\/\/www.youtube.com\/embed\/mxjtzBg4lTA?feature=oembed\" frameborder=\"0\" allow=\"accelerometer; autoplay; clipboard-write; encrypted-media; gyroscope; picture-in-picture; web-share\" referrerpolicy=\"strict-origin-when-cross-origin\" allowfullscreen><\/iframe>\n<\/div><\/figure>\n\n<figure class=\"wp-block-embed aligncenter is-type-video is-provider-youtube wp-block-embed-youtube wp-embed-aspect-16-9 wp-has-aspect-ratio\"><div class=\"wp-block-embed__wrapper\">\n<iframe loading=\"lazy\" title=\"Dr Paul Clayton - 12 mins\" width=\"720\" height=\"405\" src=\"https:\/\/www.youtube.com\/embed\/s78lGFFm9wk?feature=oembed\" frameborder=\"0\" allow=\"accelerometer; autoplay; clipboard-write; encrypted-media; gyroscope; picture-in-picture; web-share\" referrerpolicy=\"strict-origin-when-cross-origin\" allowfullscreen><\/iframe>\n<\/div><\/figure>\n\n<figure class=\"wp-block-embed aligncenter is-type-video is-provider-youtube wp-block-embed-youtube wp-embed-aspect-16-9 wp-has-aspect-ratio\"><div class=\"wp-block-embed__wrapper\">\n<iframe loading=\"lazy\" title=\"Leanshake with Dr  Paul Clayton\" width=\"720\" height=\"405\" src=\"https:\/\/www.youtube.com\/embed\/Wiv0W0JASs8?feature=oembed\" frameborder=\"0\" allow=\"accelerometer; autoplay; clipboard-write; encrypted-media; gyroscope; picture-in-picture; web-share\" referrerpolicy=\"strict-origin-when-cross-origin\" allowfullscreen><\/iframe>\n<\/div><\/figure>\n\n<h2 class=\"wp-block-heading\">Presentazioni per clienti e potenziali partner commerciali:<\/h2>\n\n<p>Potete condividere questi link con i vostri potenziali clienti!<\/p>\n\n<figure class=\"wp-block-embed aligncenter is-type-video is-provider-youtube wp-block-embed-youtube wp-embed-aspect-4-3 wp-has-aspect-ratio\"><div class=\"wp-block-embed__wrapper\">\n<iframe loading=\"lazy\" title=\"Product Overview EU\" width=\"720\" height=\"540\" src=\"https:\/\/www.youtube.com\/embed\/lkTRGrh3IVU?feature=oembed\" frameborder=\"0\" allow=\"accelerometer; autoplay; clipboard-write; encrypted-media; gyroscope; picture-in-picture; web-share\" referrerpolicy=\"strict-origin-when-cross-origin\" allowfullscreen><\/iframe>\n<\/div><figcaption>Presentazione del prodotto<br><a href=\"https:\/\/youtu.be\/lkTRGrh3IVU\" target=\"_blank\" rel=\"noreferrer noopener\">https:\/\/youtu.be\/lkTRGrh3IVU<\/a><\/figcaption><\/figure>\n\n<figure class=\"wp-block-embed aligncenter is-type-video is-provider-youtube wp-block-embed-youtube wp-embed-aspect-4-3 wp-has-aspect-ratio\"><div class=\"wp-block-embed__wrapper\">\n<iframe loading=\"lazy\" title=\"Business Overview May 12th 21\" width=\"720\" height=\"540\" src=\"https:\/\/www.youtube.com\/embed\/rO4kg7vdY80?feature=oembed\" frameborder=\"0\" allow=\"accelerometer; autoplay; clipboard-write; encrypted-media; gyroscope; picture-in-picture; web-share\" referrerpolicy=\"strict-origin-when-cross-origin\" allowfullscreen><\/iframe>\n<\/div><figcaption>Panoramica dell\u2019azienda<br><a href=\"https:\/\/youtu.be\/rO4kg7vdY80\" target=\"_blank\" rel=\"noreferrer noopener\">https:\/\/youtu.be\/rO4kg7vdY80<\/a><\/figcaption><\/figure>\n","protected":false},"excerpt":{"rendered":"<p>Benvenuti nel \u201cTeam WellVivo\u201d che fa parte del team \u201cGame Changer Nation\u201d e che a sua volta fa parte del &hellip; <a href=\"https:\/\/team.wellvivo.at\/it\/onboarding-inglese\/\" class=\"more-link\">Continua a leggere<span class=\"screen-reader-text\"> &#8220;Onboarding &#8211; Inglese&#8221;<\/span><\/a><\/p>\n","protected":false},"author":1,"featured_media":0,"parent":0,"menu_order":0,"comment_status":"closed","ping_status":"closed","template":"","meta":{"_coblocks_attr":"","_coblocks_dimensions":"","_coblocks_responsive_height":"","_coblocks_accordion_ie_support":"","_uag_custom_page_level_css":"","footnotes":""},"class_list":["post-18436","page","type-page","status-publish","hentry"],"uagb_featured_image_src":{"full":false,"thumbnail":false,"medium":false,"medium_large":false,"large":false,"1536x1536":false,"2048x2048":false,"buddyx-featured":false,"buddyx-large":false,"buddyx-list":false,"buddyx-col-two":false,"buddyx-col-three":false},"uagb_author_info":{"display_name":"Sascha","author_link":"https:\/\/team.wellvivo.at\/it\/author\/himmelstuermer\/"},"uagb_comment_info":0,"uagb_excerpt":"Benvenuti nel \u201cTeam WellVivo\u201d che fa parte del team \u201cGame Changer Nation\u201d e che a sua volta fa parte del &hellip; Continua a leggere \"Onboarding &#8211; Inglese\"","_links":{"self":[{"href":"https:\/\/team.wellvivo.at\/it\/wp-json\/wp\/v2\/pages\/18436","targetHints":{"allow":["GET"]}}],"collection":[{"href":"https:\/\/team.wellvivo.at\/it\/wp-json\/wp\/v2\/pages"}],"about":[{"href":"https:\/\/team.wellvivo.at\/it\/wp-json\/wp\/v2\/types\/page"}],"author":[{"embeddable":true,"href":"https:\/\/team.wellvivo.at\/it\/wp-json\/wp\/v2\/users\/1"}],"replies":[{"embeddable":true,"href":"https:\/\/team.wellvivo.at\/it\/wp-json\/wp\/v2\/comments?post=18436"}],"version-history":[{"count":2,"href":"https:\/\/team.wellvivo.at\/it\/wp-json\/wp\/v2\/pages\/18436\/revisions"}],"predecessor-version":[{"id":18454,"href":"https:\/\/team.wellvivo.at\/it\/wp-json\/wp\/v2\/pages\/18436\/revisions\/18454"}],"wp:attachment":[{"href":"https:\/\/team.wellvivo.at\/it\/wp-json\/wp\/v2\/media?parent=18436"}],"curies":[{"name":"wp","href":"https:\/\/api.w.org\/{rel}","templated":true}]}}