{"id":18435,"date":"2021-10-15T13:41:36","date_gmt":"2021-10-15T13:41:36","guid":{"rendered":"https:\/\/team.wellvivo.at\/pagina-iniziale\/"},"modified":"2024-04-15T10:42:17","modified_gmt":"2024-04-15T10:42:17","slug":"pagina-iniziale","status":"publish","type":"page","link":"https:\/\/team.wellvivo.at\/it\/","title":{"rendered":"Pagina iniziale"},"content":{"rendered":"\n<div class=\"wp-block-cover alignfull is-light\" style=\"min-height:800px;aspect-ratio:unset;\"><span aria-hidden=\"true\" class=\"wp-block-cover__background has-theme-secondary-background-color has-background-dim\"><\/span><img loading=\"lazy\" decoding=\"async\" width=\"2560\" height=\"1707\" class=\"wp-block-cover__image-background wp-image-10834\" alt=\"\" src=\"https:\/\/team.wellvivo.at\/wp-content\/uploads\/2022\/09\/IP-Image-Hiking-2-web-scaled.jpg\" data-object-fit=\"cover\" srcset=\"https:\/\/team.wellvivo.at\/wp-content\/uploads\/2022\/09\/IP-Image-Hiking-2-web-scaled.jpg 2560w, https:\/\/team.wellvivo.at\/wp-content\/uploads\/2022\/09\/IP-Image-Hiking-2-web-300x200.jpg 300w, https:\/\/team.wellvivo.at\/wp-content\/uploads\/2022\/09\/IP-Image-Hiking-2-web-1024x683.jpg 1024w, https:\/\/team.wellvivo.at\/wp-content\/uploads\/2022\/09\/IP-Image-Hiking-2-web-768x512.jpg 768w, https:\/\/team.wellvivo.at\/wp-content\/uploads\/2022\/09\/IP-Image-Hiking-2-web-1536x1024.jpg 1536w, https:\/\/team.wellvivo.at\/wp-content\/uploads\/2022\/09\/IP-Image-Hiking-2-web-2048x1365.jpg 2048w, https:\/\/team.wellvivo.at\/wp-content\/uploads\/2022\/09\/IP-Image-Hiking-2-web-450x300.jpg 450w\" sizes=\"auto, 100vw\" \/><div class=\"wp-block-cover__inner-container is-layout-flow wp-block-cover-is-layout-flow\">\n<h3 class=\"has-text-align-center has-theme-white-color has-text-color wp-block-heading\">Piattaforma di formazione per i partner di vendita indipendenti di Zinzino<\/h3>\n\n\n\n<h1 class=\"has-text-align-center has-theme-white-color has-text-color wp-block-heading\">Benvenuti nel nostro sito web!<\/h1>\n\n\n\n<p class=\"has-text-align-center has-theme-white-color has-text-color\">In qualit\u00e0 di partner commerciale di Zinzino, troverete qui tutte le informazioni necessarie per costruire con successo la vostra attivit\u00e0!  <br\/>Organizzato in corsi con diverse lezioni, ciascuna con test a scelta multipla per l&#8217;autoverifica,  <br\/>per i vostri progressi individuali.<\/p>\n\n\n\n<div class=\"wp-block-buttons is-horizontal is-content-justification-center is-layout-flex wp-container-core-buttons-is-layout-03627597 wp-block-buttons-is-layout-flex\">\n<div class=\"wp-block-button is-style-fill\"><a class=\"wp-block-button__link has-ast-global-color-2-color has-theme-blue-background-color has-text-color has-background\" href=\"https:\/\/team.wellvivo.at\/it\/presentazione-video\/\"><strong>Cosa offre la piattaforma?<\/strong><\/a><\/div>\n\n\n\n<div class=\"wp-block-button is-style-fill\"><a class=\"wp-block-button__link has-ast-global-color-2-color has-theme-blue-background-color has-text-color has-background\" href=\"https:\/\/team.wellvivo.at\/it\/?page_id=18419\" rel=\"#\"><strong>Modelli di abbonamento<\/strong><\/a><\/div>\n\n\n\n<div class=\"wp-block-button\"><a class=\"wp-block-button__link has-ast-global-color-5-color has-theme-blue-background-color has-text-color has-background\" href=\"https:\/\/team.wellvivo.at\/it\/?page_id=18380\"><strong>Feedback dei clienti<\/strong><\/a><\/div>\n<\/div>\n<\/div><\/div>\n\n<div class=\"wp-block-uagb-testimonial uagb-slick-carousel uagb-tm__arrow-outside uagb-block-ade3851d uagb-post__carousel_equal-height\"><div class=\"is-carousel uagb-tm__columns-3 uagb-tm__items\"><div class=\"uagb-testimonial__wrap  uagb-tm__imgicon-style-circle uagb-tm__image-position-bottom uagb-tm__bg-type-color \"><div class=\"uagb-tm__content\"><div class=\"uagb-tm__overlay\"><\/div><div class=\"uagb-tm__text-wrap\"><div class=\"uagb-tm__desc\">Il sito ha un aspetto molto accattivante e fa venire voglia di saperne di pi\u00f9. Sono iscritta e non vedo l&#8217;ora di affrontare il corso! Grazie ad entrambi!<\/div><div class=\"uagb-tm__meta-inner\"><div class=\"uagb-testimonial-details\"><span class=\"uagb-tm__author-name\">Un utente  <\/span><span class=\"uagb-tm__company\"><\/span><\/div><\/div><\/div><\/div><\/div><div class=\"uagb-testimonial__wrap  uagb-tm__imgicon-style-circle uagb-tm__image-position-bottom uagb-tm__bg-type-color \"><div class=\"uagb-tm__content\"><div class=\"uagb-tm__overlay\"><\/div><div class=\"uagb-tm__text-wrap\"><div class=\"uagb-tm__desc\">Sono entusiasta. Ci sar\u00f2 sicuramente! Grande cosa!<\/div><div class=\"uagb-tm__meta-inner\"><div class=\"uagb-testimonial-details\"><span class=\"uagb-tm__author-name\">Un utente  <\/span><span class=\"uagb-tm__company\"><\/span><\/div><\/div><\/div><\/div><\/div><div class=\"uagb-testimonial__wrap  uagb-tm__imgicon-style-circle uagb-tm__image-position-bottom uagb-tm__bg-type-color \"><div class=\"uagb-tm__content\"><div class=\"uagb-tm__overlay\"><\/div><div class=\"uagb-tm__text-wrap\"><div class=\"uagb-tm__desc\">&#8230; sono completamente flashato &#8230; grande!!!<\/div><div class=\"uagb-tm__meta-inner\"><div class=\"uagb-testimonial-details\"><span class=\"uagb-tm__author-name\">Un utente  <\/span><span class=\"uagb-tm__company\"><\/span><\/div><\/div><\/div><\/div><\/div><div class=\"uagb-testimonial__wrap  uagb-tm__imgicon-style-circle uagb-tm__image-position-bottom uagb-tm__bg-type-color \"><div class=\"uagb-tm__content\"><div class=\"uagb-tm__overlay\"><\/div><div class=\"uagb-tm__text-wrap\"><div class=\"uagb-tm__desc\">Grazie mille per questa piattaforma, per il vostro impegno e per il vostro entusiasmo!<\/div><div class=\"uagb-tm__meta-inner\"><div class=\"uagb-testimonial-details\"><span class=\"uagb-tm__author-name\">Un utente<\/span><span class=\"uagb-tm__company\"><\/span><\/div><\/div><\/div><\/div><\/div><div class=\"uagb-testimonial__wrap  uagb-tm__imgicon-style-circle uagb-tm__image-position-bottom uagb-tm__bg-type-color \"><div class=\"uagb-tm__content\"><div class=\"uagb-tm__overlay\"><\/div><div class=\"uagb-tm__text-wrap\"><div class=\"uagb-tm__desc\">\u00c8 davvero fantastico &#8211; sono entusiasta!<\/div><div class=\"uagb-tm__meta-inner\"><div class=\"uagb-testimonial-details\"><span class=\"uagb-tm__author-name\">Un utente<\/span><span class=\"uagb-tm__company\"><\/span><\/div><\/div><\/div><\/div><\/div><div class=\"uagb-testimonial__wrap  uagb-tm__imgicon-style-circle uagb-tm__image-position-bottom uagb-tm__bg-type-color \"><div class=\"uagb-tm__content\"><div class=\"uagb-tm__overlay\"><\/div><div class=\"uagb-tm__text-wrap\"><div class=\"uagb-tm__desc\">SPITZEEEEEE!!!!! GRAZIE a tutti coloro che hanno reso possibile tutto questo!!!!<\/div><div class=\"uagb-tm__meta-inner\"><div class=\"uagb-testimonial-details\"><span class=\"uagb-tm__author-name\">Un utente<\/span><span class=\"uagb-tm__company\"><\/span><\/div><\/div><\/div><\/div><\/div><div class=\"uagb-testimonial__wrap  uagb-tm__imgicon-style-circle uagb-tm__image-position-bottom uagb-tm__bg-type-color \"><div class=\"uagb-tm__content\"><div class=\"uagb-tm__overlay\"><\/div><div class=\"uagb-tm__text-wrap\"><div class=\"uagb-tm__desc\">Super e grazie! Grande piattaforma! Tutto ci\u00f2 non ha prezzo<\/div><div class=\"uagb-tm__meta-inner\"><div class=\"uagb-testimonial-details\"><span class=\"uagb-tm__author-name\">Un utente<\/span><span class=\"uagb-tm__company\"><\/span><\/div><\/div><\/div><\/div><\/div><div class=\"uagb-testimonial__wrap  uagb-tm__imgicon-style-circle uagb-tm__image-position-bottom uagb-tm__bg-type-color \"><div class=\"uagb-tm__content\"><div class=\"uagb-tm__overlay\"><\/div><div class=\"uagb-tm__text-wrap\"><div class=\"uagb-tm__desc\">Martello, davvero brillante per noi partner<\/div><div class=\"uagb-tm__meta-inner\"><div class=\"uagb-testimonial-details\"><span class=\"uagb-tm__author-name\">Un utente<\/span><span class=\"uagb-tm__company\"><\/span><\/div><\/div><\/div><\/div><\/div><div class=\"uagb-testimonial__wrap  uagb-tm__imgicon-style-circle uagb-tm__image-position-bottom uagb-tm__bg-type-color \"><div class=\"uagb-tm__content\"><div class=\"uagb-tm__overlay\"><\/div><div class=\"uagb-tm__text-wrap\"><div class=\"uagb-tm__desc\">Geniale &#8211; complimenti per questo strumento. Grazie!<\/div><div class=\"uagb-tm__meta-inner\"><div class=\"uagb-testimonial-details\"><span class=\"uagb-tm__author-name\">Un utente<\/span><span class=\"uagb-tm__company\"><\/span><\/div><\/div><\/div><\/div><\/div><div class=\"uagb-testimonial__wrap  uagb-tm__imgicon-style-circle uagb-tm__image-position-bottom uagb-tm__bg-type-color \"><div class=\"uagb-tm__content\"><div class=\"uagb-tm__overlay\"><\/div><div class=\"uagb-tm__text-wrap\"><div class=\"uagb-tm__desc\">Siete arrivati giusto in tempo &#8211; ottimo strumento! Grazie mille a voi!<\/div><div class=\"uagb-tm__meta-inner\"><div class=\"uagb-testimonial-details\"><span class=\"uagb-tm__author-name\">Un utente<\/span><span class=\"uagb-tm__company\"><\/span><\/div><\/div><\/div><\/div><\/div><div class=\"uagb-testimonial__wrap  uagb-tm__imgicon-style-circle uagb-tm__image-position-bottom uagb-tm__bg-type-color \"><div class=\"uagb-tm__content\"><div class=\"uagb-tm__overlay\"><\/div><div class=\"uagb-tm__text-wrap\"><div class=\"uagb-tm__desc\">Grazie mille per questa grande piattaforma, sono assolutamente entusiasta di ci\u00f2 che avete realizzato, unico.<\/div><div class=\"uagb-tm__meta-inner\"><div class=\"uagb-testimonial-details\"><span class=\"uagb-tm__author-name\">Un utente<\/span><span class=\"uagb-tm__company\"><\/span><\/div><\/div><\/div><\/div><\/div><div class=\"uagb-testimonial__wrap  uagb-tm__imgicon-style-circle uagb-tm__image-position-bottom uagb-tm__bg-type-color \"><div class=\"uagb-tm__content\"><div class=\"uagb-tm__overlay\"><\/div><div class=\"uagb-tm__text-wrap\"><div class=\"uagb-tm__desc\">Sensazionale, questo aiuta tutti noi a crescere in modo molto pi\u00f9 rilassato e gioioso, duplicato. Grazie mille!<\/div><div class=\"uagb-tm__meta-inner\"><div class=\"uagb-testimonial-details\"><span class=\"uagb-tm__author-name\">Un utente<\/span><span class=\"uagb-tm__company\"><\/span><\/div><\/div><\/div><\/div><\/div><div class=\"uagb-testimonial__wrap  uagb-tm__imgicon-style-circle uagb-tm__image-position-bottom uagb-tm__bg-type-color \"><div class=\"uagb-tm__content\"><div class=\"uagb-tm__overlay\"><\/div><div class=\"uagb-tm__text-wrap\"><div class=\"uagb-tm__desc\">Struttura molto bella. \u00c8 davvero fantastico! Grazie per questo!<\/div><div class=\"uagb-tm__meta-inner\"><div class=\"uagb-testimonial-details\"><span class=\"uagb-tm__author-name\">Un utente<\/span><span class=\"uagb-tm__company\"><\/span><\/div><\/div><\/div><\/div><\/div><div class=\"uagb-testimonial__wrap  uagb-tm__imgicon-style-circle uagb-tm__image-position-bottom uagb-tm__bg-type-color \"><div class=\"uagb-tm__content\"><div class=\"uagb-tm__overlay\"><\/div><div class=\"uagb-tm__text-wrap\"><div class=\"uagb-tm__desc\">Se solo l&#8217;avessi avuta quando ho iniziato&#8230;!!!<\/div><div class=\"uagb-tm__meta-inner\"><div class=\"uagb-testimonial-details\"><span class=\"uagb-tm__author-name\">Un utente<\/span><span class=\"uagb-tm__company\"><\/span><\/div><\/div><\/div><\/div><\/div><\/div><\/div>\n\n<div style=\"height:20px\" aria-hidden=\"true\" class=\"wp-block-spacer\"><\/div>\n\n<div class=\"wp-block-group alignfull has-ast-global-color-5-background-color has-background is-layout-flow wp-block-group-is-layout-flow\">\n<div class=\"wp-block-columns are-vertically-aligned-center is-layout-flex wp-container-core-columns-is-layout-28f84493 wp-block-columns-is-layout-flex\">\n<div class=\"wp-block-column is-vertically-aligned-center is-layout-flow wp-block-column-is-layout-flow\">\n<div class=\"wp-block-cover is-light\"><span aria-hidden=\"true\" class=\"wp-block-cover__background has-theme-black-background-color has-background-dim-30 has-background-dim\"><\/span><img loading=\"lazy\" decoding=\"async\" width=\"800\" height=\"800\" class=\"wp-block-cover__image-background wp-image-10836\" alt=\"\" src=\"https:\/\/team.wellvivo.at\/wp-content\/uploads\/2022\/09\/Health-Protocol-am-Tisch-web.jpg\" data-object-fit=\"cover\" srcset=\"https:\/\/team.wellvivo.at\/wp-content\/uploads\/2022\/09\/Health-Protocol-am-Tisch-web.jpg 800w, https:\/\/team.wellvivo.at\/wp-content\/uploads\/2022\/09\/Health-Protocol-am-Tisch-web-300x300.jpg 300w, https:\/\/team.wellvivo.at\/wp-content\/uploads\/2022\/09\/Health-Protocol-am-Tisch-web-150x150.jpg 150w, https:\/\/team.wellvivo.at\/wp-content\/uploads\/2022\/09\/Health-Protocol-am-Tisch-web-768x768.jpg 768w\" sizes=\"auto, 100vw\" \/><div class=\"wp-block-cover__inner-container is-layout-flow wp-block-cover-is-layout-flow\">\n<h1 class=\"has-text-align-center has-white-color has-text-color wp-block-heading\">Conoscenza del prodotto<\/h1>\n<\/div><\/div>\n<\/div>\n\n\n\n<div class=\"wp-block-column is-vertically-aligned-center is-layout-flow wp-block-column-is-layout-flow\">\n<div class=\"wp-block-cover\"><span aria-hidden=\"true\" class=\"wp-block-cover__background has-theme-black-background-color has-background-dim-30 has-background-dim\"><\/span><img loading=\"lazy\" decoding=\"async\" width=\"1200\" height=\"800\" class=\"wp-block-cover__image-background wp-image-10837\" alt=\"\" src=\"https:\/\/team.wellvivo.at\/wp-content\/uploads\/2022\/09\/pexels-fauxels-3184418-web.jpg\" data-object-fit=\"cover\" srcset=\"https:\/\/team.wellvivo.at\/wp-content\/uploads\/2022\/09\/pexels-fauxels-3184418-web.jpg 1200w, https:\/\/team.wellvivo.at\/wp-content\/uploads\/2022\/09\/pexels-fauxels-3184418-web-300x200.jpg 300w, https:\/\/team.wellvivo.at\/wp-content\/uploads\/2022\/09\/pexels-fauxels-3184418-web-1024x683.jpg 1024w, https:\/\/team.wellvivo.at\/wp-content\/uploads\/2022\/09\/pexels-fauxels-3184418-web-768x512.jpg 768w, https:\/\/team.wellvivo.at\/wp-content\/uploads\/2022\/09\/pexels-fauxels-3184418-web-450x300.jpg 450w\" sizes=\"auto, 100vw\" \/><div class=\"wp-block-cover__inner-container is-layout-flow wp-block-cover-is-layout-flow\">\n<h1 class=\"has-text-align-center has-white-color has-text-color wp-block-heading\">Sviluppo aziendale<\/h1>\n<\/div><\/div>\n<\/div>\n\n\n\n<div class=\"wp-block-column is-vertically-aligned-center is-layout-flow wp-block-column-is-layout-flow\">\n<div class=\"wp-block-cover is-light\"><span aria-hidden=\"true\" class=\"wp-block-cover__background has-theme-black-background-color has-background-dim-40 has-background-dim\"><\/span><img loading=\"lazy\" decoding=\"async\" width=\"800\" height=\"800\" class=\"wp-block-cover__image-background wp-image-10838\" alt=\"\" src=\"https:\/\/team.wellvivo.at\/wp-content\/uploads\/2022\/09\/Vortrag_ROOMZ_web.jpg\" data-object-fit=\"cover\" srcset=\"https:\/\/team.wellvivo.at\/wp-content\/uploads\/2022\/09\/Vortrag_ROOMZ_web.jpg 800w, https:\/\/team.wellvivo.at\/wp-content\/uploads\/2022\/09\/Vortrag_ROOMZ_web-300x300.jpg 300w, https:\/\/team.wellvivo.at\/wp-content\/uploads\/2022\/09\/Vortrag_ROOMZ_web-150x150.jpg 150w, https:\/\/team.wellvivo.at\/wp-content\/uploads\/2022\/09\/Vortrag_ROOMZ_web-768x768.jpg 768w\" sizes=\"auto, 100vw\" \/><div class=\"wp-block-cover__inner-container is-layout-flow wp-block-cover-is-layout-flow\">\n<h1 class=\"has-text-align-center has-white-color has-text-color wp-block-heading\">Presentazioni<\/h1>\n<\/div><\/div>\n<\/div>\n<\/div>\n<\/div>\n\n<div class=\"wp-block-group alignfull has-ast-global-color-5-background-color has-background is-layout-flow wp-block-group-is-layout-flow\">\n<div class=\"wp-block-columns is-layout-flex wp-container-core-columns-is-layout-28f84493 wp-block-columns-is-layout-flex\">\n<div class=\"wp-block-column is-layout-flow wp-block-column-is-layout-flow\" style=\"flex-basis:10px\">\n<p> <\/p>\n<\/div>\n\n\n\n<div class=\"wp-block-column is-layout-flow wp-block-column-is-layout-flow\">\n<h2 class=\"wp-block-heading\">Tante informazioni per voi<\/h2>\n<\/div>\n\n\n\n<div class=\"wp-block-column is-layout-flow wp-block-column-is-layout-flow\">\n<p>In qualit\u00e0 di partner di successo e di lunga data di Zinzino, abbiamo gi\u00e0 percorso questa strada e abbiamo aiutato molti partner del nostro team ad avere successo a loro volta. Zinzino offre un&#8217;incredibile variet\u00e0 di informazioni per noi partner commerciali, tanto che all&#8217;inizio &#8220;non si riesce a vedere il legno per gli alberi&#8221;. Con questa piattaforma di formazione, vogliamo darvi istruzioni passo passo su come raggiungere il successo! In questo modo si ottiene sempre esattamente ci\u00f2 di cui si ha bisogno, ci si pu\u00f2 mettere alla prova con i test e quindi mettere in pratica ci\u00f2 che si \u00e8 appreso.<\/p>\n\n\n\n<div class=\"wp-block-buttons is-layout-flex wp-block-buttons-is-layout-flex\">\n<div class=\"wp-block-button is-style-fill\"><a class=\"wp-block-button__link has-theme-blue-background-color has-background\" href=\"https:\/\/team.wellvivo.at\/it\/?page_id=18399\" rel=\"#\"><strong>Chi c&#8217;\u00e8 dietro questo sito?<\/strong><\/a><\/div>\n<\/div>\n<\/div>\n\n\n\n<div class=\"wp-block-column is-layout-flow wp-block-column-is-layout-flow\" style=\"flex-basis:10px\">\n<p> <\/p>\n<\/div>\n<\/div>\n<\/div>\n\n<div class=\"wp-block-cover alignfull is-light has-parallax\" style=\"background-image:url(https:\/\/team.wellvivo.at\/wp-content\/uploads\/2022\/08\/fogs-on-green-mountain-1054222.jpg);min-height:595px;aspect-ratio:unset;\"><span aria-hidden=\"true\" class=\"wp-block-cover__background has-theme-white-background-color has-background-dim-40 has-background-dim\"><\/span><div class=\"wp-block-cover__inner-container is-layout-flow wp-block-cover-is-layout-flow\">\n<h2 class=\"has-text-align-center has-theme-red-color has-text-color wp-block-heading\"><em>Prenota ora il tuo abbonamento<\/em><\/h2>\n\n\n\n<p class=\"has-text-align-center\">Abbiamo cercato di rendere la piattaforma accessibile a tutti i partner di Zinzino.  <br\/>Date un&#8217;occhiata ai nostri interessanti modelli di abbonamento:<\/p>\n\n\n\n<div class=\"wp-block-buttons is-horizontal is-content-justification-center is-layout-flex wp-container-core-buttons-is-layout-03627597 wp-block-buttons-is-layout-flex\">\n<div class=\"wp-block-button is-style-fill\"><a class=\"wp-block-button__link has-ast-global-color-3-color has-theme-blue-background-color has-text-color has-background\" href=\"https:\/\/team.wellvivo.at\/it\/?page_id=18419\" rel=\"#\"><strong>Modelli di abbonamento<\/strong><\/a><\/div>\n<\/div>\n<\/div><\/div>\n\n<div style=\"height:20px\" aria-hidden=\"true\" class=\"wp-block-spacer\"><\/div>\n\n<div class=\"wp-block-group alignfull has-ast-global-color-4-background-color has-background is-layout-flow wp-block-group-is-layout-flow\">\n<div class=\"wp-block-columns is-layout-flex wp-container-core-columns-is-layout-28f84493 wp-block-columns-is-layout-flex\">\n<div class=\"wp-block-column is-layout-flow wp-block-column-is-layout-flow\">\n<figure class=\"wp-block-image size-full\"><img loading=\"lazy\" decoding=\"async\" width=\"600\" height=\"600\" src=\"https:\/\/team.wellvivo.at\/wp-content\/uploads\/2022\/09\/3_BalanceOil-square-web.jpg\" alt=\"\" class=\"wp-image-10839\" srcset=\"https:\/\/team.wellvivo.at\/wp-content\/uploads\/2022\/09\/3_BalanceOil-square-web.jpg 600w, https:\/\/team.wellvivo.at\/wp-content\/uploads\/2022\/09\/3_BalanceOil-square-web-300x300.jpg 300w, https:\/\/team.wellvivo.at\/wp-content\/uploads\/2022\/09\/3_BalanceOil-square-web-150x150.jpg 150w\" sizes=\"auto, (max-width: 600px) 100vw, 600px\" \/><\/figure>\n<\/div>\n\n\n\n<div class=\"wp-block-column is-layout-flow wp-block-column-is-layout-flow\">\n<figure class=\"wp-block-image size-full\"><img loading=\"lazy\" decoding=\"async\" width=\"600\" height=\"600\" src=\"https:\/\/team.wellvivo.at\/wp-content\/uploads\/2022\/09\/Work-web.jpg\" alt=\"\" class=\"wp-image-10840\" srcset=\"https:\/\/team.wellvivo.at\/wp-content\/uploads\/2022\/09\/Work-web.jpg 600w, https:\/\/team.wellvivo.at\/wp-content\/uploads\/2022\/09\/Work-web-300x300.jpg 300w, https:\/\/team.wellvivo.at\/wp-content\/uploads\/2022\/09\/Work-web-150x150.jpg 150w\" sizes=\"auto, (max-width: 600px) 100vw, 600px\" \/><\/figure>\n<\/div>\n\n\n\n<div class=\"wp-block-column is-layout-flow wp-block-column-is-layout-flow\">\n<figure class=\"wp-block-image size-full\"><img loading=\"lazy\" decoding=\"async\" width=\"600\" height=\"600\" src=\"https:\/\/team.wellvivo.at\/wp-content\/uploads\/2022\/09\/5_Zinobiotic-square-web.jpg\" alt=\"\" class=\"wp-image-10841\" srcset=\"https:\/\/team.wellvivo.at\/wp-content\/uploads\/2022\/09\/5_Zinobiotic-square-web.jpg 600w, https:\/\/team.wellvivo.at\/wp-content\/uploads\/2022\/09\/5_Zinobiotic-square-web-300x300.jpg 300w, https:\/\/team.wellvivo.at\/wp-content\/uploads\/2022\/09\/5_Zinobiotic-square-web-150x150.jpg 150w\" sizes=\"auto, (max-width: 600px) 100vw, 600px\" \/><\/figure>\n<\/div>\n<\/div>\n\n\n\n<div class=\"wp-block-columns is-layout-flex wp-container-core-columns-is-layout-28f84493 wp-block-columns-is-layout-flex\">\n<div class=\"wp-block-column is-layout-flow wp-block-column-is-layout-flow\">\n<figure class=\"wp-block-image size-full\"><img loading=\"lazy\" decoding=\"async\" width=\"600\" height=\"600\" src=\"https:\/\/team.wellvivo.at\/wp-content\/uploads\/2022\/09\/1_BalanceTest-Square-web.jpg\" alt=\"\" class=\"wp-image-10842\" srcset=\"https:\/\/team.wellvivo.at\/wp-content\/uploads\/2022\/09\/1_BalanceTest-Square-web.jpg 600w, https:\/\/team.wellvivo.at\/wp-content\/uploads\/2022\/09\/1_BalanceTest-Square-web-300x300.jpg 300w, https:\/\/team.wellvivo.at\/wp-content\/uploads\/2022\/09\/1_BalanceTest-Square-web-150x150.jpg 150w\" sizes=\"auto, (max-width: 600px) 100vw, 600px\" \/><\/figure>\n<\/div>\n\n\n\n<div class=\"wp-block-column is-layout-flow wp-block-column-is-layout-flow\">\n<figure class=\"wp-block-image size-full\"><img loading=\"lazy\" decoding=\"async\" width=\"600\" height=\"600\" src=\"https:\/\/team.wellvivo.at\/wp-content\/uploads\/2022\/09\/Tutti-Frutti-Square_4-web.jpg\" alt=\"\" class=\"wp-image-10843\" srcset=\"https:\/\/team.wellvivo.at\/wp-content\/uploads\/2022\/09\/Tutti-Frutti-Square_4-web.jpg 600w, https:\/\/team.wellvivo.at\/wp-content\/uploads\/2022\/09\/Tutti-Frutti-Square_4-web-300x300.jpg 300w, https:\/\/team.wellvivo.at\/wp-content\/uploads\/2022\/09\/Tutti-Frutti-Square_4-web-150x150.jpg 150w\" sizes=\"auto, (max-width: 600px) 100vw, 600px\" \/><\/figure>\n<\/div>\n\n\n\n<div class=\"wp-block-column is-layout-flow wp-block-column-is-layout-flow\">\n<figure class=\"wp-block-image size-full\"><img loading=\"lazy\" decoding=\"async\" width=\"600\" height=\"600\" src=\"https:\/\/team.wellvivo.at\/wp-content\/uploads\/2022\/09\/8_Xtend-square-web.jpg\" alt=\"\" class=\"wp-image-10844\" srcset=\"https:\/\/team.wellvivo.at\/wp-content\/uploads\/2022\/09\/8_Xtend-square-web.jpg 600w, https:\/\/team.wellvivo.at\/wp-content\/uploads\/2022\/09\/8_Xtend-square-web-300x300.jpg 300w, https:\/\/team.wellvivo.at\/wp-content\/uploads\/2022\/09\/8_Xtend-square-web-150x150.jpg 150w\" sizes=\"auto, (max-width: 600px) 100vw, 600px\" \/><\/figure>\n<\/div>\n<\/div>\n<\/div>\n","protected":false},"excerpt":{"rendered":"<p>Tante informazioni per voi In qualit\u00e0 di partner di successo e di lunga data di Zinzino, abbiamo gi\u00e0 percorso questa &hellip; <a href=\"https:\/\/team.wellvivo.at\/it\/\" class=\"more-link\">Continua a leggere<span class=\"screen-reader-text\"> &#8220;Pagina iniziale&#8221;<\/span><\/a><\/p>\n","protected":false},"author":1,"featured_media":0,"parent":0,"menu_order":0,"comment_status":"closed","ping_status":"closed","template":"","meta":{"_coblocks_attr":"","_coblocks_dimensions":"","_coblocks_responsive_height":"","_coblocks_accordion_ie_support":"","_uag_custom_page_level_css":"","footnotes":""},"class_list":["post-18435","page","type-page","status-publish","hentry"],"uagb_featured_image_src":{"full":false,"thumbnail":false,"medium":false,"medium_large":false,"large":false,"1536x1536":false,"2048x2048":false,"buddyx-featured":false,"buddyx-large":false,"buddyx-list":false,"buddyx-col-two":false,"buddyx-col-three":false},"uagb_author_info":{"display_name":"Sascha","author_link":"https:\/\/team.wellvivo.at\/it\/author\/himmelstuermer\/"},"uagb_comment_info":0,"uagb_excerpt":"Tante informazioni per voi In qualit\u00e0 di partner di successo e di lunga data di Zinzino, abbiamo gi\u00e0 percorso questa &hellip; Continua a leggere \"Pagina iniziale\"","_links":{"self":[{"href":"https:\/\/team.wellvivo.at\/it\/wp-json\/wp\/v2\/pages\/18435","targetHints":{"allow":["GET"]}}],"collection":[{"href":"https:\/\/team.wellvivo.at\/it\/wp-json\/wp\/v2\/pages"}],"about":[{"href":"https:\/\/team.wellvivo.at\/it\/wp-json\/wp\/v2\/types\/page"}],"author":[{"embeddable":true,"href":"https:\/\/team.wellvivo.at\/it\/wp-json\/wp\/v2\/users\/1"}],"replies":[{"embeddable":true,"href":"https:\/\/team.wellvivo.at\/it\/wp-json\/wp\/v2\/comments?post=18435"}],"version-history":[{"count":5,"href":"https:\/\/team.wellvivo.at\/it\/wp-json\/wp\/v2\/pages\/18435\/revisions"}],"predecessor-version":[{"id":19784,"href":"https:\/\/team.wellvivo.at\/it\/wp-json\/wp\/v2\/pages\/18435\/revisions\/19784"}],"wp:attachment":[{"href":"https:\/\/team.wellvivo.at\/it\/wp-json\/wp\/v2\/media?parent=18435"}],"curies":[{"name":"wp","href":"https:\/\/api.w.org\/{rel}","templated":true}]}}