{"id":18391,"date":"2021-10-14T19:18:59","date_gmt":"2021-10-14T19:18:59","guid":{"rendered":"https:\/\/team.wellvivo.at\/informativa-sulla-privacy-imprint-informativa-sulla-privacy\/"},"modified":"2024-04-08T06:15:49","modified_gmt":"2024-04-08T06:15:49","slug":"informativa-sulla-privacy-imprint-informativa-sulla-privacy","status":"publish","type":"page","link":"https:\/\/team.wellvivo.at\/it\/informativa-sulla-privacy-imprint-informativa-sulla-privacy\/","title":{"rendered":"Informativa sulla privacy \/ Imprint \/ Informativa sulla privacy"},"content":{"rendered":"\n<h2 class=\"wp-block-heading\">Chi siamo?<\/h2>\n\n<figure class=\"wp-block-table\"><table><tbody><tr><td>Nome della societ\u00e0:<\/td><td>Sascha P\u00f6lzl<\/td><\/tr><tr><td>Nome della societ\u00e0:<\/td><td>Sascha P\u00f6lzl &#8211; Salute con mani e piedi<\/td><\/tr><tr><td>Indirizzo e sede legale:<\/td><td>A-1170 Vienna, Vollbadgasse 1a<\/td><\/tr><tr><td>Web:<\/td><td>https:\/\/team.wellvivo.at<\/td><\/tr><tr><td>e-mail:<\/td><td><a href=\"mailto:info@poelzl.co.at\">info@wellvivo.at<\/a><\/td><\/tr><tr><td><\/td><td><\/td><\/tr><tr><td>Autorit\u00e0 acc. ECG:<\/td><td>Consiglio comunale di Vienna<\/td><\/tr><tr><td>UID n:<\/td><td>ATU59184135, DE246129382<\/td><\/tr><tr><td>Oggetto della societ\u00e0:<\/td><td>Servizio<\/td><\/tr><tr><td>Linea fogliare:<\/td><td>Fornitura di informazioni sui servizi e sui prodotti offerti<\/td><\/tr><\/tbody><\/table><\/figure>\n\n<h2 class=\"wp-block-heading\">Commenti<\/h2>\n\n<p>Quando i visitatori lasciano commenti sul sito web, raccogliamo i dati visualizzati nel modulo dei commenti, nonch\u00e9 l&#8217;indirizzo IP del visitatore e la stringa dello user agent del browser per supportare il rilevamento dello spam.<\/p>\n\n<p>Una stringa anonima (detta anche hash) creata a partire dall&#8217;indirizzo e-mail dell&#8217;utente pu\u00f2 essere messa a disposizione del servizio Gravatar per determinare se l&#8217;utente lo sta utilizzando. L&#8217;informativa sulla privacy del servizio Gravatar \u00e8 disponibile qui: https:\/\/automattic.com\/privacy\/. Una volta che il vostro commento \u00e8 stato approvato, la vostra immagine del profilo sar\u00e0 visibile pubblicamente nel contesto del vostro commento.<\/p>\n\n<h2 class=\"wp-block-heading\">Media<\/h2>\n\n<p>Se si caricano immagini sul sito web, si dovrebbe evitare di caricare immagini con dati di localizzazione incorporati (EXIF GPS). I visitatori del sito web possono scaricare ed estrarre qualsiasi dato sulla posizione dalle immagini presenti sul sito.<\/p>\n\n<h2 class=\"wp-block-heading\">Biscotti<\/h2>\n\n<p>Se lasciate un commento sul nostro sito web, potete acconsentire alla memorizzazione del vostro nome, indirizzo e-mail e sito web nei cookie. Questi sono per vostra comodit\u00e0, in modo che non dobbiate inserire nuovamente i vostri dati se lasciate un altro commento. Questi biscotti si conservano per un anno.<\/p>\n\n<p>Quando visitate la nostra pagina di login, impostiamo un cookie temporaneo per determinare se il vostro browser accetta i cookie. Questo cookie non contiene dati personali e viene eliminato alla chiusura del browser.<\/p>\n\n<p>Quando l&#8217;utente accede, vengono impostati anche diversi cookie per memorizzare le informazioni di accesso e le opzioni di visualizzazione dello schermo. I cookie di accesso sono validi per due giorni e i cookie per le opzioni dello schermo sono validi per un anno. Se si seleziona &#8220;Resta connesso&#8221;, il login rester\u00e0 attivo per quindici giorni. Se si esce dal proprio account, i cookie di accesso verranno rimossi.<\/p>\n\n<p>Quando si modifica o si pubblica un articolo, un ulteriore cookie viene memorizzato nel browser. Questo cookie non contiene dati personali e indica solo l&#8217;ID del post dell&#8217;articolo appena modificato. Scade dopo 1 giorno.<\/p>\n\n<h2 class=\"wp-block-heading\">Contenuti incorporati da altri siti web<\/h2>\n\n<p>Gli articoli di questo sito web possono contenere contenuti incorporati (ad esempio, video, immagini, articoli, ecc.). I contenuti incorporati di altri siti web si comportano esattamente come se il visitatore avesse visitato l&#8217;altro sito web.<\/p>\n\n<p>Questi siti web possono raccogliere dati sull&#8217;utente, utilizzare cookie, incorporare un ulteriore tracciamento di terze parti e monitorare l&#8217;interazione dell&#8217;utente con il contenuto incorporato, compreso il tracciamento dell&#8217;interazione dell&#8217;utente con il contenuto incorporato se dispone di un account e ha effettuato l&#8217;accesso al sito web in questione.<\/p>\n\n<h2 class=\"wp-block-heading\">Con chi condividiamo i dati.<\/h2>\n\n<p>Se si richiede la reimpostazione della password, il proprio indirizzo IP sar\u00e0 incluso nell&#8217;e-mail di reimpostazione.<\/p>\n\n<h2 class=\"wp-block-heading\">Per quanto tempo vengono conservati i dati<\/h2>\n\n<p>Se si lascia un commento, il commento e i relativi metadati saranno conservati a tempo indeterminato. Questo ci permette di riconoscere e approvare automaticamente i commenti successivi, invece di tenerli in coda di moderazione.<\/p>\n\n<p>Per gli utenti che si registrano sul nostro sito web (se presenti), memorizziamo anche i dati personali forniti nel loro profilo utente. Tutti gli utenti possono visualizzare, modificare o cancellare i propri dati personali in qualsiasi momento (ad eccezione del fatto che non possono modificare il proprio nome utente). Anche gli amministratori del sito web possono visualizzare e modificare queste informazioni.<\/p>\n\n<h2 class=\"wp-block-heading\">Quali diritti avete sui vostri dati<\/h2>\n\n<p>Se avete un account su questo sito web o avete lasciato commenti, potete richiedere di ricevere un file esportato dei dati personali in nostro possesso, compresi quelli che ci avete fornito. Potete anche richiedere la cancellazione di tutti i dati personali che abbiamo memorizzato su di voi. Questo non vale per i dati che siamo obbligati a conservare per motivi amministrativi, legali o di sicurezza.<\/p>\n\n<h2 class=\"wp-block-heading\">Dove inviamo i vostri dati<\/h2>\n\n<p>I commenti dei visitatori possono essere controllati da un servizio automatico di rilevamento dello spam.<\/p>\n","protected":false},"excerpt":{"rendered":"<p>Chi siamo? Nome della societ\u00e0: Sascha P\u00f6lzl Nome della societ\u00e0: Sascha P\u00f6lzl &#8211; Salute con mani e piedi Indirizzo e &hellip; <a href=\"https:\/\/team.wellvivo.at\/it\/informativa-sulla-privacy-imprint-informativa-sulla-privacy\/\" class=\"more-link\">Continua a leggere<span class=\"screen-reader-text\"> &#8220;Informativa sulla privacy \/ Imprint \/ Informativa sulla privacy&#8221;<\/span><\/a><\/p>\n","protected":false},"author":1,"featured_media":0,"parent":0,"menu_order":0,"comment_status":"closed","ping_status":"closed","template":"","meta":{"_coblocks_attr":"","_coblocks_dimensions":"","_coblocks_responsive_height":"","_coblocks_accordion_ie_support":"","_uag_custom_page_level_css":"","footnotes":""},"class_list":["post-18391","page","type-page","status-publish","hentry"],"uagb_featured_image_src":{"full":false,"thumbnail":false,"medium":false,"medium_large":false,"large":false,"1536x1536":false,"2048x2048":false,"buddyx-featured":false,"buddyx-large":false,"buddyx-list":false,"buddyx-col-two":false,"buddyx-col-three":false},"uagb_author_info":{"display_name":"Sascha","author_link":"https:\/\/team.wellvivo.at\/it\/author\/himmelstuermer\/"},"uagb_comment_info":0,"uagb_excerpt":"Chi siamo? Nome della societ\u00e0: Sascha P\u00f6lzl Nome della societ\u00e0: Sascha P\u00f6lzl &#8211; Salute con mani e piedi Indirizzo e &hellip; Continua a leggere \"Informativa sulla privacy \/ Imprint \/ Informativa sulla privacy\"","_links":{"self":[{"href":"https:\/\/team.wellvivo.at\/it\/wp-json\/wp\/v2\/pages\/18391","targetHints":{"allow":["GET"]}}],"collection":[{"href":"https:\/\/team.wellvivo.at\/it\/wp-json\/wp\/v2\/pages"}],"about":[{"href":"https:\/\/team.wellvivo.at\/it\/wp-json\/wp\/v2\/types\/page"}],"author":[{"embeddable":true,"href":"https:\/\/team.wellvivo.at\/it\/wp-json\/wp\/v2\/users\/1"}],"replies":[{"embeddable":true,"href":"https:\/\/team.wellvivo.at\/it\/wp-json\/wp\/v2\/comments?post=18391"}],"version-history":[{"count":2,"href":"https:\/\/team.wellvivo.at\/it\/wp-json\/wp\/v2\/pages\/18391\/revisions"}],"predecessor-version":[{"id":18395,"href":"https:\/\/team.wellvivo.at\/it\/wp-json\/wp\/v2\/pages\/18391\/revisions\/18395"}],"wp:attachment":[{"href":"https:\/\/team.wellvivo.at\/it\/wp-json\/wp\/v2\/media?parent=18391"}],"curies":[{"name":"wp","href":"https:\/\/api.w.org\/{rel}","templated":true}]}}