{"id":17760,"date":"2022-06-03T07:39:29","date_gmt":"2022-06-03T07:39:29","guid":{"rendered":"https:\/\/team.wellvivo.at\/onboarding-anglais\/"},"modified":"2024-04-03T13:04:02","modified_gmt":"2024-04-03T13:04:02","slug":"onboarding-anglais","status":"publish","type":"page","link":"https:\/\/team.wellvivo.at\/fr\/onboarding-anglais\/","title":{"rendered":"Onboarding &#8211; Anglais"},"content":{"rendered":"\n<p>Bienvenue \u00e0 \u00ab\u00a0Team WellVivo\u00a0\u00bb qui fait partie de l\u2019\u00e9quipe \u00ab\u00a0Game Changer Nation\u00a0\u00bb et qui, \u00e0 son tour, fait partie de l\u2019\u00e9quipe \u00ab\u00a01mondo Global\u00a0\u00bb. \u00ab\u00a01mondo Global\u00a0\u00bb est l\u2019une des plus grandes \u00e9quipes internationales de Zinzino et Marco Passanante est notre leader. Pour l\u2019instant, nous ne sommes pas en mesure de fournir une version anglaise compl\u00e8te de notre site d\u2019\u00e9quipe, alors veuillez trouver les \u00e9tapes les plus importantes pour votre d\u00e9marrage sur cette page :<\/p>\n\n<h2 class=\"wp-block-heading\">1er jour :<\/h2>\n\n<p>Commander un pack de d\u00e9marrage et configurer Z4F AutoOrder<\/p>\n\n<h2 class=\"wp-block-heading\">1er \u2013 3\u00e8me jour :<\/h2>\n\n<p><strong>Formation de d\u00e9marrage :<\/strong><\/p>\n\n<ol class=\"wp-block-list\"><li>D\u00e9finir son objectif et son \u00ab\u00a0pourquoi\u00a0\u00bb.<\/li><li>Fixer la date de fin de travail (si l\u2019objectif est d\u2019avoir un emploi \u00e0 temps plein avec Zinzino)<\/li><li>Cr\u00e9er une liste de 100 prospects<br\/>a. Marque les 10 plus faciles et  <br\/>b. 10 meilleures personnes<\/li><li>Cr\u00e9er un programme hebdomadaire :<br\/>a. Entrer IPA \u2013 Activit\u00e9s de production de revenus (LG \u2013 G\u00e9n\u00e9ration de prospects, I \u2013 Invitation, BP \u2013 Pr\u00e9sentation commerciale, 2on1, Coaching) et cr\u00e9er le calcul du quota pour les objectifs \u00e0 30 et 60 jours (30 jours : 4 points client\/30 jours : 375 cr\u00e9dits (2-4 partenaires \u00e0 gauche et \u00e0 droite)\/60 jours : 10 points client)<br\/>b. Entrer les dates des prochains \u00e9v\u00e9nements (BP, team call, kick-off)<\/li><li>Inviter au groupe Facebook \u00ab\u00a0Game Changer Nation\u00a0\u00bb et \u00ab\u00a01Mondo Global\u00a0\u00bb, au groupe Telegram \u00ab\u00a0Zinzino-Team\u00a0\u00bb.<\/li><li>Info about zinzino.tv, zinzinohub, go core app<\/li><li>Activation<br\/>a. Organiser les 10 premiers rendez-vous avec le parrain (hors ligne, appels zoom, t\u00e9l\u00e9conf\u00e9rence)<br\/>b. Organiser 6 rendez-vous de coaching pour les 6 semaines suivantes avec le sponsor<\/li><li>Acheter un ticket pour le prochain \u00e9v\u00e9nement (Leaderschool, Annual Event, 1MondoGlobal event, etc.)<br\/><br\/><strong>30 \u2013 60 Day Goals date : (Bonus de d\u00e9marrage rapide)<\/strong><br\/><br\/>Smart Bronze :  <br\/><br\/>Fast Silver :  <br\/><br\/>X Team Express :<\/li><\/ol>\n\n<h2 class=\"wp-block-heading\">Premier mois :<\/h2>\n\n<ol class=\"wp-block-list\" id=\"block-f60e8ebf-13af-46cc-87e1-03821bac19bd\"><li>Prendre au moins un rendez-vous client par jour avec le parrain<\/li><li>Voir toutes les vid\u00e9os (vid\u00e9os de produits et de pr\u00e9sentation, ainsi que des explications sur le back office) sur la page \u00ab\u00a0team.wellvivo.at\u00a0\u00bb.<\/li><li>Rendez-vous de coaching :<br\/>a. S\u00e9lectionnez un livre dans la liste des livres recommand\u00e9s sur le th\u00e8me de la vente directe et l\u2019un des livres du Dr Paul Clayton.<br\/>b. Coaching sur les th\u00e8mes : LG, I, BP, formation de nouveaux partenaires<\/li><\/ol>\n\n<h2 class=\"wp-block-heading\">Voici quelques vid\u00e9os de formation pour vous aider \u00e0 d\u00e9marrer :<\/h2>\n\n<figure class=\"wp-block-embed is-type-video is-provider-vimeo wp-block-embed-vimeo wp-embed-aspect-16-9 wp-has-aspect-ratio\"><div class=\"wp-block-embed__wrapper\">\n<iframe loading=\"lazy\" title=\"Get started\" src=\"https:\/\/player.vimeo.com\/video\/644287420?dnt=1&app_id=122963\" width=\"720\" height=\"405\" frameborder=\"0\" allow=\"autoplay; fullscreen; picture-in-picture; clipboard-write\"><\/iframe>\n<\/div><\/figure>\n\n<figure class=\"wp-block-embed aligncenter is-type-video is-provider-youtube wp-block-embed-youtube wp-embed-aspect-4-3 wp-has-aspect-ratio\"><div class=\"wp-block-embed__wrapper\">\n<iframe loading=\"lazy\" title=\"NEW GST with Crown Dave Ives\" width=\"720\" height=\"540\" src=\"https:\/\/www.youtube.com\/embed\/5DFWorOCS8s?feature=oembed\" frameborder=\"0\" allow=\"accelerometer; autoplay; clipboard-write; encrypted-media; gyroscope; picture-in-picture; web-share\" referrerpolicy=\"strict-origin-when-cross-origin\" allowfullscreen><\/iframe>\n<\/div><\/figure>\n\n<figure class=\"wp-block-embed aligncenter is-type-video is-provider-youtube wp-block-embed-youtube wp-embed-aspect-4-3 wp-has-aspect-ratio\"><div class=\"wp-block-embed__wrapper\">\n<iframe loading=\"lazy\" title=\"Smart Bronze & Auto Order Z4F\" width=\"720\" height=\"540\" src=\"https:\/\/www.youtube.com\/embed\/6sMROArQBcs?feature=oembed\" frameborder=\"0\" allow=\"accelerometer; autoplay; clipboard-write; encrypted-media; gyroscope; picture-in-picture; web-share\" referrerpolicy=\"strict-origin-when-cross-origin\" allowfullscreen><\/iframe>\n<\/div><\/figure>\n\n<figure class=\"wp-block-embed is-type-video is-provider-youtube wp-block-embed-youtube wp-embed-aspect-16-9 wp-has-aspect-ratio\"><div class=\"wp-block-embed__wrapper\">\n<iframe loading=\"lazy\" title=\"HOW TO Register Customers (Two Ways)\" width=\"720\" height=\"405\" src=\"https:\/\/www.youtube.com\/embed\/zSrd_9YHnXA?feature=oembed\" frameborder=\"0\" allow=\"accelerometer; autoplay; clipboard-write; encrypted-media; gyroscope; picture-in-picture; web-share\" referrerpolicy=\"strict-origin-when-cross-origin\" allowfullscreen><\/iframe>\n<\/div><\/figure>\n\n<figure class=\"wp-block-embed aligncenter is-type-video is-provider-youtube wp-block-embed-youtube wp-embed-aspect-16-9 wp-has-aspect-ratio\"><div class=\"wp-block-embed__wrapper\">\n<iframe loading=\"lazy\" title=\"Weekly Team Commissions and CAB\" width=\"720\" height=\"405\" src=\"https:\/\/www.youtube.com\/embed\/8Fzaup2uQ5k?feature=oembed\" frameborder=\"0\" allow=\"accelerometer; autoplay; clipboard-write; encrypted-media; gyroscope; picture-in-picture; web-share\" referrerpolicy=\"strict-origin-when-cross-origin\" allowfullscreen><\/iframe>\n<\/div><\/figure>\n\n<figure class=\"wp-block-embed is-type-video is-provider-youtube wp-block-embed-youtube wp-embed-aspect-16-9 wp-has-aspect-ratio\"><div class=\"wp-block-embed__wrapper\">\n<iframe loading=\"lazy\" title=\"Compensation plan by Hilde Saele\" width=\"720\" height=\"405\" src=\"https:\/\/www.youtube.com\/embed\/_VaQ20n0kWc?feature=oembed\" frameborder=\"0\" allow=\"accelerometer; autoplay; clipboard-write; encrypted-media; gyroscope; picture-in-picture; web-share\" referrerpolicy=\"strict-origin-when-cross-origin\" allowfullscreen><\/iframe>\n<\/div><\/figure>\n\n<h2 class=\"wp-block-heading\">Et maintenant pour les produits :<\/h2>\n\n<figure class=\"wp-block-embed aligncenter is-type-video is-provider-youtube wp-block-embed-youtube wp-embed-aspect-16-9 wp-has-aspect-ratio\"><div class=\"wp-block-embed__wrapper\">\n<iframe loading=\"lazy\" title=\"health begins on the inside - Hilde Saele\" width=\"720\" height=\"405\" src=\"https:\/\/www.youtube.com\/embed\/CwIHYLhj1iA?feature=oembed\" frameborder=\"0\" allow=\"accelerometer; autoplay; clipboard-write; encrypted-media; gyroscope; picture-in-picture; web-share\" referrerpolicy=\"strict-origin-when-cross-origin\" allowfullscreen><\/iframe>\n<\/div><\/figure>\n\n<figure class=\"wp-block-embed is-type-video is-provider-youtube wp-block-embed-youtube wp-embed-aspect-16-9 wp-has-aspect-ratio\"><div class=\"wp-block-embed__wrapper\">\n<iframe loading=\"lazy\" title=\"How to take the BalanceTest?\" width=\"720\" height=\"405\" src=\"https:\/\/www.youtube.com\/embed\/J-RDiTFDte8?feature=oembed\" frameborder=\"0\" allow=\"accelerometer; autoplay; clipboard-write; encrypted-media; gyroscope; picture-in-picture; web-share\" referrerpolicy=\"strict-origin-when-cross-origin\" allowfullscreen><\/iframe>\n<\/div><figcaption>Ceci est une vid\u00e9o d\u2019instruction \u00e0 partager avec les clients :<br><a href=\"https:\/\/youtu.be\/J-RDiTFDte8\" target=\"_blank\" rel=\"noreferrer noopener\">https:\/\/youtu.be\/J-RDiTFDte8<\/a><\/figcaption><\/figure>\n\n<figure class=\"wp-block-embed aligncenter is-type-video is-provider-youtube wp-block-embed-youtube wp-embed-aspect-16-9 wp-has-aspect-ratio\"><div class=\"wp-block-embed__wrapper\">\n<iframe loading=\"lazy\" title=\"Dr Paul Clayton  - The benefits of the zinzino products\" width=\"720\" height=\"405\" src=\"https:\/\/www.youtube.com\/embed\/mxjtzBg4lTA?feature=oembed\" frameborder=\"0\" allow=\"accelerometer; autoplay; clipboard-write; encrypted-media; gyroscope; picture-in-picture; web-share\" referrerpolicy=\"strict-origin-when-cross-origin\" allowfullscreen><\/iframe>\n<\/div><\/figure>\n\n<figure class=\"wp-block-embed aligncenter is-type-video is-provider-youtube wp-block-embed-youtube wp-embed-aspect-16-9 wp-has-aspect-ratio\"><div class=\"wp-block-embed__wrapper\">\n<iframe loading=\"lazy\" title=\"Dr Paul Clayton - 12 mins\" width=\"720\" height=\"405\" src=\"https:\/\/www.youtube.com\/embed\/s78lGFFm9wk?feature=oembed\" frameborder=\"0\" allow=\"accelerometer; autoplay; clipboard-write; encrypted-media; gyroscope; picture-in-picture; web-share\" referrerpolicy=\"strict-origin-when-cross-origin\" allowfullscreen><\/iframe>\n<\/div><\/figure>\n\n<figure class=\"wp-block-embed aligncenter is-type-video is-provider-youtube wp-block-embed-youtube wp-embed-aspect-16-9 wp-has-aspect-ratio\"><div class=\"wp-block-embed__wrapper\">\n<iframe loading=\"lazy\" title=\"Leanshake with Dr  Paul Clayton\" width=\"720\" height=\"405\" src=\"https:\/\/www.youtube.com\/embed\/Wiv0W0JASs8?feature=oembed\" frameborder=\"0\" allow=\"accelerometer; autoplay; clipboard-write; encrypted-media; gyroscope; picture-in-picture; web-share\" referrerpolicy=\"strict-origin-when-cross-origin\" allowfullscreen><\/iframe>\n<\/div><\/figure>\n\n<h2 class=\"wp-block-heading\">Pr\u00e9sentations pour les clients et les partenaires commerciaux potentiels :<\/h2>\n\n<p>Vous pouvez partager ces liens avec vous prospects !<\/p>\n\n<figure class=\"wp-block-embed aligncenter is-type-video is-provider-youtube wp-block-embed-youtube wp-embed-aspect-4-3 wp-has-aspect-ratio\"><div class=\"wp-block-embed__wrapper\">\n<iframe loading=\"lazy\" title=\"Product Overview EU\" width=\"720\" height=\"540\" src=\"https:\/\/www.youtube.com\/embed\/lkTRGrh3IVU?feature=oembed\" frameborder=\"0\" allow=\"accelerometer; autoplay; clipboard-write; encrypted-media; gyroscope; picture-in-picture; web-share\" referrerpolicy=\"strict-origin-when-cross-origin\" allowfullscreen><\/iframe>\n<\/div><figcaption>Pr\u00e9sentation du produit<br><a href=\"https:\/\/youtu.be\/lkTRGrh3IVU\" target=\"_blank\" rel=\"noreferrer noopener\">https:\/\/youtu.be\/lkTRGrh3IVU<\/a><\/figcaption><\/figure>\n\n<figure class=\"wp-block-embed aligncenter is-type-video is-provider-youtube wp-block-embed-youtube wp-embed-aspect-4-3 wp-has-aspect-ratio\"><div class=\"wp-block-embed__wrapper\">\n<iframe loading=\"lazy\" title=\"Business Overview May 12th 21\" width=\"720\" height=\"540\" src=\"https:\/\/www.youtube.com\/embed\/rO4kg7vdY80?feature=oembed\" frameborder=\"0\" allow=\"accelerometer; autoplay; clipboard-write; encrypted-media; gyroscope; picture-in-picture; web-share\" referrerpolicy=\"strict-origin-when-cross-origin\" allowfullscreen><\/iframe>\n<\/div><figcaption>Aper\u00e7u de l\u2019activit\u00e9<br><a href=\"https:\/\/youtu.be\/rO4kg7vdY80\" target=\"_blank\" rel=\"noreferrer noopener\">https:\/\/youtu.be\/rO4kg7vdY80<\/a><\/figcaption><\/figure>\n","protected":false},"excerpt":{"rendered":"<p>Bienvenue \u00e0 \u00ab\u00a0Team WellVivo\u00a0\u00bb qui fait partie de l\u2019\u00e9quipe \u00ab\u00a0Game Changer Nation\u00a0\u00bb et qui, \u00e0 son tour, fait partie de &hellip; <a href=\"https:\/\/team.wellvivo.at\/fr\/onboarding-anglais\/\" class=\"more-link\">Poursuivre la lecture <span class=\"screen-reader-text\"> \u00ab\u00a0Onboarding &#8211; Anglais\u00a0\u00bb<\/span><\/a><\/p>\n","protected":false},"author":1,"featured_media":0,"parent":0,"menu_order":0,"comment_status":"closed","ping_status":"closed","template":"","meta":{"_coblocks_attr":"","_coblocks_dimensions":"","_coblocks_responsive_height":"","_coblocks_accordion_ie_support":"","_uag_custom_page_level_css":"","footnotes":""},"class_list":["post-17760","page","type-page","status-publish","hentry"],"uagb_featured_image_src":{"full":false,"thumbnail":false,"medium":false,"medium_large":false,"large":false,"1536x1536":false,"2048x2048":false,"buddyx-featured":false,"buddyx-large":false,"buddyx-list":false,"buddyx-col-two":false,"buddyx-col-three":false},"uagb_author_info":{"display_name":"Sascha","author_link":"https:\/\/team.wellvivo.at\/fr\/author\/himmelstuermer\/"},"uagb_comment_info":0,"uagb_excerpt":"Bienvenue \u00e0 \u00ab\u00a0Team WellVivo\u00a0\u00bb qui fait partie de l\u2019\u00e9quipe \u00ab\u00a0Game Changer Nation\u00a0\u00bb et qui, \u00e0 son tour, fait partie de &hellip; Poursuivre la lecture \"Onboarding &#8211; Anglais\"","_links":{"self":[{"href":"https:\/\/team.wellvivo.at\/fr\/wp-json\/wp\/v2\/pages\/17760","targetHints":{"allow":["GET"]}}],"collection":[{"href":"https:\/\/team.wellvivo.at\/fr\/wp-json\/wp\/v2\/pages"}],"about":[{"href":"https:\/\/team.wellvivo.at\/fr\/wp-json\/wp\/v2\/types\/page"}],"author":[{"embeddable":true,"href":"https:\/\/team.wellvivo.at\/fr\/wp-json\/wp\/v2\/users\/1"}],"replies":[{"embeddable":true,"href":"https:\/\/team.wellvivo.at\/fr\/wp-json\/wp\/v2\/comments?post=17760"}],"version-history":[{"count":2,"href":"https:\/\/team.wellvivo.at\/fr\/wp-json\/wp\/v2\/pages\/17760\/revisions"}],"predecessor-version":[{"id":17769,"href":"https:\/\/team.wellvivo.at\/fr\/wp-json\/wp\/v2\/pages\/17760\/revisions\/17769"}],"wp:attachment":[{"href":"https:\/\/team.wellvivo.at\/fr\/wp-json\/wp\/v2\/media?parent=17760"}],"curies":[{"name":"wp","href":"https:\/\/api.w.org\/{rel}","templated":true}]}}