{"id":17298,"date":"2021-10-14T19:18:59","date_gmt":"2021-10-14T19:18:59","guid":{"rendered":"https:\/\/team.wellvivo.at\/privacy-policy-imprint-declaration-de-confidentialite\/"},"modified":"2024-04-03T10:17:04","modified_gmt":"2024-04-03T10:17:04","slug":"privacy-policy-imprint-declaration-de-confidentialite","status":"publish","type":"page","link":"https:\/\/team.wellvivo.at\/fr\/privacy-policy-imprint-declaration-de-confidentialite\/","title":{"rendered":"Privacy Policy \/ Imprint \/ D\u00e9claration de confidentialit\u00e9"},"content":{"rendered":"\n<h2 class=\"wp-block-heading\">Qui sommes-nous ?<\/h2>\n\n<figure class=\"wp-block-table\"><table><tbody><tr><td>Nom de la soci\u00e9t\u00e9 :<\/td><td>Sascha P\u00f6lzl<\/td><\/tr><tr><td>Nom de l&rsquo;entreprise :<\/td><td>Sascha P\u00f6lzl &#8211; La sant\u00e9 par les mains et les pieds<\/td><\/tr><tr><td>Adresse et si\u00e8ge social :<\/td><td>A-1170 Vienne, Vollbadgasse 1a<\/td><\/tr><tr><td>Web :<\/td><td>https:\/\/team.wellvivo.at<\/td><\/tr><tr><td>Courrier \u00e9lectronique :<\/td><td><a href=\"mailto:info@poelzl.co.at\">info@wellvivo.at<\/a><\/td><\/tr><tr><td><\/td><td><\/td><\/tr><tr><td>Autorit\u00e9 conform\u00e9ment \u00e0 l&rsquo;art. ECG :<\/td><td>Magistrat de Vienne<\/td><\/tr><tr><td>N\u00b0 de TVA<\/td><td>ATU59184135, DE246129382<\/td><\/tr><tr><td>Objet de l&rsquo;entreprise :<\/td><td>Service<\/td><\/tr><tr><td>Ligne de la feuille :<\/td><td>fournir des informations sur les services et les produits propos\u00e9s<\/td><\/tr><\/tbody><\/table><\/figure>\n\n<h2 class=\"wp-block-heading\">Commentaires<\/h2>\n\n<p>Lorsque les visiteurs laissent des commentaires sur le site, nous collectons les donn\u00e9es affich\u00e9es dans le formulaire de commentaire, ainsi que l&rsquo;adresse IP du visiteur et la cha\u00eene d&rsquo;agent utilisateur du navigateur, afin de contribuer \u00e0 la d\u00e9tection des spams.<\/p>\n\n<p>Une cha\u00eene de caract\u00e8res anonymis\u00e9e (\u00e9galement appel\u00e9e hash) cr\u00e9\u00e9e \u00e0 partir de votre adresse \u00e9lectronique peut \u00eatre mise \u00e0 la disposition du service Gravatar afin de d\u00e9terminer si vous l&rsquo;utilisez. Vous trouverez la politique de confidentialit\u00e9 du service Gravatar ici : https:\/\/automattic.com\/privacy\/. Une fois votre commentaire approuv\u00e9, votre photo de profil est visible publiquement dans le contexte de votre commentaire.<\/p>\n\n<h2 class=\"wp-block-heading\">M\u00e9dias<\/h2>\n\n<p>Si vous t\u00e9l\u00e9chargez des images sur le site, vous devez \u00e9viter de t\u00e9l\u00e9charger des images avec des donn\u00e9es de localisation int\u00e9gr\u00e9es (EXIF GPS). Les visiteurs du site peuvent t\u00e9l\u00e9charger et extraire n&rsquo;importe quelle donn\u00e9e de localisation \u00e0 partir des images pr\u00e9sentes sur le site.<\/p>\n\n<h2 class=\"wp-block-heading\">Cookies<\/h2>\n\n<p>En laissant un commentaire sur notre site, vous pouvez accepter que votre nom, votre adresse e-mail et votre site web soient enregistr\u00e9s dans des cookies. Ils sont l\u00e0 pour votre commodit\u00e9, afin que vous n&rsquo;ayez pas \u00e0 saisir \u00e0 nouveau vos donn\u00e9es lorsque vous laissez un autre commentaire. Ces cookies peuvent \u00eatre conserv\u00e9s pendant un an.<\/p>\n\n<p>Lorsque vous visitez notre page d&rsquo;inscription, nous pla\u00e7ons un cookie temporaire afin de d\u00e9terminer si votre navigateur accepte les cookies. Ce cookie ne contient aucune donn\u00e9e personnelle et est supprim\u00e9 lorsque vous fermez votre navigateur.<\/p>\n\n<p>Lorsque vous vous connectez, nous mettons \u00e9galement en place plusieurs cookies afin de m\u00e9moriser vos informations de connexion et vos options d&rsquo;affichage \u00e0 l&rsquo;\u00e9cran. Les cookies de connexion sont valables deux jours et les cookies d&rsquo;options d&rsquo;\u00e9cran sont valables un an. Si vous s\u00e9lectionnez \u00ab\u00a0Rester connect\u00e9\u00a0\u00bb, votre connexion sera maintenue pendant deux semaines. Lorsque vous vous d\u00e9connectez de votre compte, les cookies de connexion sont supprim\u00e9s.<\/p>\n\n<p>Lorsque vous modifiez ou publiez un article, un cookie suppl\u00e9mentaire est enregistr\u00e9 dans votre navigateur. Ce cookie ne contient aucune donn\u00e9e personnelle et indique uniquement l&rsquo;ID de publication de l&rsquo;article que vous venez de modifier. Il expire au bout d&rsquo;un jour.<\/p>\n\n<h2 class=\"wp-block-heading\">Contenu int\u00e9gr\u00e9 d&rsquo;autres sites web<\/h2>\n\n<p>Les articles de ce site peuvent contenir des contenus int\u00e9gr\u00e9s (par exemple des vid\u00e9os, des images, des articles, etc.). Les contenus int\u00e9gr\u00e9s d&rsquo;autres sites web se comportent de la m\u00eame mani\u00e8re que si le visiteur avait visit\u00e9 l&rsquo;autre site web.<\/p>\n\n<p>Ces sites peuvent collecter des donn\u00e9es vous concernant, utiliser des cookies, int\u00e9grer un suivi suppl\u00e9mentaire de tiers et surveiller votre interaction avec ce contenu int\u00e9gr\u00e9, y compris le suivi de votre interaction avec le contenu int\u00e9gr\u00e9 si vous disposez d&rsquo;un compte et \u00eates connect\u00e9 \u00e0 ce site.<\/p>\n\n<h2 class=\"wp-block-heading\">Avec qui nous partageons des donn\u00e9es.<\/h2>\n\n<p>Si vous demandez une r\u00e9initialisation de mot de passe, votre adresse IP sera incluse dans l&rsquo;e-mail de r\u00e9initialisation.<\/p>\n\n<h2 class=\"wp-block-heading\">Combien de temps les donn\u00e9es sont-elles conserv\u00e9es ?<\/h2>\n\n<p>Si vous laissez un commentaire, le commentaire et ses m\u00e9tadonn\u00e9es sont conserv\u00e9s ind\u00e9finiment. De cette mani\u00e8re, nous pouvons d\u00e9tecter et approuver automatiquement les commentaires de suivi au lieu de les garder dans une file d&rsquo;attente de mod\u00e9ration.<\/p>\n\n<p>Pour les utilisateurs qui s&rsquo;enregistrent sur notre site web (le cas \u00e9ch\u00e9ant), nous enregistrons \u00e9galement les donn\u00e9es personnelles qu&rsquo;ils ont fournies dans leur profil d&rsquo;utilisateur. Tous les utilisateurs peuvent consulter, modifier ou supprimer leurs donn\u00e9es personnelles \u00e0 tout moment (sauf qu&rsquo;ils ne peuvent pas modifier leur nom d&rsquo;utilisateur). Les administrateurs de sites web peuvent \u00e9galement voir et modifier ces informations.<\/p>\n\n<h2 class=\"wp-block-heading\">Quels sont vos droits sur vos donn\u00e9es ?<\/h2>\n\n<p>Si vous avez un compte sur ce site ou si vous avez laiss\u00e9 des commentaires, vous pouvez demander \u00e0 recevoir un fichier export\u00e9 des donn\u00e9es personnelles que nous d\u00e9tenons \u00e0 votre sujet, y compris toutes les donn\u00e9es que vous nous avez fournies. Vous pouvez \u00e9galement nous demander de supprimer toutes les donn\u00e9es personnelles que nous d\u00e9tenons \u00e0 votre sujet. Les donn\u00e9es que nous sommes tenus de conserver pour des raisons administratives, juridiques ou de s\u00e9curit\u00e9 ne sont pas concern\u00e9es.<\/p>\n\n<h2 class=\"wp-block-heading\">O\u00f9 nous envoyons vos donn\u00e9es<\/h2>\n\n<p>Les commentaires des visiteurs peuvent \u00eatre v\u00e9rifi\u00e9s par un service automatis\u00e9 de d\u00e9tection des spams.<\/p>\n","protected":false},"excerpt":{"rendered":"<p>Qui sommes-nous ? Nom de la soci\u00e9t\u00e9 : Sascha P\u00f6lzl Nom de l&rsquo;entreprise : Sascha P\u00f6lzl &#8211; La sant\u00e9 par &hellip; <a href=\"https:\/\/team.wellvivo.at\/fr\/privacy-policy-imprint-declaration-de-confidentialite\/\" class=\"more-link\">Poursuivre la lecture <span class=\"screen-reader-text\"> \u00ab\u00a0Privacy Policy \/ Imprint \/ D\u00e9claration de confidentialit\u00e9\u00a0\u00bb<\/span><\/a><\/p>\n","protected":false},"author":1,"featured_media":0,"parent":0,"menu_order":0,"comment_status":"closed","ping_status":"closed","template":"","meta":{"_coblocks_attr":"","_coblocks_dimensions":"","_coblocks_responsive_height":"","_coblocks_accordion_ie_support":"","_uag_custom_page_level_css":"","footnotes":""},"class_list":["post-17298","page","type-page","status-publish","hentry"],"uagb_featured_image_src":{"full":false,"thumbnail":false,"medium":false,"medium_large":false,"large":false,"1536x1536":false,"2048x2048":false,"buddyx-featured":false,"buddyx-large":false,"buddyx-list":false,"buddyx-col-two":false,"buddyx-col-three":false},"uagb_author_info":{"display_name":"Sascha","author_link":"https:\/\/team.wellvivo.at\/fr\/author\/himmelstuermer\/"},"uagb_comment_info":0,"uagb_excerpt":"Qui sommes-nous ? Nom de la soci\u00e9t\u00e9 : Sascha P\u00f6lzl Nom de l&rsquo;entreprise : Sascha P\u00f6lzl &#8211; La sant\u00e9 par &hellip; Poursuivre la lecture \"Privacy Policy \/ Imprint \/ D\u00e9claration de confidentialit\u00e9\"","_links":{"self":[{"href":"https:\/\/team.wellvivo.at\/fr\/wp-json\/wp\/v2\/pages\/17298","targetHints":{"allow":["GET"]}}],"collection":[{"href":"https:\/\/team.wellvivo.at\/fr\/wp-json\/wp\/v2\/pages"}],"about":[{"href":"https:\/\/team.wellvivo.at\/fr\/wp-json\/wp\/v2\/types\/page"}],"author":[{"embeddable":true,"href":"https:\/\/team.wellvivo.at\/fr\/wp-json\/wp\/v2\/users\/1"}],"replies":[{"embeddable":true,"href":"https:\/\/team.wellvivo.at\/fr\/wp-json\/wp\/v2\/comments?post=17298"}],"version-history":[{"count":2,"href":"https:\/\/team.wellvivo.at\/fr\/wp-json\/wp\/v2\/pages\/17298\/revisions"}],"predecessor-version":[{"id":17300,"href":"https:\/\/team.wellvivo.at\/fr\/wp-json\/wp\/v2\/pages\/17298\/revisions\/17300"}],"wp:attachment":[{"href":"https:\/\/team.wellvivo.at\/fr\/wp-json\/wp\/v2\/media?parent=17298"}],"curies":[{"name":"wp","href":"https:\/\/api.w.org\/{rel}","templated":true}]}}