{"id":17273,"date":"2021-09-16T15:46:11","date_gmt":"2021-09-16T15:46:11","guid":{"rendered":"https:\/\/team.wellvivo.at\/textes-dinformation-pour-les-clients\/"},"modified":"2024-04-03T10:16:50","modified_gmt":"2024-04-03T10:16:50","slug":"textes-dinformation-pour-les-clients","status":"publish","type":"page","link":"https:\/\/team.wellvivo.at\/fr\/textes-dinformation-pour-les-clients\/","title":{"rendered":"Textes d&rsquo;information pour les clients"},"content":{"rendered":"\n<p>Tu trouveras ici des textes d&rsquo;information (format Word) que tu peux modifier pour toi (donn\u00e9es de contact et ID) et transmettre \u00e0 des clients potentiels. Merci de v\u00e9rifier \u00e9galement les prix sur les feuilles et de les actualiser si n\u00e9cessaire !<\/p>\n\n<div class=\"wp-block-columns is-layout-flex wp-container-core-columns-is-layout-28f84493 wp-block-columns-is-layout-flex\">\n<div class=\"wp-block-column is-layout-flow wp-block-column-is-layout-flow\">\n<div class=\"wp-block-file\"><a id=\"wp-block-file--media-4d8bc3e7-abfd-45ef-952c-d92bd8577b68\" href=\"https:\/\/team.wellvivo.at\/wp-content\/uploads\/2021\/09\/Mit-dem-richtigen-Fett-Augen.docx\">Avec-un-vrai-regard-de-graisse<\/a><a href=\"https:\/\/team.wellvivo.at\/wp-content\/uploads\/2021\/09\/Mit-dem-richtigen-Fett-Augen.docx\" class=\"wp-block-file__button\" download=\"\" aria-describedby=\"wp-block-file--media-4d8bc3e7-abfd-45ef-952c-d92bd8577b68\">T\u00e9l\u00e9charger<\/a><\/div>\n<\/div>\n\n\n\n<div class=\"wp-block-column is-layout-flow wp-block-column-is-layout-flow\">\n<div class=\"wp-block-file\"><a id=\"wp-block-file--media-a34e0a72-a9b7-4a50-9eae-aa455a8cfeaa\" href=\"https:\/\/team.wellvivo.at\/wp-content\/uploads\/2021\/09\/Mit-dem-richtigen-Fett-Demenz.docx\">D\u00e9mence avec la bonne graisse<\/a><a href=\"https:\/\/team.wellvivo.at\/wp-content\/uploads\/2021\/09\/Mit-dem-richtigen-Fett-Demenz.docx\" class=\"wp-block-file__button\" download=\"\" aria-describedby=\"wp-block-file--media-a34e0a72-a9b7-4a50-9eae-aa455a8cfeaa\">T\u00e9l\u00e9charger<\/a><\/div>\n<\/div>\n\n\n\n<div class=\"wp-block-column is-layout-flow wp-block-column-is-layout-flow\">\n<div class=\"wp-block-file\"><a id=\"wp-block-file--media-96d45e39-0453-421f-ab76-b3b889b3650b\" href=\"https:\/\/team.wellvivo.at\/wp-content\/uploads\/2021\/09\/Mit-dem-richtigen-Fett-Depression.docx\">D\u00e9pression avec la bonne graisse<\/a><a href=\"https:\/\/team.wellvivo.at\/wp-content\/uploads\/2021\/09\/Mit-dem-richtigen-Fett-Depression.docx\" class=\"wp-block-file__button\" download=\"\" aria-describedby=\"wp-block-file--media-96d45e39-0453-421f-ab76-b3b889b3650b\">T\u00e9l\u00e9charger<\/a><\/div>\n<\/div>\n<\/div>\n\n<div class=\"wp-block-columns is-layout-flex wp-container-core-columns-is-layout-28f84493 wp-block-columns-is-layout-flex\">\n<div class=\"wp-block-column is-layout-flow wp-block-column-is-layout-flow\">\n<div class=\"wp-block-file\"><a id=\"wp-block-file--media-4361bbfc-67eb-4227-ae26-d46faf38f530\" href=\"https:\/\/team.wellvivo.at\/wp-content\/uploads\/2021\/09\/Mit-dem-richtigen-Fett-Entzuendung.docx\">D\u00e9graissage avec le bon produit<\/a><a href=\"https:\/\/team.wellvivo.at\/wp-content\/uploads\/2021\/09\/Mit-dem-richtigen-Fett-Entzuendung.docx\" class=\"wp-block-file__button\" download=\"\" aria-describedby=\"wp-block-file--media-4361bbfc-67eb-4227-ae26-d46faf38f530\">T\u00e9l\u00e9charger<\/a><\/div>\n\n\n\n<p><\/p>\n<\/div>\n\n\n\n<div class=\"wp-block-column is-layout-flow wp-block-column-is-layout-flow\">\n<div class=\"wp-block-file\"><a id=\"wp-block-file--media-32f15012-d7f1-41ca-9be9-2fcda6920549\" href=\"https:\/\/team.wellvivo.at\/wp-content\/uploads\/2021\/09\/Mit-dem-richtigen-Fett-Haut-Haare-Naegel.docx\">Avec-la-v\u00e9ritable-graisse-peau-cheveux-ongles<\/a><a href=\"https:\/\/team.wellvivo.at\/wp-content\/uploads\/2021\/09\/Mit-dem-richtigen-Fett-Haut-Haare-Naegel.docx\" class=\"wp-block-file__button\" download=\"\" aria-describedby=\"wp-block-file--media-32f15012-d7f1-41ca-9be9-2fcda6920549\">T\u00e9l\u00e9charger<\/a><\/div>\n<\/div>\n\n\n\n<div class=\"wp-block-column is-layout-flow wp-block-column-is-layout-flow\">\n<div class=\"wp-block-file\"><a id=\"wp-block-file--media-bfebbafe-8036-467f-80be-9fcf275c3fb6\" href=\"https:\/\/team.wellvivo.at\/wp-content\/uploads\/2021\/09\/Mit-dem-richtigen-Fett-Herz.docx\">Avec-un-vrai-gras-c\u0153ur<\/a><a href=\"https:\/\/team.wellvivo.at\/wp-content\/uploads\/2021\/09\/Mit-dem-richtigen-Fett-Herz.docx\" class=\"wp-block-file__button\" download=\"\" aria-describedby=\"wp-block-file--media-bfebbafe-8036-467f-80be-9fcf275c3fb6\">T\u00e9l\u00e9charger<\/a><\/div>\n<\/div>\n<\/div>\n\n<div class=\"wp-block-columns is-layout-flex wp-container-core-columns-is-layout-28f84493 wp-block-columns-is-layout-flex\">\n<div class=\"wp-block-column is-layout-flow wp-block-column-is-layout-flow\">\n<div class=\"wp-block-file\"><a id=\"wp-block-file--media-9a5eb657-ff06-4abc-aeaa-978a339b1067\" href=\"https:\/\/team.wellvivo.at\/wp-content\/uploads\/2021\/09\/Mit-dem-richtigen-Fett-Kinder.docx\">Avec-un-vrai-gros-enfant<\/a><a href=\"https:\/\/team.wellvivo.at\/wp-content\/uploads\/2021\/09\/Mit-dem-richtigen-Fett-Kinder.docx\" class=\"wp-block-file__button\" download=\"\" aria-describedby=\"wp-block-file--media-9a5eb657-ff06-4abc-aeaa-978a339b1067\">T\u00e9l\u00e9charger<\/a><\/div>\n<\/div>\n\n\n\n<div class=\"wp-block-column is-layout-flow wp-block-column-is-layout-flow\">\n<div class=\"wp-block-file\"><a id=\"wp-block-file--media-cf7c9b68-0a8d-4040-b4ce-d5f1bb4f0d65\" href=\"https:\/\/team.wellvivo.at\/wp-content\/uploads\/2021\/09\/Mit-dem-richtigen-Fett-Schwangerschaft.docx\">Grossesse avec la bonne graisse<\/a><a href=\"https:\/\/team.wellvivo.at\/wp-content\/uploads\/2021\/09\/Mit-dem-richtigen-Fett-Schwangerschaft.docx\" class=\"wp-block-file__button\" download=\"\" aria-describedby=\"wp-block-file--media-cf7c9b68-0a8d-4040-b4ce-d5f1bb4f0d65\">T\u00e9l\u00e9charger<\/a><\/div>\n<\/div>\n\n\n\n<div class=\"wp-block-column is-layout-flow wp-block-column-is-layout-flow\">\n<div class=\"wp-block-file\"><a id=\"wp-block-file--media-ea94c5eb-a9c0-4291-bf52-748dd718bb2c\" href=\"https:\/\/team.wellvivo.at\/wp-content\/uploads\/2021\/09\/Mit-dem-richtigen-Fett-Ueberblick.docx\">Avec le bon aper\u00e7u de la graisse<\/a><a href=\"https:\/\/team.wellvivo.at\/wp-content\/uploads\/2021\/09\/Mit-dem-richtigen-Fett-Ueberblick.docx\" class=\"wp-block-file__button\" download=\"\" aria-describedby=\"wp-block-file--media-ea94c5eb-a9c0-4291-bf52-748dd718bb2c\">T\u00e9l\u00e9charger<\/a><\/div>\n<\/div>\n<\/div>\n","protected":false},"excerpt":{"rendered":"<p>Tu trouveras ici des textes d&rsquo;information (format Word) que tu peux modifier pour toi (donn\u00e9es de contact et ID) et &hellip; <a href=\"https:\/\/team.wellvivo.at\/fr\/textes-dinformation-pour-les-clients\/\" class=\"more-link\">Poursuivre la lecture <span class=\"screen-reader-text\"> \u00ab\u00a0Textes d&rsquo;information pour les clients\u00a0\u00bb<\/span><\/a><\/p>\n","protected":false},"author":1,"featured_media":0,"parent":0,"menu_order":0,"comment_status":"closed","ping_status":"closed","template":"","meta":{"_coblocks_attr":"","_coblocks_dimensions":"","_coblocks_responsive_height":"","_coblocks_accordion_ie_support":"","_uag_custom_page_level_css":"","footnotes":""},"class_list":["post-17273","page","type-page","status-publish","hentry"],"uagb_featured_image_src":{"full":false,"thumbnail":false,"medium":false,"medium_large":false,"large":false,"1536x1536":false,"2048x2048":false,"buddyx-featured":false,"buddyx-large":false,"buddyx-list":false,"buddyx-col-two":false,"buddyx-col-three":false},"uagb_author_info":{"display_name":"Sascha","author_link":"https:\/\/team.wellvivo.at\/fr\/author\/himmelstuermer\/"},"uagb_comment_info":0,"uagb_excerpt":"Tu trouveras ici des textes d&rsquo;information (format Word) que tu peux modifier pour toi (donn\u00e9es de contact et ID) et &hellip; Poursuivre la lecture \"Textes d&rsquo;information pour les clients\"","_links":{"self":[{"href":"https:\/\/team.wellvivo.at\/fr\/wp-json\/wp\/v2\/pages\/17273","targetHints":{"allow":["GET"]}}],"collection":[{"href":"https:\/\/team.wellvivo.at\/fr\/wp-json\/wp\/v2\/pages"}],"about":[{"href":"https:\/\/team.wellvivo.at\/fr\/wp-json\/wp\/v2\/types\/page"}],"author":[{"embeddable":true,"href":"https:\/\/team.wellvivo.at\/fr\/wp-json\/wp\/v2\/users\/1"}],"replies":[{"embeddable":true,"href":"https:\/\/team.wellvivo.at\/fr\/wp-json\/wp\/v2\/comments?post=17273"}],"version-history":[{"count":2,"href":"https:\/\/team.wellvivo.at\/fr\/wp-json\/wp\/v2\/pages\/17273\/revisions"}],"predecessor-version":[{"id":17281,"href":"https:\/\/team.wellvivo.at\/fr\/wp-json\/wp\/v2\/pages\/17273\/revisions\/17281"}],"wp:attachment":[{"href":"https:\/\/team.wellvivo.at\/fr\/wp-json\/wp\/v2\/media?parent=17273"}],"curies":[{"name":"wp","href":"https:\/\/api.w.org\/{rel}","templated":true}]}}