{"id":17272,"date":"2020-11-23T17:24:43","date_gmt":"2020-11-23T17:24:43","guid":{"rendered":"https:\/\/team.wellvivo.at\/connaissance-des-produits\/"},"modified":"2024-04-03T10:16:48","modified_gmt":"2024-04-03T10:16:48","slug":"connaissance-des-produits","status":"publish","type":"page","link":"https:\/\/team.wellvivo.at\/fr\/connaissance-des-produits\/","title":{"rendered":"Connaissance des produits"},"content":{"rendered":"\n<h2 class=\"wp-block-heading\">Dossiers TV ou vid\u00e9os en allemand :<\/h2>\n\n<p><strong>Documentaire ARTE \u00ab\u00a0Notre cerveau est ce qu&rsquo;il mange<\/strong><br\/><a href=\"https:\/\/www.youtube.com\/watch?v=aR2dmtuFNVo\" target=\"_blank\" rel=\"noreferrer noopener nofollow\">https:\/\/www.youtube.com\/watch?v=aR2dmtuFNVo<\/a><\/p>\n\n<p><strong>Documentaire de 3sat \u00ab\u00a0Schwelbrand im K\u00f6rper &#8211; Wenn Entz\u00fcndungen krank machen\u00a0\u00bb (Feu couvant dans le corps &#8211; quand les inflammations rendent malade) :<\/strong><br\/><a href=\"https:\/\/youtu.be\/iqbOHZX9wag\" target=\"_blank\" rel=\"noreferrer noopener nofollow\">https:\/\/youtu.be\/iqbOHZX9wag<\/a><\/p>\n\n<p><strong>Documentaire ARTE : \u00ab\u00a0D\u00e9pression &#8211; Nouvel espoir\u00a0\u00bb :<br\/><\/strong><a href=\"https:\/\/www.youtube.com\/watch?v=w0V1UBNPmJI&amp;t=30s\" target=\"_blank\" rel=\"noreferrer noopener nofollow\">https:\/\/www.youtube.com\/watch?v=w0V1UBNPmJI&amp;t=30s<\/a><\/p>\n\n<p><strong>Fascination du savoir : \u00ab\u00a0Les om\u00e9ga-3, rem\u00e8de miracle ou business making\u00a0\u00bb :<\/strong><br\/><a href=\"https:\/\/youtu.be\/qn_509HUMk4\" target=\"_blank\" rel=\"noreferrer noopener nofollow\">https:\/\/youtu.be\/qn_509HUMk4<\/a><\/p>\n\n<p><strong>Vid\u00e9o expliquant l&rsquo;\u00e9quilibre om\u00e9ga-6 om\u00e9ga-3 :<\/strong><br\/><a href=\"https:\/\/www.youtube.com\/watch?v=fHRVpy187Gg&amp;list=FLNVtFSuMe223SImbNtZS3FQ&amp;index=2&amp;t=0s\" target=\"_blank\" rel=\"noreferrer noopener nofollow\">https:\/\/www.youtube.com\/watch?v=fHRVpy187Gg&amp;list=FLNVtFSuMe223SImbNtZS3FQ&amp;index=2&amp;t=0s<\/a><\/p>\n\n<p><strong>Vid\u00e9o du Dr. Markus Stark avec une super explication (Attention ! A sa propre ligne de produits, donc \u00e0 ne regarder qu&rsquo;\u00e0 titre d&rsquo;information personnelle &#8211; ne pas transmettre \u00e0 des clients !)<\/strong><br\/><a href=\"https:\/\/youtu.be\/X9TXsQkylis\" target=\"_blank\" rel=\"noreferrer noopener nofollow\">https:\/\/youtu.be\/X9TXsQkylis<\/a><\/p>\n\n<p><strong>L&rsquo;importance des om\u00e9ga-3 pour nos performances c\u00e9r\u00e9brales (attention, c&rsquo;est une vid\u00e9o du concurrent Norsan !):<\/strong><br\/><a href=\"https:\/\/www.youtube.com\/watch?v=av_lqPdO3G0\" target=\"_blank\" rel=\"noreferrer noopener nofollow\">https:\/\/www.youtube.com\/watch?v=av_lqPdO3G0<\/a><\/p>\n\n<p><strong>Interview de Joe Vogelsam (Linzer Zinzino Team) avec le Dr Horn sur le th\u00e8me du TDAH :<\/strong><br\/><a href=\"https:\/\/youtu.be\/7SLimmK0jCo\" target=\"_blank\" rel=\"noreferrer noopener nofollow\">https:\/\/youtu.be\/7SLimmK0jCo<\/a><\/p>\n\n<p><strong>Spot TV de la Soci\u00e9t\u00e9 canadienne de cardiologie (le spot que Sascha a dans sa pr\u00e9sentation) :<\/strong><br\/><a href=\"https:\/\/www.youtube.com\/watch?v=Qo6QNU8kHxI&amp;list=FLNVtFSuMe223SImbNtZS3FQ&amp;index=3\" target=\"_blank\" rel=\"noreferrer noopener nofollow\">https:\/\/www.youtube.com\/watch?v=Qo6QNU8kHxI&amp;list=FLNVtFSuMe223SImbNtZS3FQ&amp;index=3<\/a><\/p>\n\n<h2 class=\"wp-block-heading\"><strong>En anglais :<\/strong><\/h2>\n\n<p><strong>ThomasGundersen, PDG de VITAS, avec Cherie Gorringe, praticienne en diamants<\/strong><br\/><a href=\"https:\/\/youtu.be\/VbviGwOJ_zc\" target=\"_blank\" rel=\"noreferrer noopener nofollow\">https:\/\/youtu.be\/VbviGwOJ_zc<\/a><\/p>\n\n<p><strong>Dr Paul Clayton &#8211; 12 mins<\/strong><br\/><a href=\"https:\/\/youtu.be\/s78lGFFm9wk\" target=\"_blank\" rel=\"noreferrer noopener nofollow\">https:\/\/youtu.be\/s78lGFFm9wk<\/a><\/p>\n\n<p><strong>Zoom Interview avec le Dr Paul Clayton<\/strong><br\/><a href=\"https:\/\/youtu.be\/jc-UdNiTKJ8\" target=\"_blank\" rel=\"noreferrer noopener nofollow\">https:\/\/youtu.be\/jc-UdNiTKJ8<\/a><\/p>\n\n<p><strong>BBC Health : La grossesse et les om\u00e9ga-3 :<\/strong><br\/><a href=\"https:\/\/youtu.be\/49Xf3hOyAGI\" target=\"_blank\" rel=\"noreferrer noopener nofollow\">https:\/\/youtu.be\/49Xf3hOyAGI<\/a><\/p>\n\n<p><strong>Le National Geographic : Acides gras om\u00e9ga-3 :<\/strong><br\/><a href=\"https:\/\/youtu.be\/Fs4wccjP44M\" target=\"_blank\" rel=\"noreferrer noopener nofollow\">https:\/\/youtu.be\/Fs4wccjP44M<\/a><\/p>\n\n<p><strong>PUFAs : Polyunsaturated Fatty Acid Metabolism (DHA, EPA, AA) :<br\/><\/strong><a href=\"https:\/\/youtu.be\/Bj6qefVfoDM\" target=\"_blank\" rel=\"noreferrer noopener nofollow\">https:\/\/youtu.be\/Bj6qefVfoDM<\/a><\/p>\n\n<p><strong>Omega-3 fatty acids and inflammatory processes par Philip Calder :<\/strong><br\/><a href=\"https:\/\/youtu.be\/R0AB5Alx0pE?list=TLPQMjAwNTIwMjBnzg0ysObaPA\" target=\"_blank\" rel=\"noreferrer noopener nofollow\">https:\/\/youtu.be\/R0AB5Alx0pE?list=TLPQMjAwNTIwMjBnzg0ysObaPA<\/a><\/p>\n\n<p><strong>Discours du Dr Paul Clayton sur les questions de sant\u00e9 des maires :<\/strong><br\/><a href=\"https:\/\/youtu.be\/MDM_k_92gVc\" target=\"_blank\" rel=\"noreferrer noopener nofollow\">https:\/\/youtu.be\/MDM_k_92gVc<\/a><\/p>\n\n<p><strong>Conseil consultatif scientifique Zinzino \u00e0 la Leadeschool Oslo 2018 :<\/strong><br\/><a href=\"https:\/\/youtu.be\/mJ48CKOe37M\" target=\"_blank\" rel=\"noreferrer noopener nofollow\">https:\/\/youtu.be\/mJ48CKOe37M<\/a><\/p>\n","protected":false},"excerpt":{"rendered":"<p>Dossiers TV ou vid\u00e9os en allemand : Documentaire ARTE \u00ab\u00a0Notre cerveau est ce qu&rsquo;il mangehttps:\/\/www.youtube.com\/watch?v=aR2dmtuFNVo Documentaire de 3sat \u00ab\u00a0Schwelbrand im &hellip; <a href=\"https:\/\/team.wellvivo.at\/fr\/connaissance-des-produits\/\" class=\"more-link\">Poursuivre la lecture <span class=\"screen-reader-text\"> \u00ab\u00a0Connaissance des produits\u00a0\u00bb<\/span><\/a><\/p>\n","protected":false},"author":1,"featured_media":0,"parent":0,"menu_order":0,"comment_status":"closed","ping_status":"closed","template":"","meta":{"_coblocks_attr":"","_coblocks_dimensions":"","_coblocks_responsive_height":"","_coblocks_accordion_ie_support":"","_uag_custom_page_level_css":"","footnotes":""},"class_list":["post-17272","page","type-page","status-publish","hentry"],"uagb_featured_image_src":{"full":false,"thumbnail":false,"medium":false,"medium_large":false,"large":false,"1536x1536":false,"2048x2048":false,"buddyx-featured":false,"buddyx-large":false,"buddyx-list":false,"buddyx-col-two":false,"buddyx-col-three":false},"uagb_author_info":{"display_name":"Sascha","author_link":"https:\/\/team.wellvivo.at\/fr\/author\/himmelstuermer\/"},"uagb_comment_info":0,"uagb_excerpt":"Dossiers TV ou vid\u00e9os en allemand : Documentaire ARTE \u00ab\u00a0Notre cerveau est ce qu&rsquo;il mangehttps:\/\/www.youtube.com\/watch?v=aR2dmtuFNVo Documentaire de 3sat \u00ab\u00a0Schwelbrand im &hellip; Poursuivre la lecture \"Connaissance des produits\"","_links":{"self":[{"href":"https:\/\/team.wellvivo.at\/fr\/wp-json\/wp\/v2\/pages\/17272","targetHints":{"allow":["GET"]}}],"collection":[{"href":"https:\/\/team.wellvivo.at\/fr\/wp-json\/wp\/v2\/pages"}],"about":[{"href":"https:\/\/team.wellvivo.at\/fr\/wp-json\/wp\/v2\/types\/page"}],"author":[{"embeddable":true,"href":"https:\/\/team.wellvivo.at\/fr\/wp-json\/wp\/v2\/users\/1"}],"replies":[{"embeddable":true,"href":"https:\/\/team.wellvivo.at\/fr\/wp-json\/wp\/v2\/comments?post=17272"}],"version-history":[{"count":2,"href":"https:\/\/team.wellvivo.at\/fr\/wp-json\/wp\/v2\/pages\/17272\/revisions"}],"predecessor-version":[{"id":17282,"href":"https:\/\/team.wellvivo.at\/fr\/wp-json\/wp\/v2\/pages\/17272\/revisions\/17282"}],"wp:attachment":[{"href":"https:\/\/team.wellvivo.at\/fr\/wp-json\/wp\/v2\/media?parent=17272"}],"curies":[{"name":"wp","href":"https:\/\/api.w.org\/{rel}","templated":true}]}}