{"id":17270,"date":"2021-10-15T09:42:15","date_gmt":"2021-10-15T09:42:15","guid":{"rendered":"https:\/\/team.wellvivo.at\/tes-liens-ont-ete-envoyes\/"},"modified":"2024-04-03T10:16:48","modified_gmt":"2024-04-03T10:16:48","slug":"tes-liens-ont-ete-envoyes","status":"publish","type":"page","link":"https:\/\/team.wellvivo.at\/fr\/tes-liens-ont-ete-envoyes\/","title":{"rendered":"Tes liens ont \u00e9t\u00e9 envoy\u00e9s !"},"content":{"rendered":"\n<p>Merci d\u2019avoir utilis\u00e9 le formulaire. Tu devrais maintenant avoir re\u00e7u un e-mail \u00e0 l\u2019adresse indiqu\u00e9e, dans lequel tes liens vers ta boutique et vers les principaux produits et pages sont directement inclus. Tu peux ensuite copier ces liens et les transmettre directement aux personnes int\u00e9ress\u00e9es.<\/p>\n","protected":false},"excerpt":{"rendered":"<p>Merci d\u2019avoir utilis\u00e9 le formulaire. Tu devrais maintenant avoir re\u00e7u un e-mail \u00e0 l\u2019adresse indiqu\u00e9e, dans lequel tes liens vers &hellip; <a href=\"https:\/\/team.wellvivo.at\/fr\/tes-liens-ont-ete-envoyes\/\" class=\"more-link\">Poursuivre la lecture <span class=\"screen-reader-text\"> \u00ab\u00a0Tes liens ont \u00e9t\u00e9 envoy\u00e9s !\u00a0\u00bb<\/span><\/a><\/p>\n","protected":false},"author":1,"featured_media":0,"parent":0,"menu_order":0,"comment_status":"closed","ping_status":"closed","template":"","meta":{"_coblocks_attr":"","_coblocks_dimensions":"","_coblocks_responsive_height":"","_coblocks_accordion_ie_support":"","_uag_custom_page_level_css":"","footnotes":""},"class_list":["post-17270","page","type-page","status-publish","hentry"],"uagb_featured_image_src":{"full":false,"thumbnail":false,"medium":false,"medium_large":false,"large":false,"1536x1536":false,"2048x2048":false,"buddyx-featured":false,"buddyx-large":false,"buddyx-list":false,"buddyx-col-two":false,"buddyx-col-three":false},"uagb_author_info":{"display_name":"Sascha","author_link":"https:\/\/team.wellvivo.at\/fr\/author\/himmelstuermer\/"},"uagb_comment_info":0,"uagb_excerpt":"Merci d\u2019avoir utilis\u00e9 le formulaire. Tu devrais maintenant avoir re\u00e7u un e-mail \u00e0 l\u2019adresse indiqu\u00e9e, dans lequel tes liens vers &hellip; Poursuivre la lecture \"Tes liens ont \u00e9t\u00e9 envoy\u00e9s !\"","_links":{"self":[{"href":"https:\/\/team.wellvivo.at\/fr\/wp-json\/wp\/v2\/pages\/17270","targetHints":{"allow":["GET"]}}],"collection":[{"href":"https:\/\/team.wellvivo.at\/fr\/wp-json\/wp\/v2\/pages"}],"about":[{"href":"https:\/\/team.wellvivo.at\/fr\/wp-json\/wp\/v2\/types\/page"}],"author":[{"embeddable":true,"href":"https:\/\/team.wellvivo.at\/fr\/wp-json\/wp\/v2\/users\/1"}],"replies":[{"embeddable":true,"href":"https:\/\/team.wellvivo.at\/fr\/wp-json\/wp\/v2\/comments?post=17270"}],"version-history":[{"count":2,"href":"https:\/\/team.wellvivo.at\/fr\/wp-json\/wp\/v2\/pages\/17270\/revisions"}],"predecessor-version":[{"id":17277,"href":"https:\/\/team.wellvivo.at\/fr\/wp-json\/wp\/v2\/pages\/17270\/revisions\/17277"}],"wp:attachment":[{"href":"https:\/\/team.wellvivo.at\/fr\/wp-json\/wp\/v2\/media?parent=17270"}],"curies":[{"name":"wp","href":"https:\/\/api.w.org\/{rel}","templated":true}]}}