{"id":17261,"date":"2021-09-24T08:48:38","date_gmt":"2021-09-24T08:48:38","guid":{"rendered":"https:\/\/team.wellvivo.at\/indications\/"},"modified":"2024-04-03T10:16:50","modified_gmt":"2024-04-03T10:16:50","slug":"indications","status":"publish","type":"page","link":"https:\/\/team.wellvivo.at\/fr\/indications\/","title":{"rendered":"Indications"},"content":{"rendered":"\n<p><strong>Notre huile Balance n&rsquo;est pas un m\u00e9dicament, mais il existe des all\u00e9gations de sant\u00e9 confirm\u00e9es par l&rsquo;EFSA :<\/strong><\/p>\n\n<figure class=\"wp-block-image size-full is-style-default\"><img loading=\"lazy\" decoding=\"async\" width=\"2104\" height=\"1146\" src=\"https:\/\/www.wellvivo.at\/wp-content\/uploads\/2021\/09\/Health-Claims.jpg\" alt=\"\" class=\"wp-image-6191\" srcset=\"https:\/\/team.wellvivo.at\/wp-content\/uploads\/2021\/09\/Health-Claims.jpg 2104w, https:\/\/team.wellvivo.at\/wp-content\/uploads\/2021\/09\/Health-Claims-300x163.jpg 300w, https:\/\/team.wellvivo.at\/wp-content\/uploads\/2021\/09\/Health-Claims-1024x558.jpg 1024w, https:\/\/team.wellvivo.at\/wp-content\/uploads\/2021\/09\/Health-Claims-768x418.jpg 768w, https:\/\/team.wellvivo.at\/wp-content\/uploads\/2021\/09\/Health-Claims-1536x837.jpg 1536w, https:\/\/team.wellvivo.at\/wp-content\/uploads\/2021\/09\/Health-Claims-2048x1115.jpg 2048w, https:\/\/team.wellvivo.at\/wp-content\/uploads\/2021\/09\/Health-Claims-1568x854.jpg 1568w\" sizes=\"auto, 100vw\" \/><\/figure>\n\n<h6 class=\"wp-block-heading\">Ne faites donc pas de promesses de gu\u00e9rison, mais dites simplement que ces situations PEUVENT s&rsquo;am\u00e9liorer !<\/h6>\n\n<p><strong>Des \u00e9tudes avec des r\u00e9sultats clairs ont \u00e9t\u00e9 faites sur les sujets suivants :<\/strong><\/p>\n\n<ul class=\"wp-block-list\"><li>R\u00e9duction des risques cardiovasculaires :<ul><li>ils ont un effet anti-arythmique (rythme cardiaque)<\/li><li>elles stabilisent les territoires vasculaires instables<\/li><li>ralentissent la progression des alt\u00e9rations des vaisseaux coronaires<\/li><li>ils r\u00e9duisent les triglyc\u00e9rides<\/li><li>effet pr\u00e9ventif contre les maladies coronariennes<\/li><li>elles ont un effet fluidifiant sur le sang et favorisent la circulation sanguine<\/li><li>ils inhibent l&rsquo;agr\u00e9gation plaquettaire (plus besoin d&rsquo;anticoagulants !)<\/li><li>ils ont de nombreux autres effets positifs sur la fonction vasculaire, la tension art\u00e9rielle, les m\u00e9diateurs de l&rsquo;inflammation<\/li><\/ul><\/li><li>R\u00e9duisent le risque d&rsquo;accident vasculaire c\u00e9r\u00e9bral<\/li><li>Am\u00e9liorent les capacit\u00e9s cognitives &#8211; y compris celles caus\u00e9es par la d\u00e9mence et la maladie d&rsquo;Alzheimer<\/li><li>Les maladies inflammatoires \u00e0 composante auto-immune sont nettement am\u00e9lior\u00e9es, par ex :<br\/>Rhumatisme, polyarthrite, Hashimoto, maladie de Crohn, colite ulc\u00e9reuse, psoriasis, dermatite atopique, diab\u00e8te de type 1, lupus, spondylarthrite ankylosante, scl\u00e9rose en plaques, maladie c\u0153liaque, etc.<\/li><li>Am\u00e9liorent la d\u00e9g\u00e9n\u00e9rescence maculaire li\u00e9e \u00e0 l&rsquo;\u00e2ge &#8211; Am\u00e9lioration de la vision<\/li><li>Aide \u00e0 lutter contre la surconsommation d&rsquo;om\u00e9ga-3 dans la r\u00e9tine lors du travail sur \u00e9cran<\/li><li>Ont un effet antid\u00e9presseur et peuvent faire dispara\u00eetre compl\u00e8tement les d\u00e9pressions (apr\u00e8s 6 mois, 1g d&rsquo;EPA\/T ne n\u00e9cessite g\u00e9n\u00e9ralement plus de m\u00e9dication !)<\/li><li>Am\u00e9liorer l&rsquo;\u00e9tat des personnes atteintes de schizophr\u00e9nie<\/li><li>Am\u00e9liorent l&rsquo;\u00e9tat psychique des personnalit\u00e9s borderline<\/li><li>Augmentent le taux de dopamine dans le cerveau et aident ainsi en cas de TDAH, de maladie de Parkinson et de scl\u00e9rose en plaques (apr\u00e8s 6 mois de prise de 0,6g\/T, m\u00eame effet qu&rsquo;avec une m\u00e9dication traditionnelle !)<\/li><li>etc.<\/li><\/ul>\n\n<p>En outre, si vous n&rsquo;\u00eates pas s\u00fbr(e), vous pouvez toujours chercher des \u00e9tudes dans notre backoffice et sur Wikipedia !<\/p>\n\n<p><a href=\"https:\/\/de.wikipedia.org\/wiki\/Omega-3-Fetts%C3%A4uren\" target=\"_blank\" rel=\"noreferrer noopener\">Cliquez ici pour acc\u00e9der \u00e0 l&rsquo;entr\u00e9e Wikipedia sur les acides gras om\u00e9ga-3 -&gt;<\/a><\/p>\n","protected":false},"excerpt":{"rendered":"<p>Notre huile Balance n&rsquo;est pas un m\u00e9dicament, mais il existe des all\u00e9gations de sant\u00e9 confirm\u00e9es par l&rsquo;EFSA : Ne faites &hellip; <a href=\"https:\/\/team.wellvivo.at\/fr\/indications\/\" class=\"more-link\">Poursuivre la lecture <span class=\"screen-reader-text\"> \u00ab\u00a0Indications\u00a0\u00bb<\/span><\/a><\/p>\n","protected":false},"author":1,"featured_media":0,"parent":0,"menu_order":0,"comment_status":"closed","ping_status":"closed","template":"","meta":{"_coblocks_attr":"","_coblocks_dimensions":"","_coblocks_responsive_height":"","_coblocks_accordion_ie_support":"","_uag_custom_page_level_css":"","footnotes":""},"class_list":["post-17261","page","type-page","status-publish","hentry"],"uagb_featured_image_src":{"full":false,"thumbnail":false,"medium":false,"medium_large":false,"large":false,"1536x1536":false,"2048x2048":false,"buddyx-featured":false,"buddyx-large":false,"buddyx-list":false,"buddyx-col-two":false,"buddyx-col-three":false},"uagb_author_info":{"display_name":"Sascha","author_link":"https:\/\/team.wellvivo.at\/fr\/author\/himmelstuermer\/"},"uagb_comment_info":0,"uagb_excerpt":"Notre huile Balance n&rsquo;est pas un m\u00e9dicament, mais il existe des all\u00e9gations de sant\u00e9 confirm\u00e9es par l&rsquo;EFSA : Ne faites &hellip; Poursuivre la lecture \"Indications\"","_links":{"self":[{"href":"https:\/\/team.wellvivo.at\/fr\/wp-json\/wp\/v2\/pages\/17261","targetHints":{"allow":["GET"]}}],"collection":[{"href":"https:\/\/team.wellvivo.at\/fr\/wp-json\/wp\/v2\/pages"}],"about":[{"href":"https:\/\/team.wellvivo.at\/fr\/wp-json\/wp\/v2\/types\/page"}],"author":[{"embeddable":true,"href":"https:\/\/team.wellvivo.at\/fr\/wp-json\/wp\/v2\/users\/1"}],"replies":[{"embeddable":true,"href":"https:\/\/team.wellvivo.at\/fr\/wp-json\/wp\/v2\/comments?post=17261"}],"version-history":[{"count":2,"href":"https:\/\/team.wellvivo.at\/fr\/wp-json\/wp\/v2\/pages\/17261\/revisions"}],"predecessor-version":[{"id":17269,"href":"https:\/\/team.wellvivo.at\/fr\/wp-json\/wp\/v2\/pages\/17261\/revisions\/17269"}],"wp:attachment":[{"href":"https:\/\/team.wellvivo.at\/fr\/wp-json\/wp\/v2\/media?parent=17261"}],"curies":[{"name":"wp","href":"https:\/\/api.w.org\/{rel}","templated":true}]}}