{"id":17259,"date":"2021-10-15T13:41:36","date_gmt":"2021-10-15T13:41:36","guid":{"rendered":"https:\/\/team.wellvivo.at\/page-daccueil\/"},"modified":"2024-04-03T15:48:16","modified_gmt":"2024-04-03T15:48:16","slug":"page-daccueil","status":"publish","type":"page","link":"https:\/\/team.wellvivo.at\/fr\/","title":{"rendered":"Page d&rsquo;accueil"},"content":{"rendered":"\n<div class=\"wp-block-cover alignfull is-light\" style=\"min-height:800px;aspect-ratio:unset;\"><span aria-hidden=\"true\" class=\"wp-block-cover__background has-theme-secondary-background-color has-background-dim\"><\/span><img loading=\"lazy\" decoding=\"async\" width=\"2560\" height=\"1707\" class=\"wp-block-cover__image-background wp-image-10834\" alt=\"\" src=\"https:\/\/team.wellvivo.at\/wp-content\/uploads\/2022\/09\/IP-Image-Hiking-2-web-scaled.jpg\" data-object-fit=\"cover\" srcset=\"https:\/\/team.wellvivo.at\/wp-content\/uploads\/2022\/09\/IP-Image-Hiking-2-web-scaled.jpg 2560w, https:\/\/team.wellvivo.at\/wp-content\/uploads\/2022\/09\/IP-Image-Hiking-2-web-300x200.jpg 300w, https:\/\/team.wellvivo.at\/wp-content\/uploads\/2022\/09\/IP-Image-Hiking-2-web-1024x683.jpg 1024w, https:\/\/team.wellvivo.at\/wp-content\/uploads\/2022\/09\/IP-Image-Hiking-2-web-768x512.jpg 768w, https:\/\/team.wellvivo.at\/wp-content\/uploads\/2022\/09\/IP-Image-Hiking-2-web-1536x1024.jpg 1536w, https:\/\/team.wellvivo.at\/wp-content\/uploads\/2022\/09\/IP-Image-Hiking-2-web-2048x1365.jpg 2048w, https:\/\/team.wellvivo.at\/wp-content\/uploads\/2022\/09\/IP-Image-Hiking-2-web-450x300.jpg 450w\" sizes=\"auto, 100vw\" \/><div class=\"wp-block-cover__inner-container is-layout-flow wp-block-cover-is-layout-flow\">\n<h3 class=\"has-text-align-center has-theme-white-color has-text-color wp-block-heading\">Plate-forme de formation pour les distributeurs ind\u00e9pendants Zinzino<\/h3>\n\n\n\n<h1 class=\"has-text-align-center has-theme-white-color has-text-color wp-block-heading\">Bienvenue !<\/h1>\n\n\n\n<p class=\"has-text-align-center has-theme-white-color has-text-color\">En tant que partenaire de distribution Zinzino, tu trouveras ici toutes les informations n\u00e9cessaires pour d\u00e9velopper ton activit\u00e9 avec succ\u00e8s !  <br\/>Structur\u00e9 en cours de plusieurs le\u00e7ons, chacune avec des tests \u00e0 choix multiples pour l&rsquo;auto-\u00e9valuation,  <br\/>pour ton progr\u00e8s individuel.<\/p>\n\n\n\n<div class=\"wp-block-buttons is-horizontal is-content-justification-center is-layout-flex wp-container-core-buttons-is-layout-03627597 wp-block-buttons-is-layout-flex\">\n<div class=\"wp-block-button is-style-fill\"><a class=\"wp-block-button__link has-ast-global-color-2-color has-theme-blue-background-color has-text-color has-background\" href=\"https:\/\/team.wellvivo.at\/fr\/?page_id=17188\"><strong>Que propose la plate-forme ?<\/strong><\/a><\/div>\n\n\n\n<div class=\"wp-block-button is-style-fill\"><a class=\"wp-block-button__link has-ast-global-color-2-color has-theme-blue-background-color has-text-color has-background\" href=\"https:\/\/team.wellvivo.at\/fr\/?page_id=17215\" rel=\"#\"><strong>Mod\u00e8les d&rsquo;abonnement<\/strong><\/a><\/div>\n\n\n\n<div class=\"wp-block-button\"><a class=\"wp-block-button__link has-ast-global-color-5-color has-theme-blue-background-color has-text-color has-background\" href=\"https:\/\/team.wellvivo.at\/fr\/?page_id=17260\"><strong>T\u00e9moignages de clients<\/strong><\/a><\/div>\n<\/div>\n<\/div><\/div>\n\n<div class=\"wp-block-uagb-testimonial uagb-slick-carousel uagb-tm__arrow-outside uagb-block-ade3851d uagb-post__carousel_equal-height\"><div class=\"is-carousel uagb-tm__columns-3 uagb-tm__items\"><div class=\"uagb-testimonial__wrap  uagb-tm__imgicon-style-circle uagb-tm__image-position-bottom uagb-tm__bg-type-color \"><div class=\"uagb-tm__content\"><div class=\"uagb-tm__overlay\"><\/div><div class=\"uagb-tm__text-wrap\"><div class=\"uagb-tm__desc\">Le site est tr\u00e8s attrayant et donne envie d&rsquo;en savoir plus. Je suis partante et je me r\u00e9jouis de suivre ce cours ! Merci beaucoup \u00e0 tous les deux !<\/div><div class=\"uagb-tm__meta-inner\"><div class=\"uagb-testimonial-details\"><span class=\"uagb-tm__author-name\">Une utilisatrice  <\/span><span class=\"uagb-tm__company\"><\/span><\/div><\/div><\/div><\/div><\/div><div class=\"uagb-testimonial__wrap  uagb-tm__imgicon-style-circle uagb-tm__image-position-bottom uagb-tm__bg-type-color \"><div class=\"uagb-tm__content\"><div class=\"uagb-tm__overlay\"><\/div><div class=\"uagb-tm__text-wrap\"><div class=\"uagb-tm__desc\">Je suis ravi. Je suis de la partie ! Superbe !<\/div><div class=\"uagb-tm__meta-inner\"><div class=\"uagb-testimonial-details\"><span class=\"uagb-tm__author-name\">Une utilisatrice  <\/span><span class=\"uagb-tm__company\"><\/span><\/div><\/div><\/div><\/div><\/div><div class=\"uagb-testimonial__wrap  uagb-tm__imgicon-style-circle uagb-tm__image-position-bottom uagb-tm__bg-type-color \"><div class=\"uagb-tm__content\"><div class=\"uagb-tm__overlay\"><\/div><div class=\"uagb-tm__text-wrap\"><div class=\"uagb-tm__desc\">&#8230; je suis compl\u00e8tement bluff\u00e9 &#8230; c&rsquo;est g\u00e9nial !<\/div><div class=\"uagb-tm__meta-inner\"><div class=\"uagb-testimonial-details\"><span class=\"uagb-tm__author-name\">Une utilisatrice  <\/span><span class=\"uagb-tm__company\"><\/span><\/div><\/div><\/div><\/div><\/div><div class=\"uagb-testimonial__wrap  uagb-tm__imgicon-style-circle uagb-tm__image-position-bottom uagb-tm__bg-type-color \"><div class=\"uagb-tm__content\"><div class=\"uagb-tm__overlay\"><\/div><div class=\"uagb-tm__text-wrap\"><div class=\"uagb-tm__desc\">Un grand merci pour cette plate-forme, votre engagement et votre enthousiasme !<\/div><div class=\"uagb-tm__meta-inner\"><div class=\"uagb-testimonial-details\"><span class=\"uagb-tm__author-name\">Un utilisateur<\/span><span class=\"uagb-tm__company\"><\/span><\/div><\/div><\/div><\/div><\/div><div class=\"uagb-testimonial__wrap  uagb-tm__imgicon-style-circle uagb-tm__image-position-bottom uagb-tm__bg-type-color \"><div class=\"uagb-tm__content\"><div class=\"uagb-tm__overlay\"><\/div><div class=\"uagb-tm__text-wrap\"><div class=\"uagb-tm__desc\">C&rsquo;est vraiment g\u00e9nial &#8211; je suis ravie !<\/div><div class=\"uagb-tm__meta-inner\"><div class=\"uagb-testimonial-details\"><span class=\"uagb-tm__author-name\">Un utilisateur<\/span><span class=\"uagb-tm__company\"><\/span><\/div><\/div><\/div><\/div><\/div><div class=\"uagb-testimonial__wrap  uagb-tm__imgicon-style-circle uagb-tm__image-position-bottom uagb-tm__bg-type-color \"><div class=\"uagb-tm__content\"><div class=\"uagb-tm__overlay\"><\/div><div class=\"uagb-tm__text-wrap\"><div class=\"uagb-tm__desc\">SPITZEEEEEE !!!!! MERCI \u00e0 tous ceux qui ont rendu cela possible !!!!<\/div><div class=\"uagb-tm__meta-inner\"><div class=\"uagb-testimonial-details\"><span class=\"uagb-tm__author-name\">Une utilisatrice<\/span><span class=\"uagb-tm__company\"><\/span><\/div><\/div><\/div><\/div><\/div><div class=\"uagb-testimonial__wrap  uagb-tm__imgicon-style-circle uagb-tm__image-position-bottom uagb-tm__bg-type-color \"><div class=\"uagb-tm__content\"><div class=\"uagb-tm__overlay\"><\/div><div class=\"uagb-tm__text-wrap\"><div class=\"uagb-tm__desc\">Super &amp; merci beaucoup ! Superbe plateforme ! Tout cela n&rsquo;a pas de prix<\/div><div class=\"uagb-tm__meta-inner\"><div class=\"uagb-testimonial-details\"><span class=\"uagb-tm__author-name\">Une utilisatrice<\/span><span class=\"uagb-tm__company\"><\/span><\/div><\/div><\/div><\/div><\/div><div class=\"uagb-testimonial__wrap  uagb-tm__imgicon-style-circle uagb-tm__image-position-bottom uagb-tm__bg-type-color \"><div class=\"uagb-tm__content\"><div class=\"uagb-tm__overlay\"><\/div><div class=\"uagb-tm__text-wrap\"><div class=\"uagb-tm__desc\">Marteau, vraiment g\u00e9nial pour nous, les partenaires<\/div><div class=\"uagb-tm__meta-inner\"><div class=\"uagb-testimonial-details\"><span class=\"uagb-tm__author-name\">Un utilisateur<\/span><span class=\"uagb-tm__company\"><\/span><\/div><\/div><\/div><\/div><\/div><div class=\"uagb-testimonial__wrap  uagb-tm__imgicon-style-circle uagb-tm__image-position-bottom uagb-tm__bg-type-color \"><div class=\"uagb-tm__content\"><div class=\"uagb-tm__overlay\"><\/div><div class=\"uagb-tm__text-wrap\"><div class=\"uagb-tm__desc\">Ing\u00e9nieux &#8211; F\u00e9licitations pour cet outil. Merci !<\/div><div class=\"uagb-tm__meta-inner\"><div class=\"uagb-testimonial-details\"><span class=\"uagb-tm__author-name\">Un utilisateur<\/span><span class=\"uagb-tm__company\"><\/span><\/div><\/div><\/div><\/div><\/div><div class=\"uagb-testimonial__wrap  uagb-tm__imgicon-style-circle uagb-tm__image-position-bottom uagb-tm__bg-type-color \"><div class=\"uagb-tm__content\"><div class=\"uagb-tm__overlay\"><\/div><div class=\"uagb-tm__text-wrap\"><div class=\"uagb-tm__desc\">Vous arrivez \u00e0 point nomm\u00e9 &#8211; des outils formidables ! Merci \u00e0 vous tous !<\/div><div class=\"uagb-tm__meta-inner\"><div class=\"uagb-testimonial-details\"><span class=\"uagb-tm__author-name\">Une utilisatrice<\/span><span class=\"uagb-tm__company\"><\/span><\/div><\/div><\/div><\/div><\/div><div class=\"uagb-testimonial__wrap  uagb-tm__imgicon-style-circle uagb-tm__image-position-bottom uagb-tm__bg-type-color \"><div class=\"uagb-tm__content\"><div class=\"uagb-tm__overlay\"><\/div><div class=\"uagb-tm__text-wrap\"><div class=\"uagb-tm__desc\">Merci beaucoup pour cette super plateforme, je suis vraiment enthousiasm\u00e9 par ce que vous avez fait, c&rsquo;est unique.<\/div><div class=\"uagb-tm__meta-inner\"><div class=\"uagb-testimonial-details\"><span class=\"uagb-tm__author-name\">Une utilisatrice<\/span><span class=\"uagb-tm__company\"><\/span><\/div><\/div><\/div><\/div><\/div><div class=\"uagb-testimonial__wrap  uagb-tm__imgicon-style-circle uagb-tm__image-position-bottom uagb-tm__bg-type-color \"><div class=\"uagb-tm__content\"><div class=\"uagb-tm__overlay\"><\/div><div class=\"uagb-tm__text-wrap\"><div class=\"uagb-tm__desc\">Sensationnel, cela nous aide tous \u00e0 grandir de mani\u00e8re beaucoup plus d\u00e9tendue et joyeuse, dupliquer. Merci beaucoup !<\/div><div class=\"uagb-tm__meta-inner\"><div class=\"uagb-testimonial-details\"><span class=\"uagb-tm__author-name\">Une utilisatrice<\/span><span class=\"uagb-tm__company\"><\/span><\/div><\/div><\/div><\/div><\/div><div class=\"uagb-testimonial__wrap  uagb-tm__imgicon-style-circle uagb-tm__image-position-bottom uagb-tm__bg-type-color \"><div class=\"uagb-tm__content\"><div class=\"uagb-tm__overlay\"><\/div><div class=\"uagb-tm__text-wrap\"><div class=\"uagb-tm__desc\">Une structure tr\u00e8s cool. c&rsquo;est vraiment g\u00e9nial ! Merci pour cela !<\/div><div class=\"uagb-tm__meta-inner\"><div class=\"uagb-testimonial-details\"><span class=\"uagb-tm__author-name\">Un utilisateur<\/span><span class=\"uagb-tm__company\"><\/span><\/div><\/div><\/div><\/div><\/div><div class=\"uagb-testimonial__wrap  uagb-tm__imgicon-style-circle uagb-tm__image-position-bottom uagb-tm__bg-type-color \"><div class=\"uagb-tm__content\"><div class=\"uagb-tm__overlay\"><\/div><div class=\"uagb-tm__text-wrap\"><div class=\"uagb-tm__desc\">Si j&rsquo;avais eu \u00e7a \u00e0 mon arriv\u00e9e &#8230; ! !!<\/div><div class=\"uagb-tm__meta-inner\"><div class=\"uagb-testimonial-details\"><span class=\"uagb-tm__author-name\">Un utilisateur<\/span><span class=\"uagb-tm__company\"><\/span><\/div><\/div><\/div><\/div><\/div><\/div><\/div>\n\n<div style=\"height:20px\" aria-hidden=\"true\" class=\"wp-block-spacer\"><\/div>\n\n<div class=\"wp-block-group alignfull has-ast-global-color-5-background-color has-background is-layout-flow wp-block-group-is-layout-flow\">\n<div class=\"wp-block-columns are-vertically-aligned-center is-layout-flex wp-container-core-columns-is-layout-28f84493 wp-block-columns-is-layout-flex\">\n<div class=\"wp-block-column is-vertically-aligned-center is-layout-flow wp-block-column-is-layout-flow\">\n<div class=\"wp-block-cover is-light\"><span aria-hidden=\"true\" class=\"wp-block-cover__background has-theme-black-background-color has-background-dim-30 has-background-dim\"><\/span><img loading=\"lazy\" decoding=\"async\" width=\"800\" height=\"800\" class=\"wp-block-cover__image-background wp-image-10836\" alt=\"\" src=\"https:\/\/team.wellvivo.at\/wp-content\/uploads\/2022\/09\/Health-Protocol-am-Tisch-web.jpg\" data-object-fit=\"cover\" srcset=\"https:\/\/team.wellvivo.at\/wp-content\/uploads\/2022\/09\/Health-Protocol-am-Tisch-web.jpg 800w, https:\/\/team.wellvivo.at\/wp-content\/uploads\/2022\/09\/Health-Protocol-am-Tisch-web-300x300.jpg 300w, https:\/\/team.wellvivo.at\/wp-content\/uploads\/2022\/09\/Health-Protocol-am-Tisch-web-150x150.jpg 150w, https:\/\/team.wellvivo.at\/wp-content\/uploads\/2022\/09\/Health-Protocol-am-Tisch-web-768x768.jpg 768w\" sizes=\"auto, 100vw\" \/><div class=\"wp-block-cover__inner-container is-layout-flow wp-block-cover-is-layout-flow\">\n<h1 class=\"has-text-align-center has-white-color has-text-color wp-block-heading\">Connaissance des produits<\/h1>\n<\/div><\/div>\n<\/div>\n\n\n\n<div class=\"wp-block-column is-vertically-aligned-center is-layout-flow wp-block-column-is-layout-flow\">\n<div class=\"wp-block-cover\"><span aria-hidden=\"true\" class=\"wp-block-cover__background has-theme-black-background-color has-background-dim-30 has-background-dim\"><\/span><img loading=\"lazy\" decoding=\"async\" width=\"1200\" height=\"800\" class=\"wp-block-cover__image-background wp-image-10837\" alt=\"\" src=\"https:\/\/team.wellvivo.at\/wp-content\/uploads\/2022\/09\/pexels-fauxels-3184418-web.jpg\" data-object-fit=\"cover\" srcset=\"https:\/\/team.wellvivo.at\/wp-content\/uploads\/2022\/09\/pexels-fauxels-3184418-web.jpg 1200w, https:\/\/team.wellvivo.at\/wp-content\/uploads\/2022\/09\/pexels-fauxels-3184418-web-300x200.jpg 300w, https:\/\/team.wellvivo.at\/wp-content\/uploads\/2022\/09\/pexels-fauxels-3184418-web-1024x683.jpg 1024w, https:\/\/team.wellvivo.at\/wp-content\/uploads\/2022\/09\/pexels-fauxels-3184418-web-768x512.jpg 768w, https:\/\/team.wellvivo.at\/wp-content\/uploads\/2022\/09\/pexels-fauxels-3184418-web-450x300.jpg 450w\" sizes=\"auto, 100vw\" \/><div class=\"wp-block-cover__inner-container is-layout-flow wp-block-cover-is-layout-flow\">\n<h1 class=\"has-text-align-center has-white-color has-text-color wp-block-heading\">D\u00e9veloppement de l&rsquo;activit\u00e9<\/h1>\n<\/div><\/div>\n<\/div>\n\n\n\n<div class=\"wp-block-column is-vertically-aligned-center is-layout-flow wp-block-column-is-layout-flow\">\n<div class=\"wp-block-cover is-light\"><span aria-hidden=\"true\" class=\"wp-block-cover__background has-theme-black-background-color has-background-dim-40 has-background-dim\"><\/span><img loading=\"lazy\" decoding=\"async\" width=\"800\" height=\"800\" class=\"wp-block-cover__image-background wp-image-10838\" alt=\"\" src=\"https:\/\/team.wellvivo.at\/wp-content\/uploads\/2022\/09\/Vortrag_ROOMZ_web.jpg\" data-object-fit=\"cover\" srcset=\"https:\/\/team.wellvivo.at\/wp-content\/uploads\/2022\/09\/Vortrag_ROOMZ_web.jpg 800w, https:\/\/team.wellvivo.at\/wp-content\/uploads\/2022\/09\/Vortrag_ROOMZ_web-300x300.jpg 300w, https:\/\/team.wellvivo.at\/wp-content\/uploads\/2022\/09\/Vortrag_ROOMZ_web-150x150.jpg 150w, https:\/\/team.wellvivo.at\/wp-content\/uploads\/2022\/09\/Vortrag_ROOMZ_web-768x768.jpg 768w\" sizes=\"auto, 100vw\" \/><div class=\"wp-block-cover__inner-container is-layout-flow wp-block-cover-is-layout-flow\">\n<h1 class=\"has-text-align-center has-white-color has-text-color wp-block-heading\">Pr\u00e9sentations<\/h1>\n<\/div><\/div>\n<\/div>\n<\/div>\n<\/div>\n\n<div class=\"wp-block-group alignfull has-ast-global-color-5-background-color has-background is-layout-flow wp-block-group-is-layout-flow\">\n<div class=\"wp-block-columns is-layout-flex wp-container-core-columns-is-layout-28f84493 wp-block-columns-is-layout-flex\">\n<div class=\"wp-block-column is-layout-flow wp-block-column-is-layout-flow\" style=\"flex-basis:10px\">\n<p> <\/p>\n<\/div>\n\n\n\n<div class=\"wp-block-column is-layout-flow wp-block-column-is-layout-flow\">\n<h2 class=\"wp-block-heading\">Beaucoup d&rsquo;informations pour toi<\/h2>\n<\/div>\n\n\n\n<div class=\"wp-block-column is-layout-flow wp-block-column-is-layout-flow\">\n<p>En tant que partenaires de longue date de Zinzino, nous avons d\u00e9j\u00e0 parcouru le chemin et aid\u00e9 de nombreux partenaires de notre \u00e9quipe \u00e0 r\u00e9ussir \u00e0 leur tour. Zinzino offre une vari\u00e9t\u00e9 incroyable d&rsquo;informations pour nous, partenaires commerciaux &#8211; tellement qu&rsquo;au d\u00e9but, \u00ab\u00a0l&rsquo;arbre cache la for\u00eat\u00a0\u00bb. Avec cette plateforme de formation, nous voulons te donner des instructions \u00e9tape par \u00e9tape pour que tu puisses toi aussi r\u00e9ussir ! Ainsi, tu obtiens toujours exactement ce dont tu as besoin \u00e0 un moment donn\u00e9, tu peux t&rsquo;\u00e9valuer gr\u00e2ce aux tests et ainsi mettre en pratique ce que tu as appris en toute s\u00e9curit\u00e9.<\/p>\n\n\n\n<div class=\"wp-block-buttons is-layout-flex wp-block-buttons-is-layout-flex\">\n<div class=\"wp-block-button is-style-fill\"><a class=\"wp-block-button__link has-theme-blue-background-color has-background\" href=\"https:\/\/team.wellvivo.at\/fr\/?page_id=17235\" rel=\"#\"><strong>Qui est derri\u00e8re cette page ?<\/strong><\/a><\/div>\n<\/div>\n<\/div>\n\n\n\n<div class=\"wp-block-column is-layout-flow wp-block-column-is-layout-flow\" style=\"flex-basis:10px\">\n<p> <\/p>\n<\/div>\n<\/div>\n<\/div>\n\n<div class=\"wp-block-cover alignfull is-light has-parallax\" style=\"background-image:url(https:\/\/team.wellvivo.at\/wp-content\/uploads\/2022\/08\/fogs-on-green-mountain-1054222.jpg);min-height:595px;aspect-ratio:unset;\"><span aria-hidden=\"true\" class=\"wp-block-cover__background has-theme-white-background-color has-background-dim-40 has-background-dim\"><\/span><div class=\"wp-block-cover__inner-container is-layout-flow wp-block-cover-is-layout-flow\">\n<h2 class=\"has-text-align-center has-theme-red-color has-text-color wp-block-heading\"><em>R\u00e9serve ton abonnement maintenant<\/em><\/h2>\n\n\n\n<p class=\"has-text-align-center\">Nous avons essay\u00e9 de rendre la plateforme abordable pour chaque partenaire Zinzino.  <br\/>D\u00e9couvre nos mod\u00e8les d&rsquo;abonnement attrayants :<\/p>\n\n\n\n<div class=\"wp-block-buttons is-horizontal is-content-justification-center is-layout-flex wp-container-core-buttons-is-layout-03627597 wp-block-buttons-is-layout-flex\">\n<div class=\"wp-block-button is-style-fill\"><a class=\"wp-block-button__link has-ast-global-color-3-color has-theme-blue-background-color has-text-color has-background\" href=\"https:\/\/team.wellvivo.at\/fr\/?page_id=17215\" rel=\"#\"><strong>Mod\u00e8les d&rsquo;abonnement<\/strong><\/a><\/div>\n<\/div>\n<\/div><\/div>\n\n<div style=\"height:20px\" aria-hidden=\"true\" class=\"wp-block-spacer\"><\/div>\n\n<div class=\"wp-block-group alignfull has-ast-global-color-4-background-color has-background is-layout-flow wp-block-group-is-layout-flow\">\n<div class=\"wp-block-columns is-layout-flex wp-container-core-columns-is-layout-28f84493 wp-block-columns-is-layout-flex\">\n<div class=\"wp-block-column is-layout-flow wp-block-column-is-layout-flow\">\n<figure class=\"wp-block-image size-full\"><img loading=\"lazy\" decoding=\"async\" width=\"600\" height=\"600\" src=\"https:\/\/team.wellvivo.at\/wp-content\/uploads\/2022\/09\/3_BalanceOil-square-web.jpg\" alt=\"\" class=\"wp-image-10839\" srcset=\"https:\/\/team.wellvivo.at\/wp-content\/uploads\/2022\/09\/3_BalanceOil-square-web.jpg 600w, https:\/\/team.wellvivo.at\/wp-content\/uploads\/2022\/09\/3_BalanceOil-square-web-300x300.jpg 300w, https:\/\/team.wellvivo.at\/wp-content\/uploads\/2022\/09\/3_BalanceOil-square-web-150x150.jpg 150w\" sizes=\"auto, (max-width: 600px) 100vw, 600px\" \/><\/figure>\n<\/div>\n\n\n\n<div class=\"wp-block-column is-layout-flow wp-block-column-is-layout-flow\">\n<figure class=\"wp-block-image size-full\"><img loading=\"lazy\" decoding=\"async\" width=\"600\" height=\"600\" src=\"https:\/\/team.wellvivo.at\/wp-content\/uploads\/2022\/09\/Work-web.jpg\" alt=\"\" class=\"wp-image-10840\" srcset=\"https:\/\/team.wellvivo.at\/wp-content\/uploads\/2022\/09\/Work-web.jpg 600w, https:\/\/team.wellvivo.at\/wp-content\/uploads\/2022\/09\/Work-web-300x300.jpg 300w, https:\/\/team.wellvivo.at\/wp-content\/uploads\/2022\/09\/Work-web-150x150.jpg 150w\" sizes=\"auto, (max-width: 600px) 100vw, 600px\" \/><\/figure>\n<\/div>\n\n\n\n<div class=\"wp-block-column is-layout-flow wp-block-column-is-layout-flow\">\n<figure class=\"wp-block-image size-full\"><img loading=\"lazy\" decoding=\"async\" width=\"600\" height=\"600\" src=\"https:\/\/team.wellvivo.at\/wp-content\/uploads\/2022\/09\/5_Zinobiotic-square-web.jpg\" alt=\"\" class=\"wp-image-10841\" srcset=\"https:\/\/team.wellvivo.at\/wp-content\/uploads\/2022\/09\/5_Zinobiotic-square-web.jpg 600w, https:\/\/team.wellvivo.at\/wp-content\/uploads\/2022\/09\/5_Zinobiotic-square-web-300x300.jpg 300w, https:\/\/team.wellvivo.at\/wp-content\/uploads\/2022\/09\/5_Zinobiotic-square-web-150x150.jpg 150w\" sizes=\"auto, (max-width: 600px) 100vw, 600px\" \/><\/figure>\n<\/div>\n<\/div>\n\n\n\n<div class=\"wp-block-columns is-layout-flex wp-container-core-columns-is-layout-28f84493 wp-block-columns-is-layout-flex\">\n<div class=\"wp-block-column is-layout-flow wp-block-column-is-layout-flow\">\n<figure class=\"wp-block-image size-full\"><img loading=\"lazy\" decoding=\"async\" width=\"600\" height=\"600\" src=\"https:\/\/team.wellvivo.at\/wp-content\/uploads\/2022\/09\/1_BalanceTest-Square-web.jpg\" alt=\"\" class=\"wp-image-10842\" srcset=\"https:\/\/team.wellvivo.at\/wp-content\/uploads\/2022\/09\/1_BalanceTest-Square-web.jpg 600w, https:\/\/team.wellvivo.at\/wp-content\/uploads\/2022\/09\/1_BalanceTest-Square-web-300x300.jpg 300w, https:\/\/team.wellvivo.at\/wp-content\/uploads\/2022\/09\/1_BalanceTest-Square-web-150x150.jpg 150w\" sizes=\"auto, (max-width: 600px) 100vw, 600px\" \/><\/figure>\n<\/div>\n\n\n\n<div class=\"wp-block-column is-layout-flow wp-block-column-is-layout-flow\">\n<figure class=\"wp-block-image size-full\"><img loading=\"lazy\" decoding=\"async\" width=\"600\" height=\"600\" src=\"https:\/\/team.wellvivo.at\/wp-content\/uploads\/2022\/09\/Tutti-Frutti-Square_4-web.jpg\" alt=\"\" class=\"wp-image-10843\" srcset=\"https:\/\/team.wellvivo.at\/wp-content\/uploads\/2022\/09\/Tutti-Frutti-Square_4-web.jpg 600w, https:\/\/team.wellvivo.at\/wp-content\/uploads\/2022\/09\/Tutti-Frutti-Square_4-web-300x300.jpg 300w, https:\/\/team.wellvivo.at\/wp-content\/uploads\/2022\/09\/Tutti-Frutti-Square_4-web-150x150.jpg 150w\" sizes=\"auto, (max-width: 600px) 100vw, 600px\" \/><\/figure>\n<\/div>\n\n\n\n<div class=\"wp-block-column is-layout-flow wp-block-column-is-layout-flow\">\n<figure class=\"wp-block-image size-full\"><img loading=\"lazy\" decoding=\"async\" width=\"600\" height=\"600\" src=\"https:\/\/team.wellvivo.at\/wp-content\/uploads\/2022\/09\/8_Xtend-square-web.jpg\" alt=\"\" class=\"wp-image-10844\" srcset=\"https:\/\/team.wellvivo.at\/wp-content\/uploads\/2022\/09\/8_Xtend-square-web.jpg 600w, https:\/\/team.wellvivo.at\/wp-content\/uploads\/2022\/09\/8_Xtend-square-web-300x300.jpg 300w, https:\/\/team.wellvivo.at\/wp-content\/uploads\/2022\/09\/8_Xtend-square-web-150x150.jpg 150w\" sizes=\"auto, (max-width: 600px) 100vw, 600px\" \/><\/figure>\n<\/div>\n<\/div>\n<\/div>\n","protected":false},"excerpt":{"rendered":"<p>Beaucoup d&rsquo;informations pour toi En tant que partenaires de longue date de Zinzino, nous avons d\u00e9j\u00e0 parcouru le chemin et &hellip; <a href=\"https:\/\/team.wellvivo.at\/fr\/\" class=\"more-link\">Poursuivre la lecture <span class=\"screen-reader-text\"> \u00ab\u00a0Page d&rsquo;accueil\u00a0\u00bb<\/span><\/a><\/p>\n","protected":false},"author":1,"featured_media":0,"parent":0,"menu_order":0,"comment_status":"closed","ping_status":"closed","template":"","meta":{"_coblocks_attr":"","_coblocks_dimensions":"","_coblocks_responsive_height":"","_coblocks_accordion_ie_support":"","_uag_custom_page_level_css":"","footnotes":""},"class_list":["post-17259","page","type-page","status-publish","hentry"],"uagb_featured_image_src":{"full":false,"thumbnail":false,"medium":false,"medium_large":false,"large":false,"1536x1536":false,"2048x2048":false,"buddyx-featured":false,"buddyx-large":false,"buddyx-list":false,"buddyx-col-two":false,"buddyx-col-three":false},"uagb_author_info":{"display_name":"Sascha","author_link":"https:\/\/team.wellvivo.at\/fr\/author\/himmelstuermer\/"},"uagb_comment_info":0,"uagb_excerpt":"Beaucoup d&rsquo;informations pour toi En tant que partenaires de longue date de Zinzino, nous avons d\u00e9j\u00e0 parcouru le chemin et &hellip; Poursuivre la lecture \"Page d&rsquo;accueil\"","_links":{"self":[{"href":"https:\/\/team.wellvivo.at\/fr\/wp-json\/wp\/v2\/pages\/17259","targetHints":{"allow":["GET"]}}],"collection":[{"href":"https:\/\/team.wellvivo.at\/fr\/wp-json\/wp\/v2\/pages"}],"about":[{"href":"https:\/\/team.wellvivo.at\/fr\/wp-json\/wp\/v2\/types\/page"}],"author":[{"embeddable":true,"href":"https:\/\/team.wellvivo.at\/fr\/wp-json\/wp\/v2\/users\/1"}],"replies":[{"embeddable":true,"href":"https:\/\/team.wellvivo.at\/fr\/wp-json\/wp\/v2\/comments?post=17259"}],"version-history":[{"count":5,"href":"https:\/\/team.wellvivo.at\/fr\/wp-json\/wp\/v2\/pages\/17259\/revisions"}],"predecessor-version":[{"id":18347,"href":"https:\/\/team.wellvivo.at\/fr\/wp-json\/wp\/v2\/pages\/17259\/revisions\/18347"}],"wp:attachment":[{"href":"https:\/\/team.wellvivo.at\/fr\/wp-json\/wp\/v2\/media?parent=17259"}],"curies":[{"name":"wp","href":"https:\/\/api.w.org\/{rel}","templated":true}]}}