{"id":17226,"date":"2022-08-09T10:46:32","date_gmt":"2022-08-09T10:46:32","guid":{"rendered":"https:\/\/team.wellvivo.at\/le-site-est-payant\/"},"modified":"2024-04-03T10:16:19","modified_gmt":"2024-04-03T10:16:19","slug":"le-site-est-payant","status":"publish","type":"page","link":"https:\/\/team.wellvivo.at\/fr\/le-site-est-payant\/","title":{"rendered":"Le site est payant !"},"content":{"rendered":"\n<p>Cher utilisateur !<br\/>Ce site est payant. Tu peux \u00e0 tout moment mettre \u00e0 niveau ton compte et obtenir ainsi un acc\u00e8s.  <a href=\"https:\/\/team.wellvivo.at\/fr\/\" data-type=\"page\" data-id=\"6435\">Choisis simplement le mod\u00e8le d\u2019abonnement qui te convient sur la page d\u2019accueil.<\/a><\/p>\n\n<div class=\"wp-block-columns alignwide is-layout-flex wp-container-core-columns-is-layout-28f84493 wp-block-columns-is-layout-flex\">\n<div class=\"wp-block-column has-text-color has-background has-link-color wp-elements-aa77ff774b54e1be4a3ed86b2ce19121 is-layout-flow wp-block-column-is-layout-flow\" style=\"background-color:#ffe97d;color:#000000;padding-top:2em;padding-right:2em;padding-bottom:2em;padding-left:2em\">\n<h2 class=\"wp-block-heading\" id=\"single\" style=\"font-size:40px\"><strong>Abonnement mensuel<\/strong> de 7,70 \u20ac seulement<\/h2>\n\n\n\n<p class=\"has-normal-font-size\" style=\"line-height:1.5\"><strong>Pour essayer la plateforme.<\/strong> <\/p>\n\n\n\n<hr class=\"wp-block-separator has-text-color has-css-opacity has-background is-style-wide\" style=\"background-color:#000000;color:#000000\"\/>\n\n\n\n<ul class=\"has-normal-font-size wp-block-list\"><li>Acc\u00e8s \u00e0 tous les cours et le\u00e7ons<\/li><li>Tests d\u2019auto-\u00e9valuation<\/li><li>6 mois P\u00e9riode d\u2019engagement<\/li><\/ul>\n<\/div>\n\n\n\n<div class=\"wp-block-column has-text-color has-background has-link-color wp-elements-9c200e191a8f395abda316ffe4670f37 is-layout-flow wp-block-column-is-layout-flow\" style=\"background-color:#d1d1e1;color:#000000;padding-top:2em;padding-right:2em;padding-bottom:2em;padding-left:2em\">\n<h2 class=\"wp-block-heading\" id=\"family\" style=\"font-size:40px\"><strong>Abonnement annuel<\/strong> pour 71,- \u20ac seulement<\/h2>\n\n\n\n<p class=\"has-normal-font-size\" style=\"line-height:1.5\"><strong>Utilise la plateforme toute l\u2019ann\u00e9e.<\/strong><\/p>\n\n\n\n<hr class=\"wp-block-separator has-text-color has-theme-black-color has-alpha-channel-opacity has-theme-black-background-color has-background is-style-wide\"\/>\n\n\n\n<ul class=\"has-normal-font-size wp-block-list\"><li>Acc\u00e8s \u00e0 tous les cours et le\u00e7ons<\/li><li>Tests d\u2019auto-\u00e9valuation<\/li><li>une ann\u00e9e enti\u00e8re d\u2019acc\u00e8s \u00e0 toutes les informations<\/li><\/ul>\n<\/div>\n<\/div>\n","protected":false},"excerpt":{"rendered":"<p>Cher utilisateur !Ce site est payant. Tu peux \u00e0 tout moment mettre \u00e0 niveau ton compte et obtenir ainsi un &hellip; <a href=\"https:\/\/team.wellvivo.at\/fr\/le-site-est-payant\/\" class=\"more-link\">Poursuivre la lecture <span class=\"screen-reader-text\"> \u00ab\u00a0Le site est payant !\u00a0\u00bb<\/span><\/a><\/p>\n","protected":false},"author":1,"featured_media":0,"parent":0,"menu_order":0,"comment_status":"closed","ping_status":"closed","template":"","meta":{"_coblocks_attr":"","_coblocks_dimensions":"","_coblocks_responsive_height":"","_coblocks_accordion_ie_support":"","_uag_custom_page_level_css":"","footnotes":""},"class_list":["post-17226","page","type-page","status-publish","hentry"],"uagb_featured_image_src":{"full":false,"thumbnail":false,"medium":false,"medium_large":false,"large":false,"1536x1536":false,"2048x2048":false,"buddyx-featured":false,"buddyx-large":false,"buddyx-list":false,"buddyx-col-two":false,"buddyx-col-three":false},"uagb_author_info":{"display_name":"Sascha","author_link":"https:\/\/team.wellvivo.at\/fr\/author\/himmelstuermer\/"},"uagb_comment_info":0,"uagb_excerpt":"Cher utilisateur !Ce site est payant. Tu peux \u00e0 tout moment mettre \u00e0 niveau ton compte et obtenir ainsi un &hellip; Poursuivre la lecture \"Le site est payant !\"","_links":{"self":[{"href":"https:\/\/team.wellvivo.at\/fr\/wp-json\/wp\/v2\/pages\/17226","targetHints":{"allow":["GET"]}}],"collection":[{"href":"https:\/\/team.wellvivo.at\/fr\/wp-json\/wp\/v2\/pages"}],"about":[{"href":"https:\/\/team.wellvivo.at\/fr\/wp-json\/wp\/v2\/types\/page"}],"author":[{"embeddable":true,"href":"https:\/\/team.wellvivo.at\/fr\/wp-json\/wp\/v2\/users\/1"}],"replies":[{"embeddable":true,"href":"https:\/\/team.wellvivo.at\/fr\/wp-json\/wp\/v2\/comments?post=17226"}],"version-history":[{"count":2,"href":"https:\/\/team.wellvivo.at\/fr\/wp-json\/wp\/v2\/pages\/17226\/revisions"}],"predecessor-version":[{"id":17232,"href":"https:\/\/team.wellvivo.at\/fr\/wp-json\/wp\/v2\/pages\/17226\/revisions\/17232"}],"wp:attachment":[{"href":"https:\/\/team.wellvivo.at\/fr\/wp-json\/wp\/v2\/media?parent=17226"}],"curies":[{"name":"wp","href":"https:\/\/api.w.org\/{rel}","templated":true}]}}