{"id":17216,"date":"2022-08-17T16:55:50","date_gmt":"2022-08-17T16:55:50","guid":{"rendered":"https:\/\/team.wellvivo.at\/conditions-generales-et-%c2%a75ecg\/"},"modified":"2024-04-03T10:16:18","modified_gmt":"2024-04-03T10:16:18","slug":"conditions-generales-et-%c2%a75ecg","status":"publish","type":"page","link":"https:\/\/team.wellvivo.at\/fr\/conditions-generales-et-%c2%a75ecg\/","title":{"rendered":"Conditions g\u00e9n\u00e9rales et \u00a75ECG"},"content":{"rendered":"\n<p>G\u00e9n\u00e9ralit\u00e9s Conditions g\u00e9n\u00e9rales de vente, version ao\u00fbt 2022<\/p>\n\n<h4 class=\"wp-block-heading\">1) Champ d&rsquo;application<\/h4>\n\n<p>Bienvenue chez Team WellVivo ! Toutes les relations commerciales entre Sascha P\u00f6lzl \/ WellVivo et vous en tant que client sont exclusivement r\u00e9gies par les conditions g\u00e9n\u00e9rales de vente suivantes dans leur version en vigueur au moment de la commande.<\/p>\n\n<h4 class=\"wp-block-heading\">2. conclusion du contrat<\/h4>\n\n<p>Votre commande est une offre de conclusion d&rsquo;un contrat de vente. Lorsque vous passez une commande aupr\u00e8s de WellVivo, nous vous envoyons un e-mail confirmant la r\u00e9ception de votre commande et reprenant les d\u00e9tails de celle-ci. Cette confirmation de commande ne constitue pas une acceptation de votre offre, mais a pour seul but de vous informer que nous avons bien re\u00e7u votre commande. Un contrat de vente n&rsquo;est conclu qu&rsquo;une fois que vous avez effectu\u00e9 le paiement.  <br\/>Nous ne proposons pas de produits \u00e0 l&rsquo;achat par des mineurs.<\/p>\n\n<h4 class=\"wp-block-heading\">3. droit de r\u00e9tractation, information sur le droit de r\u00e9tractation<\/h4>\n\n<p>Vous pouvez r\u00e9voquer votre d\u00e9claration contractuelle par e-mail dans un d\u00e9lai de 14 jours sans donner de raison. Le d\u00e9lai commence \u00e0 courir apr\u00e8s la r\u00e9ception de cette information sous forme de texte, mais pas avant l&rsquo;utilisation du site (en cas d&rsquo;utilisation r\u00e9currente, pas avant la r\u00e9ception de la premi\u00e8re p\u00e9riode d&rsquo;utilisation) et pas non plus avant l&rsquo;accomplissement de nos obligations l\u00e9gales d&rsquo;information. Pour que le d\u00e9lai de r\u00e9tractation soit respect\u00e9, il suffit que la r\u00e9tractation soit envoy\u00e9e dans les d\u00e9lais.<br\/>En cas de r\u00e9tractation, veuillez nous contacter par e-mail et nous vous indiquerons comment proc\u00e9der \u00e0 l&rsquo;annulation de l&rsquo;achat. Une fois que nous aurons re\u00e7u votre e-mail, nous vous rembourserons le montant total de la facture sur votre compte dans les 7 jours.  <\/p>\n\n<h4 class=\"wp-block-heading\">4) \u00c9ch\u00e9ance et paiement, retard<\/h4>\n\n<p>Le prix d&rsquo;achat doit \u00eatre pay\u00e9 par carte de cr\u00e9dit ou via PayPal. Si l&rsquo;acheteur est en retard de paiement, des int\u00e9r\u00eats moratoires \u00e0 hauteur de 5% au-dessus du taux d&rsquo;int\u00e9r\u00eat de base annuel communiqu\u00e9 par la Banque centrale europ\u00e9enne sont consid\u00e9r\u00e9s comme convenus. Tout dommage li\u00e9 au retard d\u00e9passant ce cadre peut \u00eatre r\u00e9clam\u00e9 s\u00e9par\u00e9ment.<\/p>\n\n<h4 class=\"wp-block-heading\">5. prix<\/h4>\n\n<p>Tous les prix incluent la TVA en vigueur. Les prix actuellement affich\u00e9s dans la boutique en ligne sont applicables.<\/p>\n\n<h4 class=\"wp-block-heading\">6. collecte, traitement et utilisation des informations personnelles<\/h4>\n\n<p>Les informations que nous recevons de votre part nous aident \u00e0 personnaliser votre exp\u00e9rience d&rsquo;achat et \u00e0 l&rsquo;am\u00e9liorer en permanence. Nous utilisons ces informations pour le traitement des commandes, la livraison de marchandises et la fourniture de services, ainsi que pour le traitement des paiements. Vos informations sont \u00e9galement utilis\u00e9es pour communiquer avec vous au sujet des commandes, des produits et des services, pour mettre \u00e0 jour les dossiers, pour g\u00e9rer et entretenir vos comptes clients et, enfin, pour am\u00e9liorer notre plate-forme, pour d\u00e9tecter ou pr\u00e9venir les abus sur notre site ou pour permettre \u00e0 des tiers de fournir des services techniques, logistiques ou autres pour le compte de WellVivo. Toutefois, nous ne mettons pas vos donn\u00e9es personnelles \u00e0 la disposition de tiers pour qu&rsquo;ils les utilisent.<\/p>\n\n<h4 class=\"wp-block-heading\">7. force majeure<\/h4>\n\n<p>Si nous sommes emp\u00each\u00e9s d&rsquo;ex\u00e9cuter les obligations d\u00e9coulant d&rsquo;un contrat de vente en raison d&rsquo;un cas de force majeure ou de circonstances ind\u00e9pendantes de notre volont\u00e9, WellVivo n&rsquo;assume aucune responsabilit\u00e9.<\/p>\n\n<h4 class=\"wp-block-heading\">8. droit d&rsquo;auteur<\/h4>\n\n<p>La copie ou la reproduction (y compris l&rsquo;impression sur papier) de tout ou partie de ce site n&rsquo;est autoris\u00e9e qu&rsquo;avec l&rsquo;accord \u00e9crit de WellVivo\/Sascha P\u00f6lzl. L&rsquo;impression sur papier n&rsquo;est autoris\u00e9e que dans le but d&rsquo;une utilisation personnelle des informations. Sous r\u00e9serve de fautes d&rsquo;orthographe et d&rsquo;erreurs dans les mots ou les images. Tous droits r\u00e9serv\u00e9s. Copyright \u00a9 \u00e0 partir de 2022.<\/p>\n\n<h4 class=\"wp-block-heading\">9) Droit applicable et dispositions finales<\/h4>\n\n<p>Le droit autrichien s&rsquo;applique, \u00e0 l&rsquo;exclusion de la Convention des Nations Unies sur les contrats de vente internationale de marchandises (CVIM) et des normes de renvoi. Le tribunal comp\u00e9tent et le lieu d&rsquo;ex\u00e9cution sont Vienne.<br\/>Tous les accords doivent rev\u00eatir la forme \u00e9crite, tout comme la d\u00e9rogation \u00e0 ce point lui-m\u00eame. La langue du contrat est l&rsquo;allemand.<\/p>\n\n<p>Vienne, ao\u00fbt 2022<\/p>\n\n<figure class=\"wp-block-table\"><table><tbody><tr><td>Nom de la soci\u00e9t\u00e9 :<\/td><td>Sascha P\u00f6lzl<\/td><\/tr><tr><td>Nom de l&rsquo;entreprise :<\/td><td>WellVivo<\/td><\/tr><tr><td>Adresse et si\u00e8ge social :<\/td><td>A-1170 Vienne, Vollbadgasse 1a<\/td><\/tr><tr><td>Web :<\/td><td><a href=\"https:\/\/www.wellvivo.at\">www.wellvivo.at<\/a><\/td><\/tr><tr><td>Courrier \u00e9lectronique :<\/td><td><a href=\"mailto:info@wellvivo.at\">info@wellvivo.at<\/a><\/td><\/tr><tr><td>\u00a0<\/td><td>\u00a0<\/td><\/tr><tr><td>Autorit\u00e9 conform\u00e9ment \u00e0 l&rsquo;art. ECG :<\/td><td>Magistrat de Vienne<\/td><\/tr><tr><td>N\u00b0 de TVA<\/td><td>ATU59184135<\/td><\/tr><tr><td>Objet de l&rsquo;entreprise :<\/td><td>Services, commerce<\/td><\/tr><tr><td>ligne :<\/td><td>Mise \u00e0 disposition d&rsquo;informations sur les s\u00e9minaires et les produits propos\u00e9s et exploitation d&rsquo;une boutique en ligne.<\/td><\/tr><\/tbody><\/table><\/figure>\n\n<p>Membre de la Chambre de commerce de Vienne.<br\/>Vous trouverez les prescriptions professionnelles sur le site Internet du groupe sp\u00e9cialis\u00e9 Services\/commerce ou dans le syst\u00e8me d&rsquo;information juridique de la Conf\u00e9d\u00e9ration.<\/p>\n","protected":false},"excerpt":{"rendered":"<p>G\u00e9n\u00e9ralit\u00e9s Conditions g\u00e9n\u00e9rales de vente, version ao\u00fbt 2022 1) Champ d&rsquo;application Bienvenue chez Team WellVivo ! Toutes les relations commerciales &hellip; <a href=\"https:\/\/team.wellvivo.at\/fr\/conditions-generales-et-%c2%a75ecg\/\" class=\"more-link\">Poursuivre la lecture <span class=\"screen-reader-text\"> \u00ab\u00a0Conditions g\u00e9n\u00e9rales et \u00a75ECG\u00a0\u00bb<\/span><\/a><\/p>\n","protected":false},"author":1,"featured_media":0,"parent":0,"menu_order":0,"comment_status":"closed","ping_status":"closed","template":"","meta":{"_coblocks_attr":"","_coblocks_dimensions":"","_coblocks_responsive_height":"","_coblocks_accordion_ie_support":"","_uag_custom_page_level_css":"","footnotes":""},"class_list":["post-17216","page","type-page","status-publish","hentry"],"uagb_featured_image_src":{"full":false,"thumbnail":false,"medium":false,"medium_large":false,"large":false,"1536x1536":false,"2048x2048":false,"buddyx-featured":false,"buddyx-large":false,"buddyx-list":false,"buddyx-col-two":false,"buddyx-col-three":false},"uagb_author_info":{"display_name":"Sascha","author_link":"https:\/\/team.wellvivo.at\/fr\/author\/himmelstuermer\/"},"uagb_comment_info":0,"uagb_excerpt":"G\u00e9n\u00e9ralit\u00e9s Conditions g\u00e9n\u00e9rales de vente, version ao\u00fbt 2022 1) Champ d&rsquo;application Bienvenue chez Team WellVivo ! Toutes les relations commerciales &hellip; Poursuivre la lecture \"Conditions g\u00e9n\u00e9rales et \u00a75ECG\"","_links":{"self":[{"href":"https:\/\/team.wellvivo.at\/fr\/wp-json\/wp\/v2\/pages\/17216","targetHints":{"allow":["GET"]}}],"collection":[{"href":"https:\/\/team.wellvivo.at\/fr\/wp-json\/wp\/v2\/pages"}],"about":[{"href":"https:\/\/team.wellvivo.at\/fr\/wp-json\/wp\/v2\/types\/page"}],"author":[{"embeddable":true,"href":"https:\/\/team.wellvivo.at\/fr\/wp-json\/wp\/v2\/users\/1"}],"replies":[{"embeddable":true,"href":"https:\/\/team.wellvivo.at\/fr\/wp-json\/wp\/v2\/comments?post=17216"}],"version-history":[{"count":2,"href":"https:\/\/team.wellvivo.at\/fr\/wp-json\/wp\/v2\/pages\/17216\/revisions"}],"predecessor-version":[{"id":17225,"href":"https:\/\/team.wellvivo.at\/fr\/wp-json\/wp\/v2\/pages\/17216\/revisions\/17225"}],"wp:attachment":[{"href":"https:\/\/team.wellvivo.at\/fr\/wp-json\/wp\/v2\/media?parent=17216"}],"curies":[{"name":"wp","href":"https:\/\/api.w.org\/{rel}","templated":true}]}}