{"id":17215,"date":"2022-08-17T14:47:08","date_gmt":"2022-08-17T14:47:08","guid":{"rendered":"https:\/\/team.wellvivo.at\/utiliser-la-plate-forme-de-formation\/inscription\/"},"modified":"2024-04-04T10:45:52","modified_gmt":"2024-04-04T10:45:52","slug":"inscription","status":"publish","type":"page","link":"https:\/\/team.wellvivo.at\/fr\/utiliser-la-plate-forme-de-formation\/inscription\/","title":{"rendered":"Inscription"},"content":{"rendered":"\n<h2 class=\"wp-block-heading\">La c\u00e9l\u00e8bre plate-forme de formation en fran\u00e7ais ! <\/h2>\n\n<ul class=\"wp-block-list\">\n<li>La formation \u00e9tape par \u00e9tape pour toujours savoir quelle est la prochaine activit\u00e9 essentielle.<\/li>\n\n\n\n<li>D&rsquo;innombrables instructions vid\u00e9o pour comprendre parfaitement tous les aspects.<\/li>\n\n\n\n<li>Des enregistrements de pr\u00e9sentations par des professionnels, qui peuvent \u00eatre envoy\u00e9s aux personnes int\u00e9ress\u00e9es (en plusieures langues).<\/li>\n\n\n\n<li>Un g\u00e9n\u00e9rateur de liens qui t&rsquo;envoie tous tes liens par mail pour que tu puisses les partager.<\/li>\n\n\n\n<li>Un tableau de dosage pour BalanceOil, qui indique non seulement le dosage, mais aussi la r\u00e9partition exacte des acides gras.<\/li>\n\n\n\n<li>Une comparaison avec la concurrence, pour avoir des arguments pr\u00eats \u00e0 tout moment.<\/li>\n\n\n\n<li>Des tests \u00e0 choix multiples pour v\u00e9rifier tes connaissances et t&rsquo;auto-\u00e9valuer.<\/li>\n\n\n\n<li>et bien plus encore &#8230;<\/li>\n<\/ul>\n\n<p>Et tu peux y participer &#8211; avec un mod\u00e8le d&rsquo;abonnement \u00e9quitable qui te donne acc\u00e8s \u00e0 toutes les infos, aux pr\u00e9sentations, aux vid\u00e9os, \u00e0 la comparaison avec la concurrence, aux tests d&rsquo;auto-\u00e9valuation et \u00e0 bien d&rsquo;autres choses encore !<\/p>\n\n<p>Ainsi, pour toi et tes futurs partenaires, l&rsquo;entr\u00e9e en mati\u00e8re est facile et presque automatique !  <\/p>\n\n<h2 class=\"wp-block-heading\">Procure-toi l&rsquo;acc\u00e8s d\u00e8s maintenant &#8211; Merci de t&rsquo;enregistrer en remplissant le formulaire ci-dessous !<\/h2>\n\n<p>Ensuite, tu arriveras directement sur la page o\u00f9 tu peux effectuer le paiement.  <\/p>\n\n<div class=\"wp-block-columns alignwide is-layout-flex wp-container-core-columns-is-layout-28f84493 wp-block-columns-is-layout-flex\">\n<div class=\"wp-block-column has-text-color has-background has-link-color wp-elements-aa77ff774b54e1be4a3ed86b2ce19121 is-layout-flow wp-block-column-is-layout-flow\" style=\"background-color:#ffe97d;color:#000000;padding-top:2em;padding-right:2em;padding-bottom:2em;padding-left:2em\">\n<h2 class=\"wp-block-heading\" id=\"single\" style=\"font-size:40px\"><strong>Abonnement mensuel<\/strong> de 7,70 \u20ac seulement<\/h2>\n\n\n\n<p class=\"has-normal-font-size\" style=\"line-height:1.5\"><strong>Pour essayer la plateforme.<\/strong> <\/p>\n\n\n\n<hr class=\"wp-block-separator has-text-color has-css-opacity has-background is-style-wide\" style=\"background-color:#000000;color:#000000\"\/>\n\n\n\n<ul class=\"has-normal-font-size wp-block-list\"><li>Acc\u00e8s \u00e0 tous les cours et le\u00e7ons<\/li><li>Tests d&rsquo;auto-\u00e9valuation<\/li><li>6 mois P\u00e9riode d&rsquo;engagement<\/li><\/ul>\n<\/div>\n\n\n\n<div class=\"wp-block-column has-text-color has-background has-link-color wp-elements-9c200e191a8f395abda316ffe4670f37 is-layout-flow wp-block-column-is-layout-flow\" style=\"background-color:#d1d1e1;color:#000000;padding-top:2em;padding-right:2em;padding-bottom:2em;padding-left:2em\">\n<h2 class=\"wp-block-heading\" id=\"family\" style=\"font-size:40px\"><strong>Abonnement annuel<\/strong> pour 71,- \u20ac seulement<\/h2>\n\n\n\n<p class=\"has-normal-font-size\" style=\"line-height:1.5\"><strong>Utilise la plateforme toute l&rsquo;ann\u00e9e.<\/strong><\/p>\n\n\n\n<hr class=\"wp-block-separator has-text-color has-theme-black-color has-alpha-channel-opacity has-theme-black-background-color has-background is-style-wide\"\/>\n\n\n\n<ul class=\"has-normal-font-size wp-block-list\"><li>Acc\u00e8s \u00e0 tous les cours et le\u00e7ons<\/li><li>Tests d&rsquo;auto-\u00e9valuation<\/li><li>une ann\u00e9e enti\u00e8re d&rsquo;acc\u00e8s \u00e0 toutes les informations<\/li><\/ul>\n<\/div>\n<\/div>\n<div class=\"swpm-registration-widget-form\">\n    <form id=\"swpm-registration-form\" class=\"swpm-validate-form\" name=\"swpm-registration-form\" method=\"post\" action=\"\">\n        <input type =\"hidden\" name=\"level_identifier\" value=\"e4da3b7fbbce2345d7772b0674a318d5\" \/>\n        <table>\n            <tr class=\"swpm-registration-username-row\" >\n                <td><label for=\"user_name\">Identifiant<\/label><\/td>\n                <td><input type=\"text\" id=\"user_name\" class=\"validate[required,custom[noapostrophe],custom[SWPMUserName],minSize[4],ajax[ajaxUserCall]]\" value=\"\" size=\"50\" name=\"user_name\" \/><\/td>\n            <\/tr>\n            <tr class=\"swpm-registration-email-row\">\n                <td><label for=\"email\">E-mail<\/label><\/td>\n                <td><input type=\"text\" autocomplete=\"off\" id=\"email\" class=\"validate[required,custom[email],ajax[ajaxEmailCall]]\" value=\"\" size=\"50\" name=\"email\" \/><\/td>\n            <\/tr>\n            <tr class=\"swpm-registration-password-row\">\n                <td><label for=\"password\">Mot de passe<\/label><\/td>\n                <td><input type=\"password\" autocomplete=\"off\" id=\"password\" class=\"\" value=\"\" size=\"50\" name=\"password\" \/><\/td>\n            <\/tr>\n            <tr class=\"swpm-registration-password-retype-row\">\n                <td><label for=\"password_re\">R\u00e9p\u00e9tez le Mot de Passe<\/label><\/td>\n                <td><input type=\"password\" autocomplete=\"off\" id=\"password_re\" value=\"\" size=\"50\" name=\"password_re\" \/><\/td>\n            <\/tr>\n            <tr class=\"swpm-registration-firstname-row\" >\n                <td><label for=\"first_name\">Pr\u00e9nom<\/label><\/td>\n                <td><input type=\"text\" id=\"first_name\" value=\"\" size=\"50\" name=\"first_name\" \/><\/td>\n            <\/tr>\n            <tr class=\"swpm-registration-lastname-row\" >\n                <td><label for=\"last_name\">Nom<\/label><\/td>\n                <td><input type=\"text\" id=\"last_name\" value=\"\" size=\"50\" name=\"last_name\" \/><\/td>\n            <\/tr>\n            <tr\n                class=\"swpm-registration-membership-level-row\"\n                                style=\"\"\n            >\n                <td><label for=\"membership_level\">Niveau d\u2019Adh\u00e9sion<\/label><\/td>\n                <td>\n                    Frei<input type=\"hidden\" value=\"5\" size=\"50\" name=\"swpm_membership_level\" id=\"membership_level\" \/><input type=\"hidden\" name=\"swpm_level_hash\" value=\"7ffa6cd21bb5060b649b22c0eb9fe101\" \/>                <\/td>\n            <\/tr>\n                            <tr>\n                    <td colspan=\"2\" style=\"text-align: center;\">\n                        <label><input type=\"checkbox\" id=\"swpm-accept-terms\" name=\"accept_terms\" class=\"validate[required]\" value=\"1\"> J\u2019accepte les  <a href=\"https:\/\/team.wellvivo.at\/agb-und-%c2%a75ecg\/\" target=\"_blank\">Termes & Conditions<\/a><\/label>\n                    <\/td>\n                <\/tr>\n                                <tr>\n                    <td colspan=\"2\" style=\"text-align: center;\">\n                        <label><input type=\"checkbox\" id=\"swpm-accept-pp\" name=\"accept_pp\" class=\"validate[required]\" value=\"1\"> J\u2019accepte les  <a href=\"https:\/\/team.wellvivo.at\/privacy-policy\/\" target=\"_blank\">Politique de confidentialit\u00e9<\/a><\/label>\n                    <\/td>\n                <\/tr>\n                        <\/table>\n\n        <div class=\"swpm-before-registration-submit-section\" align=\"center\"><div class=\"swpm-recaptcha-section\" style=\"margin-bottom: 15px;\"><style type=\"text\/css\">@media screen and (max-width: 375px) {\n            .swpm_g_captcha{transform:scale(0.77);transform-origin:0;-webkit-transform:scale(0.77);-webkit-transform-origin:0 0;}\n        }<\/style><script src=\"https:\/\/www.google.com\/recaptcha\/api.js\" async defer><\/script><div class=\"swpm_g_captcha\"><div class=\"g-recaptcha\" data-sitekey=\"6LehXYQhAAAAAPq-tCzWgKr3Jxf5vU71TFTcDmcz\" data-theme=\"light\" data-size=\"normal\"><\/div><\/div><\/div><\/div>\n\n        <div class=\"swpm-registration-submit-section\" align=\"center\">\n            <input type=\"submit\" value=\"S\u2019inscrire\" class=\"swpm-registration-submit\" name=\"swpm_registration_submit\" \/>\n        <\/div>\n\n        <input type=\"hidden\" name=\"action\" value=\"custom_posts\" \/>\n\n    <\/form>\n<\/div>\n\n","protected":false},"excerpt":{"rendered":"<p>La c\u00e9l\u00e8bre plate-forme de formation en fran\u00e7ais ! Et tu peux y participer &#8211; avec un mod\u00e8le d&rsquo;abonnement \u00e9quitable qui &hellip; <a href=\"https:\/\/team.wellvivo.at\/fr\/utiliser-la-plate-forme-de-formation\/inscription\/\" class=\"more-link\">Poursuivre la lecture <span class=\"screen-reader-text\"> \u00ab\u00a0Inscription\u00a0\u00bb<\/span><\/a><\/p>\n","protected":false},"author":1,"featured_media":0,"parent":17201,"menu_order":0,"comment_status":"closed","ping_status":"closed","template":"","meta":{"_coblocks_attr":"","_coblocks_dimensions":"","_coblocks_responsive_height":"","_coblocks_accordion_ie_support":"","_uag_custom_page_level_css":"","footnotes":""},"class_list":["post-17215","page","type-page","status-publish","hentry"],"uagb_featured_image_src":{"full":false,"thumbnail":false,"medium":false,"medium_large":false,"large":false,"1536x1536":false,"2048x2048":false,"buddyx-featured":false,"buddyx-large":false,"buddyx-list":false,"buddyx-col-two":false,"buddyx-col-three":false},"uagb_author_info":{"display_name":"Sascha","author_link":"https:\/\/team.wellvivo.at\/fr\/author\/himmelstuermer\/"},"uagb_comment_info":0,"uagb_excerpt":"La c\u00e9l\u00e8bre plate-forme de formation en fran\u00e7ais ! Et tu peux y participer &#8211; avec un mod\u00e8le d&rsquo;abonnement \u00e9quitable qui &hellip; Poursuivre la lecture \"Inscription\"","_links":{"self":[{"href":"https:\/\/team.wellvivo.at\/fr\/wp-json\/wp\/v2\/pages\/17215","targetHints":{"allow":["GET"]}}],"collection":[{"href":"https:\/\/team.wellvivo.at\/fr\/wp-json\/wp\/v2\/pages"}],"about":[{"href":"https:\/\/team.wellvivo.at\/fr\/wp-json\/wp\/v2\/types\/page"}],"author":[{"embeddable":true,"href":"https:\/\/team.wellvivo.at\/fr\/wp-json\/wp\/v2\/users\/1"}],"replies":[{"embeddable":true,"href":"https:\/\/team.wellvivo.at\/fr\/wp-json\/wp\/v2\/comments?post=17215"}],"version-history":[{"count":8,"href":"https:\/\/team.wellvivo.at\/fr\/wp-json\/wp\/v2\/pages\/17215\/revisions"}],"predecessor-version":[{"id":18351,"href":"https:\/\/team.wellvivo.at\/fr\/wp-json\/wp\/v2\/pages\/17215\/revisions\/18351"}],"up":[{"embeddable":true,"href":"https:\/\/team.wellvivo.at\/fr\/wp-json\/wp\/v2\/pages\/17201"}],"wp:attachment":[{"href":"https:\/\/team.wellvivo.at\/fr\/wp-json\/wp\/v2\/media?parent=17215"}],"curies":[{"name":"wp","href":"https:\/\/api.w.org\/{rel}","templated":true}]}}