{"id":17202,"date":"2022-08-22T22:57:11","date_gmt":"2022-08-22T22:57:11","guid":{"rendered":"https:\/\/team.wellvivo.at\/merci-beaucoup\/"},"modified":"2024-04-03T10:16:18","modified_gmt":"2024-04-03T10:16:18","slug":"merci-beaucoup","status":"publish","type":"page","link":"https:\/\/team.wellvivo.at\/fr\/merci-beaucoup\/","title":{"rendered":"Merci beaucoup"},"content":{"rendered":"\n<p>Merci beaucoup pour ton paiement. Ta transaction est termin\u00e9e et tu re\u00e7ois une confirmation d&rsquo;achat par e-mail. Connecte-toi \u00e0 ton compte PayPal pour voir les d\u00e9tails de la transaction.<\/p>\n\n<p>En outre, tu recevras un e-mail avec un lien d&rsquo;enregistrement. Clique sur le lien pour cr\u00e9er ton acc\u00e8s \u00e0 la plateforme de formation !<\/p>\n","protected":false},"excerpt":{"rendered":"<p>Merci beaucoup pour ton paiement. Ta transaction est termin\u00e9e et tu re\u00e7ois une confirmation d&rsquo;achat par e-mail. Connecte-toi \u00e0 ton &hellip; <a href=\"https:\/\/team.wellvivo.at\/fr\/merci-beaucoup\/\" class=\"more-link\">Poursuivre la lecture <span class=\"screen-reader-text\"> \u00ab\u00a0Merci beaucoup\u00a0\u00bb<\/span><\/a><\/p>\n","protected":false},"author":1,"featured_media":0,"parent":0,"menu_order":0,"comment_status":"closed","ping_status":"closed","template":"","meta":{"_coblocks_attr":"","_coblocks_dimensions":"","_coblocks_responsive_height":"","_coblocks_accordion_ie_support":"","_uag_custom_page_level_css":"","footnotes":""},"class_list":["post-17202","page","type-page","status-publish","hentry"],"uagb_featured_image_src":{"full":false,"thumbnail":false,"medium":false,"medium_large":false,"large":false,"1536x1536":false,"2048x2048":false,"buddyx-featured":false,"buddyx-large":false,"buddyx-list":false,"buddyx-col-two":false,"buddyx-col-three":false},"uagb_author_info":{"display_name":"Sascha","author_link":"https:\/\/team.wellvivo.at\/fr\/author\/himmelstuermer\/"},"uagb_comment_info":0,"uagb_excerpt":"Merci beaucoup pour ton paiement. Ta transaction est termin\u00e9e et tu re\u00e7ois une confirmation d&rsquo;achat par e-mail. Connecte-toi \u00e0 ton &hellip; Poursuivre la lecture \"Merci beaucoup\"","_links":{"self":[{"href":"https:\/\/team.wellvivo.at\/fr\/wp-json\/wp\/v2\/pages\/17202","targetHints":{"allow":["GET"]}}],"collection":[{"href":"https:\/\/team.wellvivo.at\/fr\/wp-json\/wp\/v2\/pages"}],"about":[{"href":"https:\/\/team.wellvivo.at\/fr\/wp-json\/wp\/v2\/types\/page"}],"author":[{"embeddable":true,"href":"https:\/\/team.wellvivo.at\/fr\/wp-json\/wp\/v2\/users\/1"}],"replies":[{"embeddable":true,"href":"https:\/\/team.wellvivo.at\/fr\/wp-json\/wp\/v2\/comments?post=17202"}],"version-history":[{"count":2,"href":"https:\/\/team.wellvivo.at\/fr\/wp-json\/wp\/v2\/pages\/17202\/revisions"}],"predecessor-version":[{"id":17212,"href":"https:\/\/team.wellvivo.at\/fr\/wp-json\/wp\/v2\/pages\/17202\/revisions\/17212"}],"wp:attachment":[{"href":"https:\/\/team.wellvivo.at\/fr\/wp-json\/wp\/v2\/media?parent=17202"}],"curies":[{"name":"wp","href":"https:\/\/api.w.org\/{rel}","templated":true}]}}