{"id":17200,"date":"2022-08-09T13:08:17","date_gmt":"2022-08-09T13:08:17","guid":{"rendered":"https:\/\/team.wellvivo.at\/veuillez-completer-le-paiement\/"},"modified":"2024-05-10T10:58:45","modified_gmt":"2024-05-10T10:58:45","slug":"veuillez-completer-le-paiement","status":"publish","type":"page","link":"https:\/\/team.wellvivo.at\/fr\/veuillez-completer-le-paiement\/","title":{"rendered":"Veuillez compl\u00e9ter le paiement"},"content":{"rendered":"\n<h1 class=\"wp-block-heading\">Bienvenue sur la plateforme de formation !<\/h1>\n\n\n\n<div class=\"wp-block-columns is-layout-flex wp-container-core-columns-is-layout-28f84493 wp-block-columns-is-layout-flex\">\n<div class=\"wp-block-column is-layout-flow wp-block-column-is-layout-flow\" style=\"flex-basis:100%\">\n<div class=\"wp-block-columns alignwide is-layout-flex wp-container-core-columns-is-layout-28f84493 wp-block-columns-is-layout-flex\">\n<div class=\"wp-block-column has-text-color has-background has-link-color wp-elements-f20e08fbb564a4ad7a9ed813a0161eed is-layout-flow wp-block-column-is-layout-flow\" style=\"color:#000000;background-color:#ffe97d;padding-top:2em;padding-right:2em;padding-bottom:2em;padding-left:2em\">\n<h2 class=\"wp-block-heading\" id=\"single\" style=\"font-size:40px\">Abonnement mensuel seulement 7,70 \u20ac<\/h2>\n\n\n\n<p class=\"has-normal-font-size\" style=\"line-height:1.5\"><strong>Pour tester la plateforme.<\/strong><\/p>\n\n\n\n<hr class=\"wp-block-separator has-text-color has-css-opacity has-background is-style-wide\" style=\"background-color:#000000;color:#000000\"\/>\n\n\n\n<ul class=\"has-normal-font-size wp-block-list\">\n<li>Acc\u00e8s \u00e0 tous les cours et le\u00e7ons<\/li>\n\n\n\n<li>Tests de ma\u00eetrise de soi<\/li>\n\n\n\n<li>P\u00e9riode d&rsquo;engagement de 6 mois<\/li>\n<\/ul>\n\n\n\n<div style=\"height:20px\" aria-hidden=\"true\" class=\"wp-block-spacer\"><\/div>\n\n\n<div class=\"swpm-payment-button\"><div class=\"swpm-button-wrapper swpm-pp-subscription-wrapper\"><form action=\"https:\/\/www.paypal.com\/cgi-bin\/webscr\" method=\"post\" ><input type=\"hidden\" name=\"cmd\" value=\"_xclick-subscriptions\" \/><input type=\"hidden\" name=\"charset\" value=\"utf-8\" \/><input type=\"hidden\" name=\"bn\" value=\"TipsandTricks_SP\" \/><input type=\"hidden\" name=\"business\" value=\"sascha@poelzl.co.at\" \/><input type=\"hidden\" name=\"currency_code\" value=\"EUR\" \/><input type=\"hidden\" name=\"item_number\" value=\"9204\" \/><input type=\"hidden\" name=\"item_name\" value=\"Monatsabo per Paypal kaufen!\" \/><input type=\"hidden\" name=\"a3\" value=\"7.7\" \/><input type=\"hidden\" name=\"p3\" value=\"1\" \/><input type=\"hidden\" name=\"t3\" value=\"M\" \/><input type=\"hidden\" name=\"sra\" value=\"1\" \/><input type=\"hidden\" name=\"src\" value=\"1\" \/><input type=\"hidden\" name=\"no_shipping\" value=\"1\" \/><input type=\"hidden\" name=\"notify_url\" value=\"https:\/\/team.wellvivo.at\/fr\/\/?swpm_process_ipn=1\" \/><input type=\"hidden\" name=\"return\" value=\"https:\/\/team.wellvivo.at\" \/><input type=\"hidden\" name=\"cancel_return\" value=\"https:\/\/team.wellvivo.at\/fr\/\" \/><input type=\"hidden\" name=\"custom\" value=\"subsc_ref%3D3%26user_ip%3D216.73.216.42\" \/><input type=\"submit\" class=\"swpm-subscription-button-submit\" value=\"Abonnez-vous via PayPal - paiement par carte possible\" \/><\/form><\/div><\/div>\n<\/div>\n\n\n\n<div class=\"wp-block-column has-text-color has-background has-link-color wp-elements-284b2e7269c87b46e3e4232f7e439bf0 is-layout-flow wp-block-column-is-layout-flow\" style=\"color:#000000;background-color:#d1d1e1;padding-top:2em;padding-right:2em;padding-bottom:2em;padding-left:2em\">\n<h2 class=\"wp-block-heading\" id=\"family\" style=\"font-size:40px\">Abonnement annuel seulement 71\u20ac<\/h2>\n\n\n\n<p class=\"has-normal-font-size\" style=\"line-height:1.5\"><strong>Utilisez la plateforme toute l&rsquo;ann\u00e9e.<\/strong><\/p>\n\n\n\n<hr class=\"wp-block-separator has-css-opacity is-style-wide\"\/>\n\n\n\n<ul class=\"has-normal-font-size wp-block-list\">\n<li>Acc\u00e8s \u00e0 tous les cours et le\u00e7ons<\/li>\n\n\n\n<li>Tests de ma\u00eetrise de soi<\/li>\n\n\n\n<li>une ann\u00e9e compl\u00e8te d&rsquo;acc\u00e8s \u00e0 toutes les informations<\/li>\n<\/ul>\n\n\n\n<div style=\"height:20px\" aria-hidden=\"true\" class=\"wp-block-spacer\"><\/div>\n\n\n<div class=\"swpm-payment-button\"><div class=\"swpm-button-wrapper swpm-pp-subscription-wrapper\"><form action=\"https:\/\/www.paypal.com\/cgi-bin\/webscr\" method=\"post\" ><input type=\"hidden\" name=\"cmd\" value=\"_xclick-subscriptions\" \/><input type=\"hidden\" name=\"charset\" value=\"utf-8\" \/><input type=\"hidden\" name=\"bn\" value=\"TipsandTricks_SP\" \/><input type=\"hidden\" name=\"business\" value=\"sascha@poelzl.co.at\" \/><input type=\"hidden\" name=\"currency_code\" value=\"EUR\" \/><input type=\"hidden\" name=\"item_number\" value=\"9205\" \/><input type=\"hidden\" name=\"item_name\" value=\"Jahresabo per Paypal kaufen!\" \/><input type=\"hidden\" name=\"a3\" value=\"71\" \/><input type=\"hidden\" name=\"p3\" value=\"1\" \/><input type=\"hidden\" name=\"t3\" value=\"Y\" \/><input type=\"hidden\" name=\"sra\" value=\"1\" \/><input type=\"hidden\" name=\"src\" value=\"1\" \/><input type=\"hidden\" name=\"no_shipping\" value=\"1\" \/><input type=\"hidden\" name=\"notify_url\" value=\"https:\/\/team.wellvivo.at\/fr\/\/?swpm_process_ipn=1\" \/><input type=\"hidden\" name=\"return\" value=\"https:\/\/team.wellvivo.at\/willkommen-team\/\" \/><input type=\"hidden\" name=\"cancel_return\" value=\"https:\/\/team.wellvivo.at\/fr\/\" \/><input type=\"hidden\" name=\"custom\" value=\"subsc_ref%3D4%26user_ip%3D216.73.216.42\" \/><input type=\"submit\" class=\"swpm-subscription-button-submit\" value=\"Abonnez-vous via PayPal - paiement par carte possible\" \/><\/form><\/div><\/div>\n<\/div>\n<\/div>\n<\/div>\n<\/div>\n\n\n\n<h2 class=\"wp-block-heading\">La c\u00e9l\u00e8bre plateforme de formation est encore plus performante !  <\/h2>\n\n\n\n<ul class=\"wp-block-list\">\n<li>Formation \u00e9tape par \u00e9tape pour toujours savoir quelle est la prochaine activit\u00e9 essentielle.<\/li>\n\n\n\n<li>D&rsquo;innombrables instructions vid\u00e9o pour pouvoir comprendre parfaitement tous les aspects.<\/li>\n\n\n\n<li>Enregistrements de pr\u00e9sentations par des professionnels, qui peuvent \u00eatre envoy\u00e9s aux personnes int\u00e9ress\u00e9es.<\/li>\n\n\n\n<li>G\u00e9n\u00e9rateur de liens qui t&rsquo;envoie tous tes liens par mail pour que tu puisses les partager.<\/li>\n\n\n\n<li>Tableau de dosage pour BalanceOil qui indique non seulement le dosage mais aussi la r\u00e9partition exacte des acides gras.<\/li>\n\n\n\n<li>Comparaison avec la concurrence pour avoir des arguments pr\u00eats \u00e0 tout moment.<\/li>\n\n\n\n<li>Des tests \u00e0 choix multiples pour v\u00e9rifier tes connaissances et t&rsquo;auto-\u00e9valuer.<\/li>\n\n\n\n<li>et bien plus encore &#8230;<\/li>\n<\/ul>\n\n\n\n<p>Et tu peux \u00eatre de la partie d\u00e8s le d\u00e9but &#8211; avec un mod\u00e8le d&rsquo;abonnement \u00e9quitable qui te donne acc\u00e8s \u00e0 toutes les infos, pr\u00e9sentations, vid\u00e9os, comparaison avec la concurrence, tests d&rsquo;auto-\u00e9valuation et bien plus encore !<\/p>\n\n\n\n<p>Ainsi, pour toi et tes futurs partenaires, l&rsquo;entr\u00e9e en mati\u00e8re est facile et presque automatique !  <\/p>\n\n\n\n<h2 class=\"wp-block-heading\">Assure-toi l&rsquo;acc\u00e8s maintenant &#8211; choisis le mod\u00e8le d&rsquo;abonnement, effectue le paiement et commence !<\/h2>\n","protected":false},"excerpt":{"rendered":"<p>Bienvenue sur la plateforme de formation ! Abonnement mensuel seulement 7,70 \u20ac Pour tester la plateforme. Abonnement annuel seulement 71\u20ac &hellip; <a href=\"https:\/\/team.wellvivo.at\/fr\/veuillez-completer-le-paiement\/\" class=\"more-link\">Poursuivre la lecture <span class=\"screen-reader-text\"> \u00ab\u00a0Veuillez compl\u00e9ter le paiement\u00a0\u00bb<\/span><\/a><\/p>\n","protected":false},"author":1,"featured_media":0,"parent":0,"menu_order":0,"comment_status":"closed","ping_status":"closed","template":"","meta":{"_coblocks_attr":"","_coblocks_dimensions":"","_coblocks_responsive_height":"","_coblocks_accordion_ie_support":"","_uag_custom_page_level_css":"","footnotes":""},"class_list":["post-17200","page","type-page","status-publish","hentry"],"uagb_featured_image_src":{"full":false,"thumbnail":false,"medium":false,"medium_large":false,"large":false,"1536x1536":false,"2048x2048":false,"buddyx-featured":false,"buddyx-large":false,"buddyx-list":false,"buddyx-col-two":false,"buddyx-col-three":false},"uagb_author_info":{"display_name":"Sascha","author_link":"https:\/\/team.wellvivo.at\/fr\/author\/himmelstuermer\/"},"uagb_comment_info":0,"uagb_excerpt":"Bienvenue sur la plateforme de formation ! Abonnement mensuel seulement 7,70 \u20ac Pour tester la plateforme. Abonnement annuel seulement 71\u20ac &hellip; Poursuivre la lecture \"Veuillez compl\u00e9ter le paiement\"","_links":{"self":[{"href":"https:\/\/team.wellvivo.at\/fr\/wp-json\/wp\/v2\/pages\/17200","targetHints":{"allow":["GET"]}}],"collection":[{"href":"https:\/\/team.wellvivo.at\/fr\/wp-json\/wp\/v2\/pages"}],"about":[{"href":"https:\/\/team.wellvivo.at\/fr\/wp-json\/wp\/v2\/types\/page"}],"author":[{"embeddable":true,"href":"https:\/\/team.wellvivo.at\/fr\/wp-json\/wp\/v2\/users\/1"}],"replies":[{"embeddable":true,"href":"https:\/\/team.wellvivo.at\/fr\/wp-json\/wp\/v2\/comments?post=17200"}],"version-history":[{"count":4,"href":"https:\/\/team.wellvivo.at\/fr\/wp-json\/wp\/v2\/pages\/17200\/revisions"}],"predecessor-version":[{"id":20298,"href":"https:\/\/team.wellvivo.at\/fr\/wp-json\/wp\/v2\/pages\/17200\/revisions\/20298"}],"wp:attachment":[{"href":"https:\/\/team.wellvivo.at\/fr\/wp-json\/wp\/v2\/media?parent=17200"}],"curies":[{"name":"wp","href":"https:\/\/api.w.org\/{rel}","templated":true}]}}